{"id":1120,"date":"2017-12-22T09:01:31","date_gmt":"2017-12-22T09:01:31","guid":{"rendered":"http:\/\/www.icg.es\/?page_id=1120"},"modified":"2018-02-20T09:50:41","modified_gmt":"2018-02-20T09:50:41","slug":"success-stories","status":"publish","type":"page","link":"https:\/\/www.icg.es\/en\/news\/success-stories\/","title":{"rendered":"Success Stories"},"content":{"rendered":"<section class=\"wpb-content-wrapper\"><p>[vc_row css=&#8221;.vc_custom_1513609441075{padding-top: 4vw !important;padding-bottom: 5vw !important;}&#8221; el_class=&#8221;responsive_row_margin&#8221;][vc_column css=&#8221;.vc_custom_1511170696363{padding-bottom: 2vw !important;}&#8221;]\r\n        <div class=icg_blockTitle>\r\n         \r\n           <div class='black1' align='center'>Success Stories<\/div>\r\n         \r\n        <\/div>[\/vc_column][vc_column width=&#8221;1\/4&#8243;][\/vc_column][vc_column width=&#8221;1\/2&#8243;][vc_column_text]<\/p>\n<h3 class=\"icg_block_ssuccess\" style=\"text-align: center\">Discover how companies around the world successfully transform themselves and achieve their goals thanks to ICG<\/h3>\n<h3 style=\"text-align: center\"><\/h3>\n<p>[\/vc_column_text][\/vc_column][vc_column width=&#8221;1\/4&#8243;][\/vc_column][vc_column][\/vc_column][\/vc_row][vc_row css=&#8221;.vc_custom_1513600151374{background-color: #4b2f12 !important;}&#8221; el_class=&#8221;icg-font-italic&#8221;][vc_column el_class=&#8221;icg-row-two_elements-float-left icg-row-two_elements&#8221;]<div class=\"qodef-elements-holder qodef-two-columns qodef-responsive-mode-768\" ><div class=\"qodef-elements-holder-item qodef-vertical-alignment-middle qodef-horizontal-alignment-left\" >\r\n\t<div class=\"qodef-elements-holder-item-inner\">\r\n\t\t<div class=\"qodef-elements-holder-item-content qodef-elements-holder-custom-199365\" >\r\n\t\t\t\t\t\t[vc_single_image image=&#8221;945&#8243; img_size=&#8221;full&#8221;]\t\t<\/div>\r\n\t<\/div>\r\n<\/div><div class=\"qodef-elements-holder-item qodef-vertical-alignment-middle qodef-horizontal-alignment-left\" >\r\n\t<div class=\"qodef-elements-holder-item-inner\">\r\n\t\t<div class=\"qodef-elements-holder-item-content qodef-elements-holder-custom-340167\" style=\"padding: 0px 5vw 0px 5vw\">\r\n\t\t\t\t\t\t[vc_single_image image=&#8221;939&#8243; img_size=&#8221;medium&#8221; alignment=&#8221;center&#8221; css=&#8221;.vc_custom_1513599492012{padding-bottom: 1vw !important;}&#8221;]\r\n        <div class='icg_blockIntroText'>\r\n                  <p class='icg_blockIntroText white0' align='center'>\u201cWe needed a reliable and stable system but also a global software throughout the world. The answer was found in ICG.\u201d<\/p>\r\n                  \r\n        <\/div>\t\t<\/div>\r\n\t<\/div>\r\n<\/div><\/div>[\/vc_column][\/vc_row][vc_row css=&#8221;.vc_custom_1513600232504{background-color: #2c438e !important;}&#8221; el_class=&#8221;icg-font-italic&#8221;][vc_column el_class=&#8221;icg-row-two_elements-float-right icg-row-two_elements&#8221;]<div class=\"qodef-elements-holder qodef-two-columns qodef-responsive-mode-768\" ><div class=\"qodef-elements-holder-item qodef-vertical-alignment-middle qodef-horizontal-alignment-left\" >\r\n\t<div class=\"qodef-elements-holder-item-inner\">\r\n\t\t<div class=\"qodef-elements-holder-item-content qodef-elements-holder-custom-639613\" >\r\n\t\t\t\t\t\t[vc_single_image image=&#8221;947&#8243; img_size=&#8221;full&#8221;]\t\t<\/div>\r\n\t<\/div>\r\n<\/div><div class=\"qodef-elements-holder-item qodef-vertical-alignment-middle qodef-horizontal-alignment-left\" >\r\n\t<div class=\"qodef-elements-holder-item-inner\">\r\n\t\t<div class=\"qodef-elements-holder-item-content qodef-elements-holder-custom-483939\" style=\"padding: 0px 5vw 0px 5vw\">\r\n\t\t\t\t\t\t[vc_single_image image=&#8221;941&#8243; img_size=&#8221;medium&#8221; alignment=&#8221;center&#8221; css=&#8221;.vc_custom_1513599496372{padding-bottom: 1vw !important;}&#8221;]\r\n        <div class='icg_blockIntroText'>\r\n                  <p class='icg_blockIntroText white0' align='center'>\u201cThe versatility and adaptability of ICG solutions allows us to work in all countries around the world with the same software but with the corresponding national language\u201d<\/p>\r\n                  \r\n        <\/div>\t\t<\/div>\r\n\t<\/div>\r\n<\/div><\/div>[\/vc_column][\/vc_row][vc_row css=&#8221;.vc_custom_1513600240127{background-color: #575858 !important;}&#8221; el_class=&#8221;icg-font-italic&#8221;][vc_column el_class=&#8221;icg-row-two_elements-float-left icg-row-two_elements&#8221;]<div class=\"qodef-elements-holder qodef-two-columns qodef-responsive-mode-768\" ><div class=\"qodef-elements-holder-item qodef-vertical-alignment-middle qodef-horizontal-alignment-left\" >\r\n\t<div class=\"qodef-elements-holder-item-inner\">\r\n\t\t<div class=\"qodef-elements-holder-item-content qodef-elements-holder-custom-684953\" >\r\n\t\t\t\t\t\t[vc_single_image image=&#8221;948&#8243; img_size=&#8221;full&#8221;]\t\t<\/div>\r\n\t<\/div>\r\n<\/div><div class=\"qodef-elements-holder-item qodef-vertical-alignment-middle qodef-horizontal-alignment-left\" >\r\n\t<div class=\"qodef-elements-holder-item-inner\">\r\n\t\t<div class=\"qodef-elements-holder-item-content qodef-elements-holder-custom-931678\" style=\"padding: 0px 5vw 0px 5vw\">\r\n\t\t\t\t\t\t[vc_single_image image=&#8221;942&#8243; img_size=&#8221;medium&#8221; alignment=&#8221;center&#8221; css=&#8221;.vc_custom_1513599501571{padding-bottom: 1vw !important;}&#8221;]\r\n        <div class='icg_blockIntroText'>\r\n                  <p class='icg_blockIntroText white0' align='center'>\u201cOrganize 200 employees serving 770 people simultaneously 365 days a year would be unmanageable if we did not have the best business management tools and employee planning such as ICG\u201d<\/p>\r\n                  \r\n        <\/div>\t\t<\/div>\r\n\t<\/div>\r\n<\/div><\/div>[\/vc_column][\/vc_row][vc_row css=&#8221;.vc_custom_1514375810607{background-color: #da364e !important;}&#8221; el_class=&#8221;icg-font-italic&#8221;][vc_column el_class=&#8221;icg-row-two_elements-float-right icg-row-two_elements&#8221;]<div class=\"qodef-elements-holder qodef-two-columns qodef-responsive-mode-768\" ><div class=\"qodef-elements-holder-item qodef-vertical-alignment-middle qodef-horizontal-alignment-left\" >\r\n\t<div class=\"qodef-elements-holder-item-inner\">\r\n\t\t<div class=\"qodef-elements-holder-item-content qodef-elements-holder-custom-221593\" >\r\n\t\t\t\t\t\t[vc_single_image image=&#8221;1465&#8243; img_size=&#8221;full&#8221;]\t\t<\/div>\r\n\t<\/div>\r\n<\/div><div class=\"qodef-elements-holder-item qodef-vertical-alignment-middle qodef-horizontal-alignment-left\" >\r\n\t<div class=\"qodef-elements-holder-item-inner\">\r\n\t\t<div class=\"qodef-elements-holder-item-content qodef-elements-holder-custom-512002\" style=\"padding: 0px 5vw 0px 5vw\">\r\n\t\t\t\t\t\t[vc_single_image image=&#8221;1466&#8243; img_size=&#8221;medium&#8221; alignment=&#8221;center&#8221; css=&#8221;.vc_custom_1514375069082{padding-bottom: 1vw !important;}&#8221;]\r\n        <div class='icg_blockIntroText'>\r\n                  <p class='icg_blockIntroText white0' align='center'>\u201cWith the ICG software we have a standard solution that evolves with us. It has a very powerful promotion system and offers information on real time to know at any time the evolution of sales and the promotions behavior\u201d.<\/p>\r\n                  \r\n        <\/div>\t\t<\/div>\r\n\t<\/div>\r\n<\/div><\/div>[\/vc_column][\/vc_row][vc_row css=&#8221;.vc_custom_1514375715055{background-color: #e98135 !important;}&#8221; el_class=&#8221;icg-font-italic&#8221;][vc_column el_class=&#8221;icg-row-two_elements-float-left icg-row-two_elements&#8221;]<div class=\"qodef-elements-holder qodef-two-columns qodef-responsive-mode-768\" ><div class=\"qodef-elements-holder-item qodef-vertical-alignment-middle qodef-horizontal-alignment-left\" >\r\n\t<div class=\"qodef-elements-holder-item-inner\">\r\n\t\t<div class=\"qodef-elements-holder-item-content qodef-elements-holder-custom-929042\" >\r\n\t\t\t\t\t\t[vc_single_image image=&#8221;1469&#8243; img_size=&#8221;full&#8221;]\t\t<\/div>\r\n\t<\/div>\r\n<\/div><div class=\"qodef-elements-holder-item qodef-vertical-alignment-middle qodef-horizontal-alignment-left\" >\r\n\t<div class=\"qodef-elements-holder-item-inner\">\r\n\t\t<div class=\"qodef-elements-holder-item-content qodef-elements-holder-custom-494250\" style=\"padding: 0px 5vw 0px 5vw\">\r\n\t\t\t\t\t\t[vc_single_image image=&#8221;1470&#8243; img_size=&#8221;medium&#8221; alignment=&#8221;center&#8221; css=&#8221;.vc_custom_1514375602469{padding-bottom: 1vw !important;}&#8221;]\r\n        <div class='icg_blockIntroText'>\r\n                  <p class='icg_blockIntroText white0' align='center'>\u201cICG solutions allow us to manage the information of all market on real time to facilitate decision-making. It provides us the optimal management at any time\u201d.<\/p>\r\n                  \r\n        <\/div>\t\t<\/div>\r\n\t<\/div>\r\n<\/div><\/div>[\/vc_column][\/vc_row][vc_row css=&#8221;.vc_custom_1514376042008{background-color: #b98450 !important;}&#8221; el_class=&#8221;icg-font-italic&#8221;][vc_column el_class=&#8221;icg-row-two_elements-float-right icg-row-two_elements&#8221;]<div class=\"qodef-elements-holder qodef-two-columns qodef-responsive-mode-768\" ><div class=\"qodef-elements-holder-item qodef-vertical-alignment-middle qodef-horizontal-alignment-left\" >\r\n\t<div class=\"qodef-elements-holder-item-inner\">\r\n\t\t<div class=\"qodef-elements-holder-item-content qodef-elements-holder-custom-158275\" >\r\n\t\t\t\t\t\t[vc_single_image image=&#8221;1477&#8243; img_size=&#8221;full&#8221;]\t\t<\/div>\r\n\t<\/div>\r\n<\/div><div class=\"qodef-elements-holder-item qodef-vertical-alignment-middle qodef-horizontal-alignment-left\" >\r\n\t<div class=\"qodef-elements-holder-item-inner\">\r\n\t\t<div class=\"qodef-elements-holder-item-content qodef-elements-holder-custom-427545\" style=\"padding: 0px 5vw 0px 5vw\">\r\n\t\t\t\t\t\t[vc_single_image image=&#8221;1474&#8243; img_size=&#8221;medium&#8221; alignment=&#8221;center&#8221; css=&#8221;.vc_custom_1514375936940{padding-bottom: 1vw !important;}&#8221;]\r\n        <div class='icg_blockIntroText'>\r\n                  <p class='icg_blockIntroText white0' align='center'>\u201cWe needed to have all our activity as a company in a single software and we also wanted to know the consumption of our customers. The best improvement we have experienced with ICG is that we move information in a more agile way\u201d.<\/p>\r\n                  \r\n        <\/div>\t\t<\/div>\r\n\t<\/div>\r\n<\/div><\/div>[\/vc_column][\/vc_row][vc_row css=&#8221;.vc_custom_1514376413812{background-color: #ce2f33 !important;}&#8221; el_class=&#8221;icg-font-italic&#8221;][vc_column el_class=&#8221;icg-row-two_elements-float-left icg-row-two_elements&#8221;]<div class=\"qodef-elements-holder qodef-two-columns qodef-responsive-mode-768\" ><div class=\"qodef-elements-holder-item qodef-vertical-alignment-middle qodef-horizontal-alignment-left\" >\r\n\t<div class=\"qodef-elements-holder-item-inner\">\r\n\t\t<div class=\"qodef-elements-holder-item-content qodef-elements-holder-custom-490993\" >\r\n\t\t\t\t\t\t[vc_single_image image=&#8221;1480&#8243; img_size=&#8221;full&#8221;]\t\t<\/div>\r\n\t<\/div>\r\n<\/div><div class=\"qodef-elements-holder-item qodef-vertical-alignment-middle qodef-horizontal-alignment-left\" >\r\n\t<div class=\"qodef-elements-holder-item-inner\">\r\n\t\t<div class=\"qodef-elements-holder-item-content qodef-elements-holder-custom-465055\" style=\"padding: 0px 5vw 0px 5vw\">\r\n\t\t\t\t\t\t[vc_single_image image=&#8221;2468&#8243; img_size=&#8221;medium&#8221; alignment=&#8221;center&#8221; css=&#8221;.vc_custom_1519061925055{padding-bottom: 1vw !important;}&#8221;]\r\n        <div class='icg_blockIntroText'>\r\n                  <p class='icg_blockIntroText white0' align='center'>\u201cICG has given us, above all, stability and security. Are proven solutions where you can see the accumulated experience\u201d.<\/p>\r\n                  \r\n        <\/div>\t\t<\/div>\r\n\t<\/div>\r\n<\/div><\/div>[\/vc_column][\/vc_row][vc_row css=&#8221;.vc_custom_1519034127906{background-color: #007d75 !important;}&#8221; el_class=&#8221;icg-font-italic&#8221;][vc_column el_class=&#8221;icg-row-two_elements-float-right icg-row-two_elements&#8221;]<div class=\"qodef-elements-holder qodef-two-columns qodef-responsive-mode-768\" ><div class=\"qodef-elements-holder-item qodef-vertical-alignment-middle qodef-horizontal-alignment-left\" >\r\n\t<div class=\"qodef-elements-holder-item-inner\">\r\n\t\t<div class=\"qodef-elements-holder-item-content qodef-elements-holder-custom-412284\" >\r\n\t\t\t\t\t\t[vc_single_image image=&#8221;2474&#8243; img_size=&#8221;full&#8221;]\t\t<\/div>\r\n\t<\/div>\r\n<\/div><div class=\"qodef-elements-holder-item qodef-vertical-alignment-middle qodef-horizontal-alignment-left\" >\r\n\t<div class=\"qodef-elements-holder-item-inner\">\r\n\t\t<div class=\"qodef-elements-holder-item-content qodef-elements-holder-custom-733230\" style=\"padding: 0px 5vw 0px 5vw\">\r\n\t\t\t\t\t\t[vc_single_image image=&#8221;2471&#8243; img_size=&#8221;medium&#8221; alignment=&#8221;center&#8221; css=&#8221;.vc_custom_1519033548996{padding-bottom: 1vw !important;}&#8221;]\r\n        <div class='icg_blockIntroText'>\r\n                  <p class='icg_blockIntroText white0' align='center'>\u201cWorking in real time and the personalization and easy creation of reports, have been the most important benefits that the ICG Solutions have brought to us\u201c<\/p>\r\n                  \r\n        <\/div>\t\t<\/div>\r\n\t<\/div>\r\n<\/div><\/div>[\/vc_column][\/vc_row][vc_row][vc_column][vc_column_text]<\/p>\n<p>[\/vc_column_text][\/vc_column][\/vc_row]<\/p>\n<\/section>","protected":false},"excerpt":{"rendered":"<p>[vc_row css=&#8221;.vc_custom_1513609441075{padding-top: 4vw !important;padding-bottom: 5vw !important;}&#8221; el_class=&#8221;responsive_row_margin&#8221;][vc_column css=&#8221;.vc_custom_1511170696363{padding-bottom: 2vw !important;}&#8221;][\/vc_column][vc_column width=&#8221;1\/4&#8243;][\/vc_column][vc_column width=&#8221;1\/2&#8243;][vc_column_text] Discover how companies around the world successfully transform themselves and achieve their goals thanks to ICG [\/vc_column_text][\/vc_column][vc_column width=&#8221;1\/4&#8243;][\/vc_column][vc_column][\/vc_column][\/vc_row][vc_row css=&#8221;.vc_custom_1513600151374{background-color: #4b2f12 !important;}&#8221; el_class=&#8221;icg-font-italic&#8221;][vc_column el_class=&#8221;icg-row-two_elements-float-left icg-row-two_elements&#8221;][\/vc_column][\/vc_row][vc_row css=&#8221;.vc_custom_1513600232504{background-color: #2c438e !important;}&#8221; el_class=&#8221;icg-font-italic&#8221;][vc_column el_class=&#8221;icg-row-two_elements-float-right icg-row-two_elements&#8221;][\/vc_column][\/vc_row][vc_row css=&#8221;.vc_custom_1513600240127{background-color: #575858 !important;}&#8221;&#8230;<\/p>\n","protected":false},"author":1,"featured_media":0,"parent":1125,"menu_order":0,"comment_status":"closed","ping_status":"closed","template":"","meta":{"footnotes":""},"categories":[],"tags":[],"class_list":["post-1120","page","type-page","status-publish","hentry"],"yoast_head":"<!-- This site is optimized with the Yoast SEO plugin v25.1 - https:\/\/yoast.com\/wordpress\/plugins\/seo\/ -->\n<title>ICG Software - Hosteler\u00eda | Hoteles | Retail | Gesti\u00f3n empresarial - Success Stories<\/title>\n<meta name=\"description\" content=\"Fabricamos soluciones para la hosteler\u00eda, hotel y retail, desde el software Punto de Venta hasta la gesti\u00f3n centralizada de cadenas y franquicias\" \/>\n<meta name=\"robots\" content=\"index, follow, max-snippet:-1, max-image-preview:large, max-video-preview:-1\" \/>\n<link rel=\"canonical\" href=\"https:\/\/www.icg.es\/en\/news\/success-stories\/\" \/>\n<meta property=\"og:locale\" content=\"en_US\" \/>\n<meta property=\"og:type\" content=\"article\" \/>\n<meta property=\"og:title\" content=\"ICG Software - Hosteler\u00eda | Hoteles | Retail | Gesti\u00f3n empresarial - Success Stories\" \/>\n<meta property=\"og:description\" content=\"Fabricamos soluciones para la hosteler\u00eda, hotel y retail, desde el software Punto de Venta hasta la gesti\u00f3n centralizada de cadenas y franquicias\" \/>\n<meta property=\"og:url\" content=\"https:\/\/www.icg.es\/en\/news\/success-stories\/\" \/>\n<meta property=\"og:site_name\" content=\"ICG Software\" \/>\n<meta property=\"article:publisher\" content=\"https:\/\/www.facebook.com\/GrupoICGSoftware\" \/>\n<meta property=\"article:modified_time\" content=\"2018-02-20T09:50:41+00:00\" \/>\n<meta name=\"twitter:card\" content=\"summary_large_image\" \/>\n<meta name=\"twitter:site\" content=\"@icgsoftwaregrup\" \/>\n<meta name=\"twitter:label1\" content=\"Est. reading time\" \/>\n\t<meta name=\"twitter:data1\" content=\"6 minutes\" \/>\n<script type=\"application\/ld+json\" class=\"yoast-schema-graph\">{\"@context\":\"https:\/\/schema.org\",\"@graph\":[{\"@type\":\"WebPage\",\"@id\":\"https:\/\/www.icg.es\/en\/news\/success-stories\/\",\"url\":\"https:\/\/www.icg.es\/en\/news\/success-stories\/\",\"name\":\"ICG Software - Hosteler\u00eda | Hoteles | Retail | Gesti\u00f3n empresarial - Success Stories\",\"isPartOf\":{\"@id\":\"https:\/\/www.icg.es\/en\/#website\"},\"datePublished\":\"2017-12-22T09:01:31+00:00\",\"dateModified\":\"2018-02-20T09:50:41+00:00\",\"description\":\"Fabricamos soluciones para la hosteler\u00eda, hotel y retail, desde el software Punto de Venta hasta la gesti\u00f3n centralizada de cadenas y franquicias\",\"breadcrumb\":{\"@id\":\"https:\/\/www.icg.es\/en\/news\/success-stories\/#breadcrumb\"},\"inLanguage\":\"en-US\",\"potentialAction\":[{\"@type\":\"ReadAction\",\"target\":[\"https:\/\/www.icg.es\/en\/news\/success-stories\/\"]}]},{\"@type\":\"BreadcrumbList\",\"@id\":\"https:\/\/www.icg.es\/en\/news\/success-stories\/#breadcrumb\",\"itemListElement\":[{\"@type\":\"ListItem\",\"position\":1,\"name\":\"Home\",\"item\":\"https:\/\/www.icg.es\/en\/\"},{\"@type\":\"ListItem\",\"position\":2,\"name\":\"NEWS\",\"item\":\"https:\/\/www.icg.es\/en\/news\/\"},{\"@type\":\"ListItem\",\"position\":3,\"name\":\"Success Stories\"}]},{\"@type\":\"WebSite\",\"@id\":\"https:\/\/www.icg.es\/en\/#website\",\"url\":\"https:\/\/www.icg.es\/en\/\",\"name\":\"ICG Software\",\"description\":\"Hosteler\u00eda | Hoteles | Retail | Gesti\u00f3n empresarial\",\"publisher\":{\"@id\":\"https:\/\/www.icg.es\/en\/#organization\"},\"potentialAction\":[{\"@type\":\"SearchAction\",\"target\":{\"@type\":\"EntryPoint\",\"urlTemplate\":\"https:\/\/www.icg.es\/en\/?s={search_term_string}\"},\"query-input\":{\"@type\":\"PropertyValueSpecification\",\"valueRequired\":true,\"valueName\":\"search_term_string\"}}],\"inLanguage\":\"en-US\"},{\"@type\":\"Organization\",\"@id\":\"https:\/\/www.icg.es\/en\/#organization\",\"name\":\"ICG Software\",\"url\":\"https:\/\/www.icg.es\/en\/\",\"logo\":{\"@type\":\"ImageObject\",\"inLanguage\":\"en-US\",\"@id\":\"https:\/\/www.icg.es\/en\/#\/schema\/logo\/image\/\",\"url\":\"https:\/\/www.icg.es\/wp-content\/uploads\/2020\/01\/Logo-ICG-Software-200x200.png\",\"contentUrl\":\"https:\/\/www.icg.es\/wp-content\/uploads\/2020\/01\/Logo-ICG-Software-200x200.png\",\"width\":200,\"height\":200,\"caption\":\"ICG Software\"},\"image\":{\"@id\":\"https:\/\/www.icg.es\/en\/#\/schema\/logo\/image\/\"},\"sameAs\":[\"https:\/\/www.facebook.com\/GrupoICGSoftware\",\"https:\/\/x.com\/icgsoftwaregrup\",\"https:\/\/es.linkedin.com\/company\/icggroup\",\"https:\/\/es.wikipedia.org\/wiki\/ICG_Software\"]}]}<\/script>\n<!-- \/ Yoast SEO plugin. -->","yoast_head_json":{"title":"ICG Software - Hosteler\u00eda | Hoteles | Retail | Gesti\u00f3n empresarial - Success Stories","description":"Fabricamos soluciones para la hosteler\u00eda, hotel y retail, desde el software Punto de Venta hasta la gesti\u00f3n centralizada de cadenas y franquicias","robots":{"index":"index","follow":"follow","max-snippet":"max-snippet:-1","max-image-preview":"max-image-preview:large","max-video-preview":"max-video-preview:-1"},"canonical":"https:\/\/www.icg.es\/en\/news\/success-stories\/","og_locale":"en_US","og_type":"article","og_title":"ICG Software - Hosteler\u00eda | Hoteles | Retail | Gesti\u00f3n empresarial - Success Stories","og_description":"Fabricamos soluciones para la hosteler\u00eda, hotel y retail, desde el software Punto de Venta hasta la gesti\u00f3n centralizada de cadenas y franquicias","og_url":"https:\/\/www.icg.es\/en\/news\/success-stories\/","og_site_name":"ICG Software","article_publisher":"https:\/\/www.facebook.com\/GrupoICGSoftware","article_modified_time":"2018-02-20T09:50:41+00:00","twitter_card":"summary_large_image","twitter_site":"@icgsoftwaregrup","twitter_misc":{"Est. reading time":"6 minutes"},"schema":{"@context":"https:\/\/schema.org","@graph":[{"@type":"WebPage","@id":"https:\/\/www.icg.es\/en\/news\/success-stories\/","url":"https:\/\/www.icg.es\/en\/news\/success-stories\/","name":"ICG Software - Hosteler\u00eda | Hoteles | Retail | Gesti\u00f3n empresarial - Success Stories","isPartOf":{"@id":"https:\/\/www.icg.es\/en\/#website"},"datePublished":"2017-12-22T09:01:31+00:00","dateModified":"2018-02-20T09:50:41+00:00","description":"Fabricamos soluciones para la hosteler\u00eda, hotel y retail, desde el software Punto de Venta hasta la gesti\u00f3n centralizada de cadenas y franquicias","breadcrumb":{"@id":"https:\/\/www.icg.es\/en\/news\/success-stories\/#breadcrumb"},"inLanguage":"en-US","potentialAction":[{"@type":"ReadAction","target":["https:\/\/www.icg.es\/en\/news\/success-stories\/"]}]},{"@type":"BreadcrumbList","@id":"https:\/\/www.icg.es\/en\/news\/success-stories\/#breadcrumb","itemListElement":[{"@type":"ListItem","position":1,"name":"Home","item":"https:\/\/www.icg.es\/en\/"},{"@type":"ListItem","position":2,"name":"NEWS","item":"https:\/\/www.icg.es\/en\/news\/"},{"@type":"ListItem","position":3,"name":"Success Stories"}]},{"@type":"WebSite","@id":"https:\/\/www.icg.es\/en\/#website","url":"https:\/\/www.icg.es\/en\/","name":"ICG Software","description":"Hosteler\u00eda | Hoteles | Retail | Gesti\u00f3n empresarial","publisher":{"@id":"https:\/\/www.icg.es\/en\/#organization"},"potentialAction":[{"@type":"SearchAction","target":{"@type":"EntryPoint","urlTemplate":"https:\/\/www.icg.es\/en\/?s={search_term_string}"},"query-input":{"@type":"PropertyValueSpecification","valueRequired":true,"valueName":"search_term_string"}}],"inLanguage":"en-US"},{"@type":"Organization","@id":"https:\/\/www.icg.es\/en\/#organization","name":"ICG Software","url":"https:\/\/www.icg.es\/en\/","logo":{"@type":"ImageObject","inLanguage":"en-US","@id":"https:\/\/www.icg.es\/en\/#\/schema\/logo\/image\/","url":"https:\/\/www.icg.es\/wp-content\/uploads\/2020\/01\/Logo-ICG-Software-200x200.png","contentUrl":"https:\/\/www.icg.es\/wp-content\/uploads\/2020\/01\/Logo-ICG-Software-200x200.png","width":200,"height":200,"caption":"ICG Software"},"image":{"@id":"https:\/\/www.icg.es\/en\/#\/schema\/logo\/image\/"},"sameAs":["https:\/\/www.facebook.com\/GrupoICGSoftware","https:\/\/x.com\/icgsoftwaregrup","https:\/\/es.linkedin.com\/company\/icggroup","https:\/\/es.wikipedia.org\/wiki\/ICG_Software"]}]}},"_links":{"self":[{"href":"https:\/\/www.icg.es\/en\/wp-json\/wp\/v2\/pages\/1120","targetHints":{"allow":["GET"]}}],"collection":[{"href":"https:\/\/www.icg.es\/en\/wp-json\/wp\/v2\/pages"}],"about":[{"href":"https:\/\/www.icg.es\/en\/wp-json\/wp\/v2\/types\/page"}],"author":[{"embeddable":true,"href":"https:\/\/www.icg.es\/en\/wp-json\/wp\/v2\/users\/1"}],"replies":[{"embeddable":true,"href":"https:\/\/www.icg.es\/en\/wp-json\/wp\/v2\/comments?post=1120"}],"version-history":[{"count":0,"href":"https:\/\/www.icg.es\/en\/wp-json\/wp\/v2\/pages\/1120\/revisions"}],"up":[{"embeddable":true,"href":"https:\/\/www.icg.es\/en\/wp-json\/wp\/v2\/pages\/1125"}],"wp:attachment":[{"href":"https:\/\/www.icg.es\/en\/wp-json\/wp\/v2\/media?parent=1120"}],"wp:term":[{"taxonomy":"category","embeddable":true,"href":"https:\/\/www.icg.es\/en\/wp-json\/wp\/v2\/categories?post=1120"},{"taxonomy":"post_tag","embeddable":true,"href":"https:\/\/www.icg.es\/en\/wp-json\/wp\/v2\/tags?post=1120"}],"curies":[{"name":"wp","href":"https:\/\/api.w.org\/{rel}","templated":true}]}}