{"id":1122,"date":"2017-12-21T11:56:05","date_gmt":"2017-12-21T11:56:05","guid":{"rendered":"http:\/\/www.icg.es\/?page_id=1122"},"modified":"2020-01-29T09:54:51","modified_gmt":"2020-01-29T09:54:51","slug":"icg-news","status":"publish","type":"page","link":"https:\/\/www.icg.es\/en\/news\/icg-news\/","title":{"rendered":"ICG News"},"content":{"rendered":"<section class=\"wpb-content-wrapper\"><p>[vc_row el_class=&#8221;.icg_row_1100&#8243; css=&#8221;.vc_custom_1513093252878{margin-top: 2.5vw !important;margin-bottom: 2.5vw !important;}&#8221;][vc_column width=&#8221;1\/4&#8243;][vc_single_image image=&#8221;5449&#8243; img_size=&#8221;240&#215;340&#8243; alignment=&#8221;center&#8221; onclick=&#8221;custom_link&#8221; img_link_target=&#8221;_blank&#8221; link=&#8221;https:\/\/www.icg.es\/downloads\/ICGNews\/ICGNews024.pdf&#8221;][vc_column_text css=&#8221;.vc_custom_1579853032935{margin-top: 10px !important;}&#8221;]<\/p>\n<h3 style=\"text-align: center;\">ICGNews N\u00ba 24<\/h3>\n<p>[\/vc_column_text][\/vc_column][vc_column width=&#8221;1\/4&#8243;][vc_single_image image=&#8221;3148&#8243; img_size=&#8221;240&#215;340&#8243; alignment=&#8221;center&#8221; onclick=&#8221;custom_link&#8221; img_link_target=&#8221;_blank&#8221; link=&#8221;https:\/\/www.icg.es\/downloads\/ICGNews\/ICGNews023.pdf&#8221;][vc_column_text css=&#8221;.vc_custom_1548323417763{margin-top: 10px !important;}&#8221;]<\/p>\n<h3 style=\"text-align: center;\">ICG News N\u00ba 23<\/h3>\n<p>[\/vc_column_text][\/vc_column][vc_column width=&#8221;1\/4&#8243;][vc_single_image image=&#8221;726&#8243; img_size=&#8221;240&#215;340&#8243; alignment=&#8221;center&#8221; onclick=&#8221;custom_link&#8221; img_link_target=&#8221;_blank&#8221; link=&#8221;https:\/\/www.icg.es\/downloads\/ICGNews\/ICGNews022.pdf&#8221;][vc_column_text css=&#8221;.vc_custom_1513175724072{margin-top: 10px !important;}&#8221;]<\/p>\n<h3 style=\"text-align: center;\">ICG News N\u00ba 22<\/h3>\n<p>[\/vc_column_text][\/vc_column][vc_column width=&#8221;1\/4&#8243;][vc_single_image image=&#8221;737&#8243; img_size=&#8221;240&#215;340&#8243; alignment=&#8221;center&#8221; onclick=&#8221;custom_link&#8221; img_link_target=&#8221;_blank&#8221; link=&#8221;https:\/\/www.icg.es\/downloads\/ICGNews\/ICGNews021.pdf&#8221;][vc_column_text css=&#8221;.vc_custom_1513175747608{margin-top: 10px !important;}&#8221;]<\/p>\n<h3 style=\"text-align: center;\">ICG News N\u00ba 21<\/h3>\n<p>[\/vc_column_text][\/vc_column][\/vc_row][vc_row el_class=&#8221;.icg_row_1100&#8243; css=&#8221;.vc_custom_1513093252878{margin-top: 2.5vw !important;margin-bottom: 2.5vw !important;}&#8221;][vc_column width=&#8221;1\/4&#8243;][vc_single_image image=&#8221;738&#8243; img_size=&#8221;240&#215;340&#8243; alignment=&#8221;center&#8221; onclick=&#8221;custom_link&#8221; img_link_target=&#8221;_blank&#8221; link=&#8221;https:\/\/www.icg.es\/downloads\/ICGNews\/ICGNews020.pdf&#8221;][vc_column_text css=&#8221;.vc_custom_1513175754743{margin-top: 10px !important;}&#8221;]<\/p>\n<h3 style=\"text-align: center;\">ICG News N\u00ba 20<\/h3>\n<p>[\/vc_column_text][\/vc_column][vc_column width=&#8221;1\/4&#8243;][vc_single_image image=&#8221;740&#8243; img_size=&#8221;240&#215;340&#8243; alignment=&#8221;center&#8221; onclick=&#8221;custom_link&#8221; img_link_target=&#8221;_blank&#8221; link=&#8221;https:\/\/www.icg.es\/downloads\/ICGNews\/ICGNews019.pdf&#8221;][vc_column_text css=&#8221;.vc_custom_1513175763871{margin-top: 10px !important;}&#8221;]<\/p>\n<h3 style=\"text-align: center;\">ICG News N\u00ba 19<\/h3>\n<p>[\/vc_column_text][\/vc_column][vc_column width=&#8221;1\/4&#8243;][vc_single_image image=&#8221;796&#8243; img_size=&#8221;240&#215;340&#8243; alignment=&#8221;center&#8221; onclick=&#8221;custom_link&#8221; img_link_target=&#8221;_blank&#8221; link=&#8221;https:\/\/www.icg.es\/downloads\/ICGNews\/ICGNews018.pdf&#8221;][vc_column_text css=&#8221;.vc_custom_1513175775567{margin-top: 10px !important;}&#8221;]<\/p>\n<h3 style=\"text-align: center;\">ICG News N\u00ba 18<\/h3>\n<p>[\/vc_column_text][\/vc_column][vc_column width=&#8221;1\/4&#8243;][vc_single_image image=&#8221;797&#8243; img_size=&#8221;240&#215;340&#8243; alignment=&#8221;center&#8221; onclick=&#8221;custom_link&#8221; img_link_target=&#8221;_blank&#8221; link=&#8221;https:\/\/www.icg.es\/downloads\/ICGNews\/ICGNews017.pdf&#8221;][vc_column_text css=&#8221;.vc_custom_1513175783503{margin-top: 10px !important;}&#8221;]<\/p>\n<h3 style=\"text-align: center;\">ICG News N\u00ba 17<\/h3>\n<p>[\/vc_column_text][\/vc_column][\/vc_row][vc_row el_class=&#8221;.icg_row_1100&#8243; css=&#8221;.vc_custom_1513093252878{margin-top: 2.5vw !important;margin-bottom: 2.5vw !important;}&#8221;][vc_column width=&#8221;1\/4&#8243;][vc_single_image image=&#8221;798&#8243; img_size=&#8221;240&#215;340&#8243; alignment=&#8221;center&#8221; onclick=&#8221;custom_link&#8221; img_link_target=&#8221;_blank&#8221; link=&#8221;https:\/\/www.icg.es\/downloads\/ICGNews\/ICGNews016.pdf&#8221;][vc_column_text css=&#8221;.vc_custom_1513175791648{margin-top: 10px !important;}&#8221;]<\/p>\n<h3 style=\"text-align: center;\">ICG News N\u00ba 16<\/h3>\n<p>[\/vc_column_text][\/vc_column][vc_column width=&#8221;1\/4&#8243;][vc_single_image image=&#8221;799&#8243; img_size=&#8221;240&#215;340&#8243; alignment=&#8221;center&#8221; onclick=&#8221;custom_link&#8221; img_link_target=&#8221;_blank&#8221; link=&#8221;https:\/\/www.icg.es\/downloads\/ICGNews\/ICGNews015.pdf&#8221;][vc_column_text css=&#8221;.vc_custom_1513175798552{margin-top: 10px !important;}&#8221;]<\/p>\n<h3 style=\"text-align: center;\">ICG News N\u00ba 15<\/h3>\n<p>[\/vc_column_text][\/vc_column][vc_column width=&#8221;1\/4&#8243;][vc_single_image image=&#8221;787&#8243; img_size=&#8221;240&#215;340&#8243; alignment=&#8221;center&#8221; onclick=&#8221;custom_link&#8221; img_link_target=&#8221;_blank&#8221; link=&#8221;https:\/\/www.icg.es\/downloads\/ICGNews\/ICGNews014.pdf&#8221;][vc_column_text css=&#8221;.vc_custom_1513175814729{margin-top: 10px !important;}&#8221;]<\/p>\n<h3 style=\"text-align: center;\">ICG News N\u00ba 14<\/h3>\n<p>[\/vc_column_text][\/vc_column][vc_column width=&#8221;1\/4&#8243;][vc_single_image image=&#8221;788&#8243; img_size=&#8221;240&#215;340&#8243; alignment=&#8221;center&#8221; onclick=&#8221;custom_link&#8221; img_link_target=&#8221;_blank&#8221; link=&#8221;https:\/\/www.icg.es\/downloads\/ICGNews\/ICGNews013.pdf&#8221;][vc_column_text css=&#8221;.vc_custom_1513175821976{margin-top: 10px !important;}&#8221;]<\/p>\n<h3 style=\"text-align: center;\">ICG News N\u00ba 13<\/h3>\n<p>[\/vc_column_text][\/vc_column][\/vc_row][vc_row el_class=&#8221;.icg_row_1100&#8243; css=&#8221;.vc_custom_1513093252878{margin-top: 2.5vw !important;margin-bottom: 2.5vw !important;}&#8221;][vc_column width=&#8221;1\/4&#8243;][vc_single_image image=&#8221;789&#8243; img_size=&#8221;240&#215;340&#8243; alignment=&#8221;center&#8221; onclick=&#8221;custom_link&#8221; img_link_target=&#8221;_blank&#8221; link=&#8221;https:\/\/www.icg.es\/downloads\/ICGNews\/ICGNews012.pdf&#8221;][vc_column_text css=&#8221;.vc_custom_1513175829536{margin-top: 10px !important;}&#8221;]<\/p>\n<h3 style=\"text-align: center;\">ICG News N\u00ba 12<\/h3>\n<p>[\/vc_column_text][\/vc_column][vc_column width=&#8221;1\/4&#8243;][vc_single_image image=&#8221;790&#8243; img_size=&#8221;240&#215;340&#8243; alignment=&#8221;center&#8221; onclick=&#8221;custom_link&#8221; img_link_target=&#8221;_blank&#8221; link=&#8221;https:\/\/www.icg.es\/downloads\/ICGNews\/ICGNews011.pdf&#8221;][vc_column_text css=&#8221;.vc_custom_1513175836488{margin-top: 10px !important;}&#8221;]<\/p>\n<h3 style=\"text-align: center;\">ICG News N\u00ba 11<\/h3>\n<p>[\/vc_column_text][\/vc_column][vc_column width=&#8221;1\/4&#8243;][vc_single_image image=&#8221;791&#8243; img_size=&#8221;240&#215;340&#8243; alignment=&#8221;center&#8221; onclick=&#8221;custom_link&#8221; img_link_target=&#8221;_blank&#8221; link=&#8221;https:\/\/www.icg.es\/downloads\/ICGNews\/ICGNews010.pdf&#8221;][vc_column_text css=&#8221;.vc_custom_1513175844688{margin-top: 10px !important;}&#8221;]<\/p>\n<h3 style=\"text-align: center;\">ICG News N\u00ba 10<\/h3>\n<p>[\/vc_column_text][\/vc_column][vc_column width=&#8221;1\/4&#8243;][vc_single_image image=&#8221;792&#8243; img_size=&#8221;240&#215;340&#8243; alignment=&#8221;center&#8221; onclick=&#8221;custom_link&#8221; img_link_target=&#8221;_blank&#8221; link=&#8221;https:\/\/www.icg.es\/downloads\/ICGNews\/ICGNews009.pdf&#8221;][vc_column_text css=&#8221;.vc_custom_1513175852848{margin-top: 10px !important;}&#8221;]<\/p>\n<h3 style=\"text-align: center;\">ICG News N\u00ba 9<\/h3>\n<p>[\/vc_column_text][\/vc_column][\/vc_row][vc_row el_class=&#8221;.icg_row_1100&#8243; css=&#8221;.vc_custom_1513093252878{margin-top: 2.5vw !important;margin-bottom: 2.5vw !important;}&#8221;][vc_column width=&#8221;1\/4&#8243;][vc_single_image image=&#8221;793&#8243; img_size=&#8221;240&#215;340&#8243; alignment=&#8221;center&#8221; onclick=&#8221;custom_link&#8221; img_link_target=&#8221;_blank&#8221; link=&#8221;https:\/\/www.icg.es\/downloads\/ICGNews\/ICGNews008.pdf&#8221;][vc_column_text css=&#8221;.vc_custom_1513175864336{margin-top: 10px !important;}&#8221;]<\/p>\n<h3 style=\"text-align: center;\">ICG News N\u00ba 8<\/h3>\n<p>[\/vc_column_text][\/vc_column][vc_column width=&#8221;1\/4&#8243;][vc_single_image image=&#8221;794&#8243; img_size=&#8221;240&#215;340&#8243; alignment=&#8221;center&#8221; onclick=&#8221;custom_link&#8221; img_link_target=&#8221;_blank&#8221; link=&#8221;https:\/\/www.icg.es\/downloads\/ICGNews\/ICGNews007.pdf&#8221;][vc_column_text css=&#8221;.vc_custom_1513175882912{margin-top: 10px !important;}&#8221;]<\/p>\n<h3 style=\"text-align: center;\">ICG News N\u00ba 7<\/h3>\n<p>[\/vc_column_text][\/vc_column][vc_column width=&#8221;1\/4&#8243;][vc_single_image image=&#8221;800&#8243; img_size=&#8221;240&#215;340&#8243; alignment=&#8221;center&#8221; onclick=&#8221;custom_link&#8221; img_link_target=&#8221;_blank&#8221; link=&#8221;https:\/\/www.icg.es\/downloads\/ICGNews\/ICGNews006.pdf&#8221;][vc_column_text css=&#8221;.vc_custom_1513175893704{margin-top: 10px !important;}&#8221;]<\/p>\n<h3 style=\"text-align: center;\">ICG News N\u00ba 6<\/h3>\n<p>[\/vc_column_text][\/vc_column][vc_column width=&#8221;1\/4&#8243;][vc_single_image image=&#8221;801&#8243; img_size=&#8221;240&#215;340&#8243; alignment=&#8221;center&#8221; onclick=&#8221;custom_link&#8221; img_link_target=&#8221;_blank&#8221; link=&#8221;https:\/\/www.icg.es\/downloads\/ICGNews\/ICGNews005.pdf&#8221;][vc_column_text css=&#8221;.vc_custom_1513175900192{margin-top: 10px !important;}&#8221;]<\/p>\n<h3 style=\"text-align: center;\">ICG News N\u00ba 5<\/h3>\n<p>[\/vc_column_text][\/vc_column][\/vc_row][vc_row el_class=&#8221;.icg_row_1100&#8243; css=&#8221;.vc_custom_1513093252878{margin-top: 2.5vw !important;margin-bottom: 2.5vw !important;}&#8221;][vc_column width=&#8221;1\/4&#8243;][vc_single_image image=&#8221;802&#8243; img_size=&#8221;240&#215;340&#8243; alignment=&#8221;center&#8221; onclick=&#8221;custom_link&#8221; img_link_target=&#8221;_blank&#8221; link=&#8221;https:\/\/www.icg.es\/downloads\/ICGNews\/ICGNews004.pdf&#8221;][vc_column_text css=&#8221;.vc_custom_1513175907056{margin-top: 10px !important;}&#8221;]<\/p>\n<h3 style=\"text-align: center;\">ICG News N\u00ba 4<\/h3>\n<p>[\/vc_column_text][\/vc_column][vc_column width=&#8221;1\/4&#8243;][vc_single_image image=&#8221;803&#8243; img_size=&#8221;240&#215;340&#8243; alignment=&#8221;center&#8221; onclick=&#8221;custom_link&#8221; img_link_target=&#8221;_blank&#8221; link=&#8221;https:\/\/www.icg.es\/downloads\/ICGNews\/ICGNews003.pdf&#8221;][vc_column_text css=&#8221;.vc_custom_1513175913152{margin-top: 10px !important;}&#8221;]<\/p>\n<h3 style=\"text-align: center;\">ICG News N\u00ba 3<\/h3>\n<p>[\/vc_column_text][\/vc_column][vc_column width=&#8221;1\/4&#8243;][vc_single_image image=&#8221;804&#8243; img_size=&#8221;240&#215;340&#8243; alignment=&#8221;center&#8221; onclick=&#8221;custom_link&#8221; img_link_target=&#8221;_blank&#8221; link=&#8221;https:\/\/www.icg.es\/downloads\/ICGNews\/ICGNews002.pdf&#8221;][vc_column_text css=&#8221;.vc_custom_1513175921423{margin-top: 10px !important;}&#8221;]<\/p>\n<h3 style=\"text-align: center;\">ICG News N\u00ba 2<\/h3>\n<p>[\/vc_column_text][\/vc_column][vc_column width=&#8221;1\/4&#8243;][vc_single_image image=&#8221;805&#8243; img_size=&#8221;240&#215;340&#8243; alignment=&#8221;center&#8221; onclick=&#8221;custom_link&#8221; img_link_target=&#8221;_blank&#8221; link=&#8221;https:\/\/www.icg.es\/downloads\/ICGNews\/ICGNews001.pdf&#8221;][vc_column_text css=&#8221;.vc_custom_1513175928569{margin-top: 10px !important;}&#8221;]<\/p>\n<h3 style=\"text-align: center;\">ICG News N\u00ba 1<\/h3>\n<p>[\/vc_column_text][\/vc_column][\/vc_row]<\/p>\n<\/section>","protected":false},"excerpt":{"rendered":"<p>[vc_row el_class=&#8221;.icg_row_1100&#8243; css=&#8221;.vc_custom_1513093252878{margin-top: 2.5vw !important;margin-bottom: 2.5vw !important;}&#8221;][vc_column width=&#8221;1\/4&#8243;][vc_single_image image=&#8221;5449&#8243; img_size=&#8221;240&#215;340&#8243; alignment=&#8221;center&#8221; onclick=&#8221;custom_link&#8221; img_link_target=&#8221;_blank&#8221; link=&#8221;https:\/\/www.icg.es\/downloads\/ICGNews\/ICGNews024.pdf&#8221;][vc_column_text css=&#8221;.vc_custom_1579853032935{margin-top: 10px !important;}&#8221;] ICGNews N\u00ba 24 [\/vc_column_text][\/vc_column][vc_column width=&#8221;1\/4&#8243;][vc_single_image image=&#8221;3148&#8243; img_size=&#8221;240&#215;340&#8243; alignment=&#8221;center&#8221; onclick=&#8221;custom_link&#8221; img_link_target=&#8221;_blank&#8221; link=&#8221;https:\/\/www.icg.es\/downloads\/ICGNews\/ICGNews023.pdf&#8221;][vc_column_text css=&#8221;.vc_custom_1548323417763{margin-top: 10px !important;}&#8221;] ICG News N\u00ba 23 [\/vc_column_text][\/vc_column][vc_column width=&#8221;1\/4&#8243;][vc_single_image image=&#8221;726&#8243; img_size=&#8221;240&#215;340&#8243; alignment=&#8221;center&#8221; onclick=&#8221;custom_link&#8221; img_link_target=&#8221;_blank&#8221; link=&#8221;https:\/\/www.icg.es\/downloads\/ICGNews\/ICGNews022.pdf&#8221;][vc_column_text css=&#8221;.vc_custom_1513175724072{margin-top: 10px&#8230;<\/p>\n","protected":false},"author":1,"featured_media":0,"parent":1125,"menu_order":0,"comment_status":"closed","ping_status":"closed","template":"","meta":{"footnotes":""},"categories":[],"tags":[],"class_list":["post-1122","page","type-page","status-publish","hentry"],"yoast_head":"<!-- This site is optimized with the Yoast SEO plugin v25.1 - https:\/\/yoast.com\/wordpress\/plugins\/seo\/ -->\n<title>ICG Software - Hosteler\u00eda | Hoteles | Retail | Gesti\u00f3n empresarial - ICG News<\/title>\n<meta name=\"description\" content=\"Fabricamos soluciones para la hosteler\u00eda, hotel y retail, desde el software Punto de Venta hasta la gesti\u00f3n centralizada de cadenas y franquicias\" \/>\n<meta name=\"robots\" content=\"index, follow, max-snippet:-1, max-image-preview:large, max-video-preview:-1\" \/>\n<link rel=\"canonical\" href=\"https:\/\/www.icg.es\/en\/news\/icg-news\/\" \/>\n<meta property=\"og:locale\" content=\"en_US\" \/>\n<meta property=\"og:type\" content=\"article\" \/>\n<meta property=\"og:title\" content=\"ICG Software - Hosteler\u00eda | Hoteles | Retail | Gesti\u00f3n empresarial - ICG News\" \/>\n<meta property=\"og:description\" content=\"Fabricamos soluciones para la hosteler\u00eda, hotel y retail, desde el software Punto de Venta hasta la gesti\u00f3n centralizada de cadenas y franquicias\" \/>\n<meta property=\"og:url\" content=\"https:\/\/www.icg.es\/en\/news\/icg-news\/\" \/>\n<meta property=\"og:site_name\" content=\"ICG Software\" \/>\n<meta property=\"article:publisher\" content=\"https:\/\/www.facebook.com\/GrupoICGSoftware\" \/>\n<meta property=\"article:modified_time\" content=\"2020-01-29T09:54:51+00:00\" \/>\n<meta name=\"twitter:card\" content=\"summary_large_image\" \/>\n<meta name=\"twitter:site\" content=\"@icgsoftwaregrup\" \/>\n<meta name=\"twitter:label1\" content=\"Est. reading time\" \/>\n\t<meta name=\"twitter:data1\" content=\"6 minutes\" \/>\n<script type=\"application\/ld+json\" class=\"yoast-schema-graph\">{\"@context\":\"https:\/\/schema.org\",\"@graph\":[{\"@type\":\"WebPage\",\"@id\":\"https:\/\/www.icg.es\/en\/news\/icg-news\/\",\"url\":\"https:\/\/www.icg.es\/en\/news\/icg-news\/\",\"name\":\"ICG Software - Hosteler\u00eda | Hoteles | Retail | Gesti\u00f3n empresarial - ICG News\",\"isPartOf\":{\"@id\":\"https:\/\/www.icg.es\/en\/#website\"},\"datePublished\":\"2017-12-21T11:56:05+00:00\",\"dateModified\":\"2020-01-29T09:54:51+00:00\",\"description\":\"Fabricamos soluciones para la hosteler\u00eda, hotel y retail, desde el software Punto de Venta hasta la gesti\u00f3n centralizada de cadenas y franquicias\",\"breadcrumb\":{\"@id\":\"https:\/\/www.icg.es\/en\/news\/icg-news\/#breadcrumb\"},\"inLanguage\":\"en-US\",\"potentialAction\":[{\"@type\":\"ReadAction\",\"target\":[\"https:\/\/www.icg.es\/en\/news\/icg-news\/\"]}]},{\"@type\":\"BreadcrumbList\",\"@id\":\"https:\/\/www.icg.es\/en\/news\/icg-news\/#breadcrumb\",\"itemListElement\":[{\"@type\":\"ListItem\",\"position\":1,\"name\":\"Home\",\"item\":\"https:\/\/www.icg.es\/en\/\"},{\"@type\":\"ListItem\",\"position\":2,\"name\":\"NEWS\",\"item\":\"https:\/\/www.icg.es\/en\/news\/\"},{\"@type\":\"ListItem\",\"position\":3,\"name\":\"ICG News\"}]},{\"@type\":\"WebSite\",\"@id\":\"https:\/\/www.icg.es\/en\/#website\",\"url\":\"https:\/\/www.icg.es\/en\/\",\"name\":\"ICG Software\",\"description\":\"Hosteler\u00eda | Hoteles | Retail | Gesti\u00f3n empresarial\",\"publisher\":{\"@id\":\"https:\/\/www.icg.es\/en\/#organization\"},\"potentialAction\":[{\"@type\":\"SearchAction\",\"target\":{\"@type\":\"EntryPoint\",\"urlTemplate\":\"https:\/\/www.icg.es\/en\/?s={search_term_string}\"},\"query-input\":{\"@type\":\"PropertyValueSpecification\",\"valueRequired\":true,\"valueName\":\"search_term_string\"}}],\"inLanguage\":\"en-US\"},{\"@type\":\"Organization\",\"@id\":\"https:\/\/www.icg.es\/en\/#organization\",\"name\":\"ICG Software\",\"url\":\"https:\/\/www.icg.es\/en\/\",\"logo\":{\"@type\":\"ImageObject\",\"inLanguage\":\"en-US\",\"@id\":\"https:\/\/www.icg.es\/en\/#\/schema\/logo\/image\/\",\"url\":\"https:\/\/www.icg.es\/wp-content\/uploads\/2020\/01\/Logo-ICG-Software-200x200.png\",\"contentUrl\":\"https:\/\/www.icg.es\/wp-content\/uploads\/2020\/01\/Logo-ICG-Software-200x200.png\",\"width\":200,\"height\":200,\"caption\":\"ICG Software\"},\"image\":{\"@id\":\"https:\/\/www.icg.es\/en\/#\/schema\/logo\/image\/\"},\"sameAs\":[\"https:\/\/www.facebook.com\/GrupoICGSoftware\",\"https:\/\/x.com\/icgsoftwaregrup\",\"https:\/\/es.linkedin.com\/company\/icggroup\",\"https:\/\/es.wikipedia.org\/wiki\/ICG_Software\"]}]}<\/script>\n<!-- \/ Yoast SEO plugin. -->","yoast_head_json":{"title":"ICG Software - Hosteler\u00eda | Hoteles | Retail | Gesti\u00f3n empresarial - ICG News","description":"Fabricamos soluciones para la hosteler\u00eda, hotel y retail, desde el software Punto de Venta hasta la gesti\u00f3n centralizada de cadenas y franquicias","robots":{"index":"index","follow":"follow","max-snippet":"max-snippet:-1","max-image-preview":"max-image-preview:large","max-video-preview":"max-video-preview:-1"},"canonical":"https:\/\/www.icg.es\/en\/news\/icg-news\/","og_locale":"en_US","og_type":"article","og_title":"ICG Software - Hosteler\u00eda | Hoteles | Retail | Gesti\u00f3n empresarial - ICG News","og_description":"Fabricamos soluciones para la hosteler\u00eda, hotel y retail, desde el software Punto de Venta hasta la gesti\u00f3n centralizada de cadenas y franquicias","og_url":"https:\/\/www.icg.es\/en\/news\/icg-news\/","og_site_name":"ICG Software","article_publisher":"https:\/\/www.facebook.com\/GrupoICGSoftware","article_modified_time":"2020-01-29T09:54:51+00:00","twitter_card":"summary_large_image","twitter_site":"@icgsoftwaregrup","twitter_misc":{"Est. reading time":"6 minutes"},"schema":{"@context":"https:\/\/schema.org","@graph":[{"@type":"WebPage","@id":"https:\/\/www.icg.es\/en\/news\/icg-news\/","url":"https:\/\/www.icg.es\/en\/news\/icg-news\/","name":"ICG Software - Hosteler\u00eda | Hoteles | Retail | Gesti\u00f3n empresarial - ICG News","isPartOf":{"@id":"https:\/\/www.icg.es\/en\/#website"},"datePublished":"2017-12-21T11:56:05+00:00","dateModified":"2020-01-29T09:54:51+00:00","description":"Fabricamos soluciones para la hosteler\u00eda, hotel y retail, desde el software Punto de Venta hasta la gesti\u00f3n centralizada de cadenas y franquicias","breadcrumb":{"@id":"https:\/\/www.icg.es\/en\/news\/icg-news\/#breadcrumb"},"inLanguage":"en-US","potentialAction":[{"@type":"ReadAction","target":["https:\/\/www.icg.es\/en\/news\/icg-news\/"]}]},{"@type":"BreadcrumbList","@id":"https:\/\/www.icg.es\/en\/news\/icg-news\/#breadcrumb","itemListElement":[{"@type":"ListItem","position":1,"name":"Home","item":"https:\/\/www.icg.es\/en\/"},{"@type":"ListItem","position":2,"name":"NEWS","item":"https:\/\/www.icg.es\/en\/news\/"},{"@type":"ListItem","position":3,"name":"ICG News"}]},{"@type":"WebSite","@id":"https:\/\/www.icg.es\/en\/#website","url":"https:\/\/www.icg.es\/en\/","name":"ICG Software","description":"Hosteler\u00eda | Hoteles | Retail | Gesti\u00f3n empresarial","publisher":{"@id":"https:\/\/www.icg.es\/en\/#organization"},"potentialAction":[{"@type":"SearchAction","target":{"@type":"EntryPoint","urlTemplate":"https:\/\/www.icg.es\/en\/?s={search_term_string}"},"query-input":{"@type":"PropertyValueSpecification","valueRequired":true,"valueName":"search_term_string"}}],"inLanguage":"en-US"},{"@type":"Organization","@id":"https:\/\/www.icg.es\/en\/#organization","name":"ICG Software","url":"https:\/\/www.icg.es\/en\/","logo":{"@type":"ImageObject","inLanguage":"en-US","@id":"https:\/\/www.icg.es\/en\/#\/schema\/logo\/image\/","url":"https:\/\/www.icg.es\/wp-content\/uploads\/2020\/01\/Logo-ICG-Software-200x200.png","contentUrl":"https:\/\/www.icg.es\/wp-content\/uploads\/2020\/01\/Logo-ICG-Software-200x200.png","width":200,"height":200,"caption":"ICG Software"},"image":{"@id":"https:\/\/www.icg.es\/en\/#\/schema\/logo\/image\/"},"sameAs":["https:\/\/www.facebook.com\/GrupoICGSoftware","https:\/\/x.com\/icgsoftwaregrup","https:\/\/es.linkedin.com\/company\/icggroup","https:\/\/es.wikipedia.org\/wiki\/ICG_Software"]}]}},"_links":{"self":[{"href":"https:\/\/www.icg.es\/en\/wp-json\/wp\/v2\/pages\/1122","targetHints":{"allow":["GET"]}}],"collection":[{"href":"https:\/\/www.icg.es\/en\/wp-json\/wp\/v2\/pages"}],"about":[{"href":"https:\/\/www.icg.es\/en\/wp-json\/wp\/v2\/types\/page"}],"author":[{"embeddable":true,"href":"https:\/\/www.icg.es\/en\/wp-json\/wp\/v2\/users\/1"}],"replies":[{"embeddable":true,"href":"https:\/\/www.icg.es\/en\/wp-json\/wp\/v2\/comments?post=1122"}],"version-history":[{"count":0,"href":"https:\/\/www.icg.es\/en\/wp-json\/wp\/v2\/pages\/1122\/revisions"}],"up":[{"embeddable":true,"href":"https:\/\/www.icg.es\/en\/wp-json\/wp\/v2\/pages\/1125"}],"wp:attachment":[{"href":"https:\/\/www.icg.es\/en\/wp-json\/wp\/v2\/media?parent=1122"}],"wp:term":[{"taxonomy":"category","embeddable":true,"href":"https:\/\/www.icg.es\/en\/wp-json\/wp\/v2\/categories?post=1122"},{"taxonomy":"post_tag","embeddable":true,"href":"https:\/\/www.icg.es\/en\/wp-json\/wp\/v2\/tags?post=1122"}],"curies":[{"name":"wp","href":"https:\/\/api.w.org\/{rel}","templated":true}]}}