{"id":1127,"date":"2017-12-27T16:44:52","date_gmt":"2017-12-27T16:44:52","guid":{"rendered":"http:\/\/www.icg.es\/?page_id=1127"},"modified":"2020-01-31T16:04:22","modified_gmt":"2020-01-31T16:04:22","slug":"news","status":"publish","type":"page","link":"https:\/\/www.icg.es\/en\/news\/news\/","title":{"rendered":"News"},"content":{"rendered":"","protected":false},"excerpt":{"rendered":"","protected":false},"author":1,"featured_media":0,"parent":1125,"menu_order":0,"comment_status":"closed","ping_status":"closed","template":"blog-masonry.php","meta":{"footnotes":""},"categories":[],"tags":[],"class_list":["post-1127","page","type-page","status-publish","hentry"],"yoast_head":"<!-- This site is optimized with the Yoast SEO plugin v25.1 - https:\/\/yoast.com\/wordpress\/plugins\/seo\/ -->\n<title>ICG Software - Hosteler\u00eda | Hoteles | Retail | Gesti\u00f3n empresarial - News<\/title>\n<meta name=\"description\" content=\"Fabricamos soluciones para la hosteler\u00eda, hotel y retail, desde el software Punto de Venta hasta la gesti\u00f3n centralizada de cadenas y franquicias\" \/>\n<meta name=\"robots\" content=\"index, follow, max-snippet:-1, max-image-preview:large, max-video-preview:-1\" \/>\n<link rel=\"canonical\" href=\"https:\/\/www.icg.es\/en\/news\/news\/\" \/>\n<meta property=\"og:locale\" content=\"en_US\" \/>\n<meta property=\"og:type\" content=\"article\" \/>\n<meta property=\"og:title\" content=\"ICG Software - Hosteler\u00eda | Hoteles | Retail | Gesti\u00f3n empresarial - News\" \/>\n<meta property=\"og:description\" content=\"Fabricamos soluciones para la hosteler\u00eda, hotel y retail, desde el software Punto de Venta hasta la gesti\u00f3n centralizada de cadenas y franquicias\" \/>\n<meta property=\"og:url\" content=\"https:\/\/www.icg.es\/en\/news\/news\/\" \/>\n<meta property=\"og:site_name\" content=\"ICG Software\" \/>\n<meta property=\"article:publisher\" content=\"https:\/\/www.facebook.com\/GrupoICGSoftware\" \/>\n<meta property=\"article:modified_time\" content=\"2020-01-31T16:04:22+00:00\" \/>\n<meta name=\"twitter:card\" content=\"summary_large_image\" \/>\n<meta name=\"twitter:site\" content=\"@icgsoftwaregrup\" \/>\n<script type=\"application\/ld+json\" class=\"yoast-schema-graph\">{\"@context\":\"https:\/\/schema.org\",\"@graph\":[{\"@type\":\"WebPage\",\"@id\":\"https:\/\/www.icg.es\/en\/news\/news\/\",\"url\":\"https:\/\/www.icg.es\/en\/news\/news\/\",\"name\":\"ICG Software - Hosteler\u00eda | Hoteles | Retail | Gesti\u00f3n empresarial - News\",\"isPartOf\":{\"@id\":\"https:\/\/www.icg.es\/en\/#website\"},\"datePublished\":\"2017-12-27T16:44:52+00:00\",\"dateModified\":\"2020-01-31T16:04:22+00:00\",\"description\":\"Fabricamos soluciones para la hosteler\u00eda, hotel y retail, desde el software Punto de Venta hasta la gesti\u00f3n centralizada de cadenas y franquicias\",\"breadcrumb\":{\"@id\":\"https:\/\/www.icg.es\/en\/news\/news\/#breadcrumb\"},\"inLanguage\":\"en-US\",\"potentialAction\":[{\"@type\":\"ReadAction\",\"target\":[\"https:\/\/www.icg.es\/en\/news\/news\/\"]}]},{\"@type\":\"BreadcrumbList\",\"@id\":\"https:\/\/www.icg.es\/en\/news\/news\/#breadcrumb\",\"itemListElement\":[{\"@type\":\"ListItem\",\"position\":1,\"name\":\"Home\",\"item\":\"https:\/\/www.icg.es\/en\/\"},{\"@type\":\"ListItem\",\"position\":2,\"name\":\"NEWS\",\"item\":\"https:\/\/www.icg.es\/en\/news\/\"},{\"@type\":\"ListItem\",\"position\":3,\"name\":\"News\"}]},{\"@type\":\"WebSite\",\"@id\":\"https:\/\/www.icg.es\/en\/#website\",\"url\":\"https:\/\/www.icg.es\/en\/\",\"name\":\"ICG Software\",\"description\":\"Hosteler\u00eda | Hoteles | Retail | Gesti\u00f3n empresarial\",\"publisher\":{\"@id\":\"https:\/\/www.icg.es\/en\/#organization\"},\"potentialAction\":[{\"@type\":\"SearchAction\",\"target\":{\"@type\":\"EntryPoint\",\"urlTemplate\":\"https:\/\/www.icg.es\/en\/?s={search_term_string}\"},\"query-input\":{\"@type\":\"PropertyValueSpecification\",\"valueRequired\":true,\"valueName\":\"search_term_string\"}}],\"inLanguage\":\"en-US\"},{\"@type\":\"Organization\",\"@id\":\"https:\/\/www.icg.es\/en\/#organization\",\"name\":\"ICG Software\",\"url\":\"https:\/\/www.icg.es\/en\/\",\"logo\":{\"@type\":\"ImageObject\",\"inLanguage\":\"en-US\",\"@id\":\"https:\/\/www.icg.es\/en\/#\/schema\/logo\/image\/\",\"url\":\"https:\/\/www.icg.es\/wp-content\/uploads\/2020\/01\/Logo-ICG-Software-200x200.png\",\"contentUrl\":\"https:\/\/www.icg.es\/wp-content\/uploads\/2020\/01\/Logo-ICG-Software-200x200.png\",\"width\":200,\"height\":200,\"caption\":\"ICG Software\"},\"image\":{\"@id\":\"https:\/\/www.icg.es\/en\/#\/schema\/logo\/image\/\"},\"sameAs\":[\"https:\/\/www.facebook.com\/GrupoICGSoftware\",\"https:\/\/x.com\/icgsoftwaregrup\",\"https:\/\/es.linkedin.com\/company\/icggroup\",\"https:\/\/es.wikipedia.org\/wiki\/ICG_Software\"]}]}<\/script>\n<!-- \/ Yoast SEO plugin. -->","yoast_head_json":{"title":"ICG Software - Hosteler\u00eda | Hoteles | Retail | Gesti\u00f3n empresarial - News","description":"Fabricamos soluciones para la hosteler\u00eda, hotel y retail, desde el software Punto de Venta hasta la gesti\u00f3n centralizada de cadenas y franquicias","robots":{"index":"index","follow":"follow","max-snippet":"max-snippet:-1","max-image-preview":"max-image-preview:large","max-video-preview":"max-video-preview:-1"},"canonical":"https:\/\/www.icg.es\/en\/news\/news\/","og_locale":"en_US","og_type":"article","og_title":"ICG Software - Hosteler\u00eda | Hoteles | Retail | Gesti\u00f3n empresarial - News","og_description":"Fabricamos soluciones para la hosteler\u00eda, hotel y retail, desde el software Punto de Venta hasta la gesti\u00f3n centralizada de cadenas y franquicias","og_url":"https:\/\/www.icg.es\/en\/news\/news\/","og_site_name":"ICG Software","article_publisher":"https:\/\/www.facebook.com\/GrupoICGSoftware","article_modified_time":"2020-01-31T16:04:22+00:00","twitter_card":"summary_large_image","twitter_site":"@icgsoftwaregrup","schema":{"@context":"https:\/\/schema.org","@graph":[{"@type":"WebPage","@id":"https:\/\/www.icg.es\/en\/news\/news\/","url":"https:\/\/www.icg.es\/en\/news\/news\/","name":"ICG Software - Hosteler\u00eda | Hoteles | Retail | Gesti\u00f3n empresarial - News","isPartOf":{"@id":"https:\/\/www.icg.es\/en\/#website"},"datePublished":"2017-12-27T16:44:52+00:00","dateModified":"2020-01-31T16:04:22+00:00","description":"Fabricamos soluciones para la hosteler\u00eda, hotel y retail, desde el software Punto de Venta hasta la gesti\u00f3n centralizada de cadenas y franquicias","breadcrumb":{"@id":"https:\/\/www.icg.es\/en\/news\/news\/#breadcrumb"},"inLanguage":"en-US","potentialAction":[{"@type":"ReadAction","target":["https:\/\/www.icg.es\/en\/news\/news\/"]}]},{"@type":"BreadcrumbList","@id":"https:\/\/www.icg.es\/en\/news\/news\/#breadcrumb","itemListElement":[{"@type":"ListItem","position":1,"name":"Home","item":"https:\/\/www.icg.es\/en\/"},{"@type":"ListItem","position":2,"name":"NEWS","item":"https:\/\/www.icg.es\/en\/news\/"},{"@type":"ListItem","position":3,"name":"News"}]},{"@type":"WebSite","@id":"https:\/\/www.icg.es\/en\/#website","url":"https:\/\/www.icg.es\/en\/","name":"ICG Software","description":"Hosteler\u00eda | Hoteles | Retail | Gesti\u00f3n empresarial","publisher":{"@id":"https:\/\/www.icg.es\/en\/#organization"},"potentialAction":[{"@type":"SearchAction","target":{"@type":"EntryPoint","urlTemplate":"https:\/\/www.icg.es\/en\/?s={search_term_string}"},"query-input":{"@type":"PropertyValueSpecification","valueRequired":true,"valueName":"search_term_string"}}],"inLanguage":"en-US"},{"@type":"Organization","@id":"https:\/\/www.icg.es\/en\/#organization","name":"ICG Software","url":"https:\/\/www.icg.es\/en\/","logo":{"@type":"ImageObject","inLanguage":"en-US","@id":"https:\/\/www.icg.es\/en\/#\/schema\/logo\/image\/","url":"https:\/\/www.icg.es\/wp-content\/uploads\/2020\/01\/Logo-ICG-Software-200x200.png","contentUrl":"https:\/\/www.icg.es\/wp-content\/uploads\/2020\/01\/Logo-ICG-Software-200x200.png","width":200,"height":200,"caption":"ICG Software"},"image":{"@id":"https:\/\/www.icg.es\/en\/#\/schema\/logo\/image\/"},"sameAs":["https:\/\/www.facebook.com\/GrupoICGSoftware","https:\/\/x.com\/icgsoftwaregrup","https:\/\/es.linkedin.com\/company\/icggroup","https:\/\/es.wikipedia.org\/wiki\/ICG_Software"]}]}},"_links":{"self":[{"href":"https:\/\/www.icg.es\/en\/wp-json\/wp\/v2\/pages\/1127","targetHints":{"allow":["GET"]}}],"collection":[{"href":"https:\/\/www.icg.es\/en\/wp-json\/wp\/v2\/pages"}],"about":[{"href":"https:\/\/www.icg.es\/en\/wp-json\/wp\/v2\/types\/page"}],"author":[{"embeddable":true,"href":"https:\/\/www.icg.es\/en\/wp-json\/wp\/v2\/users\/1"}],"replies":[{"embeddable":true,"href":"https:\/\/www.icg.es\/en\/wp-json\/wp\/v2\/comments?post=1127"}],"version-history":[{"count":0,"href":"https:\/\/www.icg.es\/en\/wp-json\/wp\/v2\/pages\/1127\/revisions"}],"up":[{"embeddable":true,"href":"https:\/\/www.icg.es\/en\/wp-json\/wp\/v2\/pages\/1125"}],"wp:attachment":[{"href":"https:\/\/www.icg.es\/en\/wp-json\/wp\/v2\/media?parent=1127"}],"wp:term":[{"taxonomy":"category","embeddable":true,"href":"https:\/\/www.icg.es\/en\/wp-json\/wp\/v2\/categories?post=1127"},{"taxonomy":"post_tag","embeddable":true,"href":"https:\/\/www.icg.es\/en\/wp-json\/wp\/v2\/tags?post=1127"}],"curies":[{"name":"wp","href":"https:\/\/api.w.org\/{rel}","templated":true}]}}