{"id":1135,"date":"2019-09-18T15:02:05","date_gmt":"2019-09-18T15:02:05","guid":{"rendered":"http:\/\/www.icg.es\/?page_id=1135"},"modified":"2019-09-18T15:02:05","modified_gmt":"2019-09-18T15:02:05","slug":"sitemap","status":"publish","type":"page","link":"https:\/\/www.icg.es\/en\/sitemap\/","title":{"rendered":"Sitemap"},"content":{"rendered":"<section class=\"wpb-content-wrapper\"><p>[vc_row css=&#8221;.vc_custom_1513185405596{margin-top: 2.5vw !important;margin-bottom: 2.5vw !important;}&#8221;][vc_column width=&#8221;1\/4&#8243;][\/vc_column][vc_column width=&#8221;1\/2&#8243;]\r\n        <div class=icg_blockTitle>\r\n         \r\n           <div class='black1' align='center'>Sitemap<\/div>\r\n         \r\n        <\/div>[vc_column_text]<\/p>\n<ul class=\"icg-sitemap icg_blockSubTitle black1\">\n<li><a href=\"https:\/\/www.icg.es\/en\/\">Home<\/a><\/li>\n<li>Solutions\n<ul class=\"icg_blockSubTitle_mod2\">\n<li>Hospitality\n<ul class=\"icg_blockText\">\n<li><a href=\"https:\/\/www.icg.es\/en\/solutions\/hospitality\/restaurants\/\">Restaurants<\/a><\/li>\n<li><a href=\"https:\/\/www.icg.es\/en\/solutions\/hospitality\/fast-food\/\">FastFood<\/a><\/li>\n<li><a href=\"https:\/\/www.icg.es\/en\/solutions\/hospitality\/pizzerias\/\">Pizzerias<\/a><\/li>\n<li><a href=\"https:\/\/www.icg.es\/en\/solutions\/hospitality\/catering-and-communities\/\">Catering and communities<\/a><\/li>\n<\/ul>\n<\/li>\n<li>Retail\n<ul class=\"icg_blockText\">\n<li><a href=\"https:\/\/www.icg.es\/en\/solutions\/retail\/boutiques\/\">Boutiques<\/a><\/li>\n<li><a href=\"https:\/\/www.icg.es\/en\/solutions\/retail\/perfume-stores\/\">Perfume Stores<\/a><\/li>\n<li><a href=\"https:\/\/www.icg.es\/en\/solutions\/retail\/supermarkets\/\">Supermarkets<\/a><\/li>\n<li><a href=\"https:\/\/www.icg.es\/en\/solutions\/retail\/shoe-stores\/\">Shoe Stores<\/a><\/li>\n<\/ul>\n<\/li>\n<li><a href=\"https:\/\/www.icg.es\/en\/solutions\/hotel\/\">Hotel<\/a><\/li>\n<li><a href=\"https:\/\/www.icg.es\/en\/solutions\/business-management\/\">Business Management<\/a><\/li>\n<li><a href=\"http:\/\/www.hiopos.com\/en\/\">Cloud<\/a><\/li>\n<\/ul>\n<\/li>\n<li>Products\n<ul class=\"icg_blockSubTitle_mod2\">\n<li><a href=\"https:\/\/www.icg.es\/en\/products\/software\/\">Software ICG<\/a><\/li>\n<li><a href=\"https:\/\/www.icg.es\/en\/products\/hardware\/pos\/\">ICG POS<\/a><\/li>\n<li><a href=\"https:\/\/www.icg.es\/en\/products\/hardware\/printers\/\">ICG Thermal printers<\/a><\/li>\n<\/ul>\n<\/li>\n<li>Enterprise\n<ul class=\"icg_blockSubTitle_mod2\">\n<li><a href=\"https:\/\/www.icg.es\/en\/business\/icg-group\/\">ICG Group<\/a><\/li>\n<li><a href=\"https:\/\/www.icg.es\/en\/news\/news\/\">News<\/a><\/li>\n<li><a href=\"https:\/\/www.icg.es\/en\/news\/success-stories\/\">Success Stories<\/a><\/li>\n<li><a href=\"https:\/\/www.icg.es\/en\/news\/icg-news\/\">ICG News<\/a><\/li>\n<li><a href=\"http:\/\/www.icgfundacion.com\/en\/\">ICG Foundation<\/a><\/li>\n<\/ul>\n<\/li>\n<li>Client Area\n<ul class=\"icg_blockSubTitle_mod2\">\n<li><a href=\"http:\/\/key.icg.es\/\">Licenses<\/a><\/li>\n<li>Remote Support\n<ul class=\"icg_blockText\">\n<li>Remote Support 1<\/li>\n<li>Remote Support 2<\/li>\n<li>Remote Support 3<\/li>\n<li>Remote Support 4<\/li>\n<li>Remote Support 5<\/li>\n<li>Remote Support 6<\/li>\n<li>Remote Support 7<\/li>\n<li>Remote Support 8<\/li>\n<\/ul>\n<\/li>\n<li><a href=\"http:\/\/cloudlicense.icg.eu\/auth\/#\/login?customer=10383\">My invoice<\/a><\/li>\n<li><a href=\"http:\/\/garantias.icg.es\/\">SAT<\/a><\/li>\n<li>Graphic Material\n<ul class=\"icg_blockText\">\n<li><a href=\"https:\/\/www.icg.es\/en\/graphic-material\/installations\/\">Installations<\/a><\/li>\n<li><a href=\"https:\/\/www.icg.es\/en\/graphic-material\/president\/\">President<\/a><\/li>\n<li><a href=\"https:\/\/www.icg.es\/en\/graphic-material\/icg-software-logo\/\">ICG Software ICG<\/a><\/li>\n<li><a href=\"&quot;https:\/\/www.icg.es\/material-grafico\/logo-icg-software\/\">Logos<\/a><\/li>\n<li><a href=\"https:\/\/www.icg.es\/en\/graphic-material\/products\/\">Products<\/a><\/li>\n<\/ul>\n<\/li>\n<\/ul>\n<\/li>\n<\/ul>\n<ul class=\"icg-sitemap icg_blockSubTitle black1\">\n<li><a href=\"https:\/\/www.icg.es\/en\/contact\/\">Contact<\/a><\/li>\n<\/ul>\n<p>[\/vc_column_text][\/vc_column][vc_column width=&#8221;1\/4&#8243;][\/vc_column][\/vc_row][vc_row][vc_column][vc_column_text]<\/p>\n<p>[\/vc_column_text][\/vc_column][\/vc_row]<\/p>\n<\/section>","protected":false},"excerpt":{"rendered":"<p>[vc_row css=&#8221;.vc_custom_1513185405596{margin-top: 2.5vw !important;margin-bottom: 2.5vw !important;}&#8221;][vc_column width=&#8221;1\/4&#8243;][\/vc_column][vc_column width=&#8221;1\/2&#8243;][vc_column_text] Home Solutions Hospitality Restaurants FastFood Pizzerias Catering and communities Retail Boutiques Perfume Stores Supermarkets Shoe Stores Hotel Business Management Cloud Products Software ICG ICG POS ICG Thermal printers Enterprise ICG Group News Success Stories ICG News ICG&#8230;<\/p>\n","protected":false},"author":1,"featured_media":0,"parent":0,"menu_order":0,"comment_status":"closed","ping_status":"closed","template":"","meta":{"footnotes":""},"categories":[],"tags":[],"class_list":["post-1135","page","type-page","status-publish","hentry"],"yoast_head":"<!-- This site is optimized with the Yoast SEO plugin v25.1 - https:\/\/yoast.com\/wordpress\/plugins\/seo\/ -->\n<title>ICG Software - Hosteler\u00eda | Hoteles | Retail | Gesti\u00f3n empresarial - Sitemap<\/title>\n<meta name=\"description\" content=\"Fabricamos soluciones para la hosteler\u00eda, hotel y retail, desde el software Punto de Venta hasta la gesti\u00f3n centralizada de cadenas y franquicias\" \/>\n<meta name=\"robots\" content=\"index, follow, max-snippet:-1, max-image-preview:large, max-video-preview:-1\" \/>\n<link rel=\"canonical\" href=\"https:\/\/www.icg.es\/en\/sitemap\/\" \/>\n<meta property=\"og:locale\" content=\"en_US\" \/>\n<meta property=\"og:type\" content=\"article\" \/>\n<meta property=\"og:title\" content=\"ICG Software - Hosteler\u00eda | Hoteles | Retail | Gesti\u00f3n empresarial - Sitemap\" \/>\n<meta property=\"og:description\" content=\"Fabricamos soluciones para la hosteler\u00eda, hotel y retail, desde el software Punto de Venta hasta la gesti\u00f3n centralizada de cadenas y franquicias\" \/>\n<meta property=\"og:url\" content=\"https:\/\/www.icg.es\/en\/sitemap\/\" \/>\n<meta property=\"og:site_name\" content=\"ICG Software\" \/>\n<meta property=\"article:publisher\" content=\"https:\/\/www.facebook.com\/GrupoICGSoftware\" \/>\n<meta name=\"twitter:card\" content=\"summary_large_image\" \/>\n<meta name=\"twitter:site\" content=\"@icgsoftwaregrup\" \/>\n<meta name=\"twitter:label1\" content=\"Est. reading time\" \/>\n\t<meta name=\"twitter:data1\" content=\"1 minute\" \/>\n<script type=\"application\/ld+json\" class=\"yoast-schema-graph\">{\"@context\":\"https:\/\/schema.org\",\"@graph\":[{\"@type\":\"WebPage\",\"@id\":\"https:\/\/www.icg.es\/en\/sitemap\/\",\"url\":\"https:\/\/www.icg.es\/en\/sitemap\/\",\"name\":\"ICG Software - Hosteler\u00eda | Hoteles | Retail | Gesti\u00f3n empresarial - Sitemap\",\"isPartOf\":{\"@id\":\"https:\/\/www.icg.es\/en\/#website\"},\"datePublished\":\"2019-09-18T15:02:05+00:00\",\"description\":\"Fabricamos soluciones para la hosteler\u00eda, hotel y retail, desde el software Punto de Venta hasta la gesti\u00f3n centralizada de cadenas y franquicias\",\"breadcrumb\":{\"@id\":\"https:\/\/www.icg.es\/en\/sitemap\/#breadcrumb\"},\"inLanguage\":\"en-US\",\"potentialAction\":[{\"@type\":\"ReadAction\",\"target\":[\"https:\/\/www.icg.es\/en\/sitemap\/\"]}]},{\"@type\":\"BreadcrumbList\",\"@id\":\"https:\/\/www.icg.es\/en\/sitemap\/#breadcrumb\",\"itemListElement\":[{\"@type\":\"ListItem\",\"position\":1,\"name\":\"Home\",\"item\":\"https:\/\/www.icg.es\/en\/\"},{\"@type\":\"ListItem\",\"position\":2,\"name\":\"Sitemap\"}]},{\"@type\":\"WebSite\",\"@id\":\"https:\/\/www.icg.es\/en\/#website\",\"url\":\"https:\/\/www.icg.es\/en\/\",\"name\":\"ICG Software\",\"description\":\"Hosteler\u00eda | Hoteles | Retail | Gesti\u00f3n empresarial\",\"publisher\":{\"@id\":\"https:\/\/www.icg.es\/en\/#organization\"},\"potentialAction\":[{\"@type\":\"SearchAction\",\"target\":{\"@type\":\"EntryPoint\",\"urlTemplate\":\"https:\/\/www.icg.es\/en\/?s={search_term_string}\"},\"query-input\":{\"@type\":\"PropertyValueSpecification\",\"valueRequired\":true,\"valueName\":\"search_term_string\"}}],\"inLanguage\":\"en-US\"},{\"@type\":\"Organization\",\"@id\":\"https:\/\/www.icg.es\/en\/#organization\",\"name\":\"ICG Software\",\"url\":\"https:\/\/www.icg.es\/en\/\",\"logo\":{\"@type\":\"ImageObject\",\"inLanguage\":\"en-US\",\"@id\":\"https:\/\/www.icg.es\/en\/#\/schema\/logo\/image\/\",\"url\":\"https:\/\/www.icg.es\/wp-content\/uploads\/2020\/01\/Logo-ICG-Software-200x200.png\",\"contentUrl\":\"https:\/\/www.icg.es\/wp-content\/uploads\/2020\/01\/Logo-ICG-Software-200x200.png\",\"width\":200,\"height\":200,\"caption\":\"ICG Software\"},\"image\":{\"@id\":\"https:\/\/www.icg.es\/en\/#\/schema\/logo\/image\/\"},\"sameAs\":[\"https:\/\/www.facebook.com\/GrupoICGSoftware\",\"https:\/\/x.com\/icgsoftwaregrup\",\"https:\/\/es.linkedin.com\/company\/icggroup\",\"https:\/\/es.wikipedia.org\/wiki\/ICG_Software\"]}]}<\/script>\n<!-- \/ Yoast SEO plugin. -->","yoast_head_json":{"title":"ICG Software - Hosteler\u00eda | Hoteles | Retail | Gesti\u00f3n empresarial - Sitemap","description":"Fabricamos soluciones para la hosteler\u00eda, hotel y retail, desde el software Punto de Venta hasta la gesti\u00f3n centralizada de cadenas y franquicias","robots":{"index":"index","follow":"follow","max-snippet":"max-snippet:-1","max-image-preview":"max-image-preview:large","max-video-preview":"max-video-preview:-1"},"canonical":"https:\/\/www.icg.es\/en\/sitemap\/","og_locale":"en_US","og_type":"article","og_title":"ICG Software - Hosteler\u00eda | Hoteles | Retail | Gesti\u00f3n empresarial - Sitemap","og_description":"Fabricamos soluciones para la hosteler\u00eda, hotel y retail, desde el software Punto de Venta hasta la gesti\u00f3n centralizada de cadenas y franquicias","og_url":"https:\/\/www.icg.es\/en\/sitemap\/","og_site_name":"ICG Software","article_publisher":"https:\/\/www.facebook.com\/GrupoICGSoftware","twitter_card":"summary_large_image","twitter_site":"@icgsoftwaregrup","twitter_misc":{"Est. reading time":"1 minute"},"schema":{"@context":"https:\/\/schema.org","@graph":[{"@type":"WebPage","@id":"https:\/\/www.icg.es\/en\/sitemap\/","url":"https:\/\/www.icg.es\/en\/sitemap\/","name":"ICG Software - Hosteler\u00eda | Hoteles | Retail | Gesti\u00f3n empresarial - Sitemap","isPartOf":{"@id":"https:\/\/www.icg.es\/en\/#website"},"datePublished":"2019-09-18T15:02:05+00:00","description":"Fabricamos soluciones para la hosteler\u00eda, hotel y retail, desde el software Punto de Venta hasta la gesti\u00f3n centralizada de cadenas y franquicias","breadcrumb":{"@id":"https:\/\/www.icg.es\/en\/sitemap\/#breadcrumb"},"inLanguage":"en-US","potentialAction":[{"@type":"ReadAction","target":["https:\/\/www.icg.es\/en\/sitemap\/"]}]},{"@type":"BreadcrumbList","@id":"https:\/\/www.icg.es\/en\/sitemap\/#breadcrumb","itemListElement":[{"@type":"ListItem","position":1,"name":"Home","item":"https:\/\/www.icg.es\/en\/"},{"@type":"ListItem","position":2,"name":"Sitemap"}]},{"@type":"WebSite","@id":"https:\/\/www.icg.es\/en\/#website","url":"https:\/\/www.icg.es\/en\/","name":"ICG Software","description":"Hosteler\u00eda | Hoteles | Retail | Gesti\u00f3n empresarial","publisher":{"@id":"https:\/\/www.icg.es\/en\/#organization"},"potentialAction":[{"@type":"SearchAction","target":{"@type":"EntryPoint","urlTemplate":"https:\/\/www.icg.es\/en\/?s={search_term_string}"},"query-input":{"@type":"PropertyValueSpecification","valueRequired":true,"valueName":"search_term_string"}}],"inLanguage":"en-US"},{"@type":"Organization","@id":"https:\/\/www.icg.es\/en\/#organization","name":"ICG Software","url":"https:\/\/www.icg.es\/en\/","logo":{"@type":"ImageObject","inLanguage":"en-US","@id":"https:\/\/www.icg.es\/en\/#\/schema\/logo\/image\/","url":"https:\/\/www.icg.es\/wp-content\/uploads\/2020\/01\/Logo-ICG-Software-200x200.png","contentUrl":"https:\/\/www.icg.es\/wp-content\/uploads\/2020\/01\/Logo-ICG-Software-200x200.png","width":200,"height":200,"caption":"ICG Software"},"image":{"@id":"https:\/\/www.icg.es\/en\/#\/schema\/logo\/image\/"},"sameAs":["https:\/\/www.facebook.com\/GrupoICGSoftware","https:\/\/x.com\/icgsoftwaregrup","https:\/\/es.linkedin.com\/company\/icggroup","https:\/\/es.wikipedia.org\/wiki\/ICG_Software"]}]}},"_links":{"self":[{"href":"https:\/\/www.icg.es\/en\/wp-json\/wp\/v2\/pages\/1135","targetHints":{"allow":["GET"]}}],"collection":[{"href":"https:\/\/www.icg.es\/en\/wp-json\/wp\/v2\/pages"}],"about":[{"href":"https:\/\/www.icg.es\/en\/wp-json\/wp\/v2\/types\/page"}],"author":[{"embeddable":true,"href":"https:\/\/www.icg.es\/en\/wp-json\/wp\/v2\/users\/1"}],"replies":[{"embeddable":true,"href":"https:\/\/www.icg.es\/en\/wp-json\/wp\/v2\/comments?post=1135"}],"version-history":[{"count":0,"href":"https:\/\/www.icg.es\/en\/wp-json\/wp\/v2\/pages\/1135\/revisions"}],"wp:attachment":[{"href":"https:\/\/www.icg.es\/en\/wp-json\/wp\/v2\/media?parent=1135"}],"wp:term":[{"taxonomy":"category","embeddable":true,"href":"https:\/\/www.icg.es\/en\/wp-json\/wp\/v2\/categories?post=1135"},{"taxonomy":"post_tag","embeddable":true,"href":"https:\/\/www.icg.es\/en\/wp-json\/wp\/v2\/tags?post=1135"}],"curies":[{"name":"wp","href":"https:\/\/api.w.org\/{rel}","templated":true}]}}