{"id":16771,"date":"2024-04-05T09:25:58","date_gmt":"2024-04-05T09:25:58","guid":{"rendered":"https:\/\/www.icg.es\/?page_id=16771"},"modified":"2024-04-05T09:31:09","modified_gmt":"2024-04-05T09:31:09","slug":"legal-disclaimer","status":"publish","type":"page","link":"https:\/\/www.icg.es\/en\/legal-disclaimer\/","title":{"rendered":"Legal disclaimer"},"content":{"rendered":"<section class=\"wpb-content-wrapper\"><p>[vc_row css=&#8221;.vc_custom_1513184803347{margin-top: 2.5vw !important;margin-bottom: 2.5vw !important;}&#8221;][vc_column width=&#8221;1\/4&#8243;][\/vc_column][vc_column width=&#8221;1\/2&#8243;]\r\n        <div class=icg_blockTitle>\r\n         \r\n           <div class='black1' align='center'>Legal disclaimer<\/div>\r\n         \r\n        <\/div>[vc_empty_space height=&#8221;52px&#8221;][vc_column_text css=&#8221;.vc_custom_1712309467077{margin-top: 10px !important;}&#8221;]<\/p>\n<h3>RESPONSIBLE FOR THE PERSONAL DATA FILE<\/h3>\n<p>&nbsp;<\/p>\n<p><strong>Entity name:<\/strong> INICIATIVES DE COMUNICACIONS GEMINIS S.L.<br \/>\n<strong>NIF:<\/strong> B-25291204(ICG)<br \/>\n<strong>Commercial Registry registration data:<\/strong> Registro Mercantil de Lleida, Tomo 142, Folio 15, Hoja L-2624 e Inscripci\u00f3n 1\u00aa.(ICG)<br \/>\n<strong>Address of the entity:<\/strong> C. Mestral, s\/n, Pol\u00edgono Industrial de Torrefarrera, 25123 Torrefarrera-Lleida (Espa\u00f1a)<br \/>\n<strong>Phone:<\/strong> +34 973 751 533<br \/>\n<strong>Contact Email:<\/strong> comercial@icg.es<\/p>\n<hr \/>\n<p>&nbsp;<\/p>\n<h3>Terms and conditions<\/h3>\n<p>&nbsp;<\/p>\n<p>Any right not expressly granted here is reserved.<\/p>\n<p>&nbsp;<\/p>\n<p>Reproduction, transmission, distribution or storage of the content in whole or in part in any format is prohibited without the prior written permission of <b>ICG<\/b>, except in accordance with the following terms.<\/p>\n<p>&nbsp;<\/p>\n<p><b>ICG<\/b> authorizes you to visit <b>ICG<\/b> web pages on your computer or mobile device or to print copies of extracts from such pages solely for your personal use and not for distribution, unless you have the written permission of <b>ICG<\/b>. Each of the documents included in our web pages may be subject to additional terms indicated in said document.<\/p>\n<p>&nbsp;<\/p>\n<p>The use of this website and its content is permitted for private, non-commercial use.<\/p>\n<p>&nbsp;<\/p>\n<p><b>ICG<\/b> is the owner of all rights to the technical material published on this website (including, without limitation, documents, videos&#8230;). The distribution of the content published therein is prohibited.<\/p>\n<p>&nbsp;<\/p>\n<p>This material is for exclusive use by SATS Officials and authorized Distributors. Detection of unauthorized use by you of the content published on our website may lead to the initiation of legal action against you.<\/p>\n<p>&nbsp;<\/p>\n<p>If you detect any type of improper or unauthorized use of the content published on our website, please inform us via email to: comercial@icg.es<\/p>\n<p>&nbsp;<\/p>\n<p><b>ICG<\/b> does not guarantee that its websites will be uninterrupted or error-free. <b>ICG<\/b> reserves the right to revise the pages or withdraw access to them at any time.<\/p>\n<p>&nbsp;<\/p>\n<p>No warranty, express or implied, is made regarding the availability, accuracy, reliability or content of these pages. <b>ICG<\/b> will not be liable for any direct, indirect, incidental, quantifiable or consequential damages, lost profits or business interruption, arising from the use or inability to use the website, even if <b>ICG<\/b> has been notified of the possibility of such damages. .<\/p>\n<p>&nbsp;<\/p>\n<p>For easier user access, <b>ICG<\/b> may include links to other Internet sites owned or operated by third parties. By accessing such websites you accept that <b>ICG<\/b> has no control over the content of said site.<\/p>\n<p>&nbsp;<\/p>\n<p>In the event that the linked activity or information may be illegal or may harm the property or rights of a third party, we will be informed of this circumstance so that <b>ICG<\/b> can act with due diligence to delete or disable the link.&lt;\/ p&gt;<\/p>\n<p>In addition, links to non-<b>ICG<\/b> websites do not imply that <b>ICG<\/b> endorses the site, products, services, activities or statements referred to on said website.<\/p>\n<p>&nbsp;<\/p>\n<p>If you send material to any of our servers by email or through the <b>ICG<\/b> websites, you must comply with the following observations:<\/p>\n<p>&nbsp;<\/p>\n<p>\u2192 The material will not contain any element that is illegal or inappropriate for publication for other reasons.<\/p>\n<p>&nbsp;<\/p>\n<p>\u2192 You will use reasonable efforts to detect and remove any viruses or other contaminating or destructive elements before submitting any material.<\/p>\n<p>&nbsp;<\/p>\n<p>\u2192 You will only send material that is your property, or on which you. has the right to dispose of it. With shipping, you. You agree that <b>ICG<\/b> may publish the material for free and\/or incorporate the material or any concepts described in it into our products without any liability on the part of <b>ICG<\/b>.<\/p>\n<p>&nbsp;<\/p>\n<p>\u2192 You agree not to take any legal action against <b>ICG<\/b> in relation to the material you have sent us and you agree to indemnify us in the event that third parties take legal action against us in relation to the material you have sent us, as a result of the failure to comply with the previous provisions.<\/p>\n<p>&nbsp;<\/p>\n<p><b>ICG<\/b> is a registered trademark of <b>ICG<\/b> SL. <b>ICG<\/b> product names are product brands or registered trademarks of <b>ICG<\/b>, SL. Other product and company names mentioned herein may be product trademarks or trade names of their respective owners. Your access to this Website shall not be construed as granting by implication, estoppel or otherwise, any permission or right to use any marks displayed on this Website without the prior written permission of <b>ICG<\/b> or the party owning said brands.[\/vc_column_text][\/vc_column][vc_column width=&#8221;1\/4&#8243;][\/vc_column][\/vc_row]<\/p>\n<\/section>","protected":false},"excerpt":{"rendered":"<p>[vc_row css=&#8221;.vc_custom_1513184803347{margin-top: 2.5vw !important;margin-bottom: 2.5vw !important;}&#8221;][vc_column width=&#8221;1\/4&#8243;][\/vc_column][vc_column width=&#8221;1\/2&#8243;][vc_empty_space height=&#8221;52px&#8221;][vc_column_text css=&#8221;.vc_custom_1712309467077{margin-top: 10px !important;}&#8221;] RESPONSIBLE FOR THE PERSONAL DATA FILE &nbsp; Entity name: INICIATIVES DE COMUNICACIONS GEMINIS S.L. NIF: B-25291204(ICG) Commercial Registry registration data: Registro Mercantil de Lleida, Tomo 142, Folio 15, Hoja L-2624 e Inscripci\u00f3n 1\u00aa.(ICG)&#8230;<\/p>\n","protected":false},"author":1,"featured_media":0,"parent":0,"menu_order":0,"comment_status":"closed","ping_status":"closed","template":"","meta":{"footnotes":""},"categories":[],"tags":[],"class_list":["post-16771","page","type-page","status-publish","hentry"],"yoast_head":"<!-- This site is optimized with the Yoast SEO plugin v25.1 - https:\/\/yoast.com\/wordpress\/plugins\/seo\/ -->\n<title>ICG Software - Hosteler\u00eda | Hoteles | Retail | Gesti\u00f3n empresarial - Legal disclaimer<\/title>\n<meta name=\"description\" content=\"Fabricamos soluciones para la hosteler\u00eda, hotel y retail, desde el software Punto de Venta hasta la gesti\u00f3n centralizada de cadenas y franquicias\" \/>\n<meta name=\"robots\" content=\"index, follow, max-snippet:-1, max-image-preview:large, max-video-preview:-1\" \/>\n<link rel=\"canonical\" href=\"https:\/\/www.icg.es\/en\/legal-disclaimer\/\" \/>\n<meta property=\"og:locale\" content=\"en_US\" \/>\n<meta property=\"og:type\" content=\"article\" \/>\n<meta property=\"og:title\" content=\"ICG Software - Hosteler\u00eda | Hoteles | Retail | Gesti\u00f3n empresarial - Legal disclaimer\" \/>\n<meta property=\"og:description\" content=\"Fabricamos soluciones para la hosteler\u00eda, hotel y retail, desde el software Punto de Venta hasta la gesti\u00f3n centralizada de cadenas y franquicias\" \/>\n<meta property=\"og:url\" content=\"https:\/\/www.icg.es\/en\/legal-disclaimer\/\" \/>\n<meta property=\"og:site_name\" content=\"ICG Software\" \/>\n<meta property=\"article:publisher\" content=\"https:\/\/www.facebook.com\/GrupoICGSoftware\" \/>\n<meta property=\"article:modified_time\" content=\"2024-04-05T09:31:09+00:00\" \/>\n<meta name=\"twitter:card\" content=\"summary_large_image\" \/>\n<meta name=\"twitter:site\" content=\"@icgsoftwaregrup\" \/>\n<meta name=\"twitter:label1\" content=\"Est. reading time\" \/>\n\t<meta name=\"twitter:data1\" content=\"4 minutes\" \/>\n<script type=\"application\/ld+json\" class=\"yoast-schema-graph\">{\"@context\":\"https:\/\/schema.org\",\"@graph\":[{\"@type\":\"WebPage\",\"@id\":\"https:\/\/www.icg.es\/en\/legal-disclaimer\/\",\"url\":\"https:\/\/www.icg.es\/en\/legal-disclaimer\/\",\"name\":\"ICG Software - Hosteler\u00eda | Hoteles | Retail | Gesti\u00f3n empresarial - Legal disclaimer\",\"isPartOf\":{\"@id\":\"https:\/\/www.icg.es\/en\/#website\"},\"datePublished\":\"2024-04-05T09:25:58+00:00\",\"dateModified\":\"2024-04-05T09:31:09+00:00\",\"description\":\"Fabricamos soluciones para la hosteler\u00eda, hotel y retail, desde el software Punto de Venta hasta la gesti\u00f3n centralizada de cadenas y franquicias\",\"breadcrumb\":{\"@id\":\"https:\/\/www.icg.es\/en\/legal-disclaimer\/#breadcrumb\"},\"inLanguage\":\"en-US\",\"potentialAction\":[{\"@type\":\"ReadAction\",\"target\":[\"https:\/\/www.icg.es\/en\/legal-disclaimer\/\"]}]},{\"@type\":\"BreadcrumbList\",\"@id\":\"https:\/\/www.icg.es\/en\/legal-disclaimer\/#breadcrumb\",\"itemListElement\":[{\"@type\":\"ListItem\",\"position\":1,\"name\":\"Home\",\"item\":\"https:\/\/www.icg.es\/en\/\"},{\"@type\":\"ListItem\",\"position\":2,\"name\":\"Legal disclaimer\"}]},{\"@type\":\"WebSite\",\"@id\":\"https:\/\/www.icg.es\/en\/#website\",\"url\":\"https:\/\/www.icg.es\/en\/\",\"name\":\"ICG Software\",\"description\":\"Hosteler\u00eda | Hoteles | Retail | Gesti\u00f3n empresarial\",\"publisher\":{\"@id\":\"https:\/\/www.icg.es\/en\/#organization\"},\"potentialAction\":[{\"@type\":\"SearchAction\",\"target\":{\"@type\":\"EntryPoint\",\"urlTemplate\":\"https:\/\/www.icg.es\/en\/?s={search_term_string}\"},\"query-input\":{\"@type\":\"PropertyValueSpecification\",\"valueRequired\":true,\"valueName\":\"search_term_string\"}}],\"inLanguage\":\"en-US\"},{\"@type\":\"Organization\",\"@id\":\"https:\/\/www.icg.es\/en\/#organization\",\"name\":\"ICG Software\",\"url\":\"https:\/\/www.icg.es\/en\/\",\"logo\":{\"@type\":\"ImageObject\",\"inLanguage\":\"en-US\",\"@id\":\"https:\/\/www.icg.es\/en\/#\/schema\/logo\/image\/\",\"url\":\"https:\/\/www.icg.es\/wp-content\/uploads\/2020\/01\/Logo-ICG-Software-200x200.png\",\"contentUrl\":\"https:\/\/www.icg.es\/wp-content\/uploads\/2020\/01\/Logo-ICG-Software-200x200.png\",\"width\":200,\"height\":200,\"caption\":\"ICG Software\"},\"image\":{\"@id\":\"https:\/\/www.icg.es\/en\/#\/schema\/logo\/image\/\"},\"sameAs\":[\"https:\/\/www.facebook.com\/GrupoICGSoftware\",\"https:\/\/x.com\/icgsoftwaregrup\",\"https:\/\/es.linkedin.com\/company\/icggroup\",\"https:\/\/es.wikipedia.org\/wiki\/ICG_Software\"]}]}<\/script>\n<!-- \/ Yoast SEO plugin. -->","yoast_head_json":{"title":"ICG Software - Hosteler\u00eda | Hoteles | Retail | Gesti\u00f3n empresarial - Legal disclaimer","description":"Fabricamos soluciones para la hosteler\u00eda, hotel y retail, desde el software Punto de Venta hasta la gesti\u00f3n centralizada de cadenas y franquicias","robots":{"index":"index","follow":"follow","max-snippet":"max-snippet:-1","max-image-preview":"max-image-preview:large","max-video-preview":"max-video-preview:-1"},"canonical":"https:\/\/www.icg.es\/en\/legal-disclaimer\/","og_locale":"en_US","og_type":"article","og_title":"ICG Software - Hosteler\u00eda | Hoteles | Retail | Gesti\u00f3n empresarial - Legal disclaimer","og_description":"Fabricamos soluciones para la hosteler\u00eda, hotel y retail, desde el software Punto de Venta hasta la gesti\u00f3n centralizada de cadenas y franquicias","og_url":"https:\/\/www.icg.es\/en\/legal-disclaimer\/","og_site_name":"ICG Software","article_publisher":"https:\/\/www.facebook.com\/GrupoICGSoftware","article_modified_time":"2024-04-05T09:31:09+00:00","twitter_card":"summary_large_image","twitter_site":"@icgsoftwaregrup","twitter_misc":{"Est. reading time":"4 minutes"},"schema":{"@context":"https:\/\/schema.org","@graph":[{"@type":"WebPage","@id":"https:\/\/www.icg.es\/en\/legal-disclaimer\/","url":"https:\/\/www.icg.es\/en\/legal-disclaimer\/","name":"ICG Software - Hosteler\u00eda | Hoteles | Retail | Gesti\u00f3n empresarial - Legal disclaimer","isPartOf":{"@id":"https:\/\/www.icg.es\/en\/#website"},"datePublished":"2024-04-05T09:25:58+00:00","dateModified":"2024-04-05T09:31:09+00:00","description":"Fabricamos soluciones para la hosteler\u00eda, hotel y retail, desde el software Punto de Venta hasta la gesti\u00f3n centralizada de cadenas y franquicias","breadcrumb":{"@id":"https:\/\/www.icg.es\/en\/legal-disclaimer\/#breadcrumb"},"inLanguage":"en-US","potentialAction":[{"@type":"ReadAction","target":["https:\/\/www.icg.es\/en\/legal-disclaimer\/"]}]},{"@type":"BreadcrumbList","@id":"https:\/\/www.icg.es\/en\/legal-disclaimer\/#breadcrumb","itemListElement":[{"@type":"ListItem","position":1,"name":"Home","item":"https:\/\/www.icg.es\/en\/"},{"@type":"ListItem","position":2,"name":"Legal disclaimer"}]},{"@type":"WebSite","@id":"https:\/\/www.icg.es\/en\/#website","url":"https:\/\/www.icg.es\/en\/","name":"ICG Software","description":"Hosteler\u00eda | Hoteles | Retail | Gesti\u00f3n empresarial","publisher":{"@id":"https:\/\/www.icg.es\/en\/#organization"},"potentialAction":[{"@type":"SearchAction","target":{"@type":"EntryPoint","urlTemplate":"https:\/\/www.icg.es\/en\/?s={search_term_string}"},"query-input":{"@type":"PropertyValueSpecification","valueRequired":true,"valueName":"search_term_string"}}],"inLanguage":"en-US"},{"@type":"Organization","@id":"https:\/\/www.icg.es\/en\/#organization","name":"ICG Software","url":"https:\/\/www.icg.es\/en\/","logo":{"@type":"ImageObject","inLanguage":"en-US","@id":"https:\/\/www.icg.es\/en\/#\/schema\/logo\/image\/","url":"https:\/\/www.icg.es\/wp-content\/uploads\/2020\/01\/Logo-ICG-Software-200x200.png","contentUrl":"https:\/\/www.icg.es\/wp-content\/uploads\/2020\/01\/Logo-ICG-Software-200x200.png","width":200,"height":200,"caption":"ICG Software"},"image":{"@id":"https:\/\/www.icg.es\/en\/#\/schema\/logo\/image\/"},"sameAs":["https:\/\/www.facebook.com\/GrupoICGSoftware","https:\/\/x.com\/icgsoftwaregrup","https:\/\/es.linkedin.com\/company\/icggroup","https:\/\/es.wikipedia.org\/wiki\/ICG_Software"]}]}},"_links":{"self":[{"href":"https:\/\/www.icg.es\/en\/wp-json\/wp\/v2\/pages\/16771","targetHints":{"allow":["GET"]}}],"collection":[{"href":"https:\/\/www.icg.es\/en\/wp-json\/wp\/v2\/pages"}],"about":[{"href":"https:\/\/www.icg.es\/en\/wp-json\/wp\/v2\/types\/page"}],"author":[{"embeddable":true,"href":"https:\/\/www.icg.es\/en\/wp-json\/wp\/v2\/users\/1"}],"replies":[{"embeddable":true,"href":"https:\/\/www.icg.es\/en\/wp-json\/wp\/v2\/comments?post=16771"}],"version-history":[{"count":6,"href":"https:\/\/www.icg.es\/en\/wp-json\/wp\/v2\/pages\/16771\/revisions"}],"predecessor-version":[{"id":18736,"href":"https:\/\/www.icg.es\/en\/wp-json\/wp\/v2\/pages\/16771\/revisions\/18736"}],"wp:attachment":[{"href":"https:\/\/www.icg.es\/en\/wp-json\/wp\/v2\/media?parent=16771"}],"wp:term":[{"taxonomy":"category","embeddable":true,"href":"https:\/\/www.icg.es\/en\/wp-json\/wp\/v2\/categories?post=16771"},{"taxonomy":"post_tag","embeddable":true,"href":"https:\/\/www.icg.es\/en\/wp-json\/wp\/v2\/tags?post=16771"}],"curies":[{"name":"wp","href":"https:\/\/api.w.org\/{rel}","templated":true}]}}