{"id":16800,"date":"2023-09-04T10:00:22","date_gmt":"2023-09-04T10:00:22","guid":{"rendered":"https:\/\/www.icg.es\/?page_id=16800"},"modified":"2023-09-04T10:02:40","modified_gmt":"2023-09-04T10:02:40","slug":"complaints-channel","status":"publish","type":"page","link":"https:\/\/www.icg.es\/en\/complaints-channel\/","title":{"rendered":"Complaints channel"},"content":{"rendered":"<section class=\"wpb-content-wrapper\"><p>[vc_row css=&#8221;.vc_custom_1513184803347{margin-top: 2.5vw !important;margin-bottom: 2.5vw !important;}&#8221;][vc_column width=&#8221;1\/4&#8243;][\/vc_column][vc_column width=&#8221;1\/2&#8243;]\r\n        <div class=icg_blockTitle>\r\n         \r\n           <div class='black1' align='center'>Complaints channel<\/div>\r\n         \r\n        <\/div>[vc_empty_space height=&#8221;52px&#8221;][vc_column_text css=&#8221;.vc_custom_1693821551242{margin-top: 10px !important;}&#8221;]El Grupo ICG con el objetivo y compromiso de garantizar una buena responsabilidad social corporativa, as\u00ed como unas pr\u00e1cticas de buen gobierno, en concordancia con lo previsto en nuestras pol\u00edticas de prevenci\u00f3n de riesgos penales y en lo contemplado en la Ley 02\/2023 de 20 de febrero, reguladora de la protecci\u00f3n de las personas que informen sobre infracciones normativas y de lucha contra la corrupci\u00f3n, se establece el siguiente \u201cCanal de Denuncias\u201d, que actuar\u00e1 como Canal Interno de Informaci\u00f3n y cuyas previsiones legales se citar\u00e1n sucintamente, con car\u00e1cter informativo, a continuaci\u00f3n.<\/p>\n<p>&nbsp;<\/p>\n<h3>NATURALEZA DE LA INFORMACI\u00d3N A PRESENTAR<\/h3>\n<p>En base al mismo, se permite la presentaci\u00f3n de comunicaciones sobre:<br \/>\n\u2022 Acciones u omisiones que puedan constituir infracciones del Derecho de la Uni\u00f3n Europea.<br \/>\n\u2022 Infracciones penales o administrativas graves o muy graves.<br \/>\n\u2022 Cualesquiera otras comunicaciones que hagan referencia a riesgos o infracciones percibidas, de cualquier otro \u00e1mbito, ya sean laborales, civiles, penales o administrativas, que afecten al Grupo ICG.<\/p>\n<p>Dicha informaci\u00f3n podr\u00e1 ser presentada, a t\u00edtulo meramente enunciativo, no limitativo, por:<\/p>\n<p>1.- Aquellos que posean la condici\u00f3n de \u201cInformantes\u201d, de acuerdo al art\u00edculo 3 de la Ley 02\/2023, comprendiendo \u00e9stos: trabajadores, empleados p\u00fablicos, aut\u00f3nomos, accionistas, part\u00edcipes, personas pertenecientes al \u00f3rgano de administraci\u00f3n, etc.<\/p>\n<p>2.- Aquellos informantes que comuniquen o revelen p\u00fablicamente una infracci\u00f3n, incluyendo aquellas informaciones obtenidas en el marco de una relaci\u00f3n laboral o estatutaria ya finalizada, voluntarios, becarios, etc. As\u00ed como a aquellos cuya relaci\u00f3n laboral todav\u00eda no haya comenzado, en los casos en que la informaci\u00f3n haya sido obtenida durante el proceso de selecci\u00f3n o de negociaci\u00f3n precontractual.<\/p>\n<p>&nbsp;<\/p>\n<h3>CANALES EXTERNOS DE INFORMACI\u00d3N<\/h3>\n<p>Adem\u00e1s de la existencia del presente Canal Interno de Informaci\u00f3n, existen, a su vez, Canales Externos de Informaci\u00f3n, para comunicar la informaci\u00f3n ante las autoridades competentes y, en su caso, ante las instituciones, \u00f3rganos y organismos de la Uni\u00f3n Europea.<\/p>\n<p>A tal efecto, los mismos se componen de:<\/p>\n<p><strong>Instituciones, \u00f3rganos u organismos de la Uni\u00f3n Europea.<\/strong><\/p>\n<p>\u2022 A tal efecto, se recomienda acudir a:<br \/>\nhttps:\/\/european-union.europa.eu\/contact-eu\/make-complaint_es<\/p>\n<p><strong>Autoridad Independiente de Protecci\u00f3n del Informante (A. A. I.)<\/strong><\/p>\n<p>\u2022 A\u00fan pendiente de creaci\u00f3n, pese a que se establece su regulaci\u00f3n dentro de la propia Ley 02\/2023.<\/p>\n<p><strong>La autoridad de la Administraci\u00f3n de la Comunidad Aut\u00f3noma competente en la materia.<\/strong><\/p>\n<p>\u2022 Siendo en este caso, la Oficina Antifraude de Catalu\u00f1a, hasta que no se regule normativa auton\u00f3mica propia al respecto, en virtud de la Disposici\u00f3n Adicional S\u00e9ptima de la Ley 03\/2023, de 16 de marzo, de medidas fiscales, financieras, administrativas y del sector p\u00fablico para 2023.<\/p>\n<p>&nbsp;<\/p>\n<h3>M\u00c9TODO DE PRESENTACI\u00d3N<\/h3>\n<p>La informaci\u00f3n se podr\u00e1 realizar bien por escrito, a trav\u00e9s de correo postal o a trav\u00e9s de cualquier medio electr\u00f3nico habilitado al efecto, o verbalmente, por v\u00eda telef\u00f3nica o a trav\u00e9s de sistema de mensajer\u00eda de voz. Podr\u00e1 realizarse de forma confidencial o an\u00f3nima. A solicitud del informante, tambi\u00e9n podr\u00e1 presentarse mediante una reuni\u00f3n presencial dentro del plazo m\u00e1ximo de siete d\u00edas.<\/p>\n<p>Las comunicaciones verbales, incluidas las presenciales y telef\u00f3nicas, deber\u00e1n documentarse de forma completa y exacta, mediante grabaci\u00f3n o transcripci\u00f3n, previo consentimiento del denunciante y se ofrecer\u00e1 la oportunidad de comprobar, rectificar y aceptar mediante su firma la transcripci\u00f3n de la conversaci\u00f3n.<\/p>\n<p>En la comunicaci\u00f3n, el informante podr\u00e1 indicar la v\u00eda que elige para que se le realicen las notificaciones.<\/p>\n<p>Adem\u00e1s de contemplar los criterios de admisibilidad del art\u00edculo 18 de la referida Ley 02\/2023, todas las denuncias deber\u00e1n necesariamente expresar de la forma m\u00e1s detallada posible la infracci\u00f3n que se comunica y las personas involucradas. Adem\u00e1s, se adjuntar\u00e1n todas las pruebas de que se disponga y se propondr\u00e1n aquellas otras de las que no se pueda dispone pero que s\u00ed pueda obtener el Grupo. De no cumplirse con lo anteriormente expuesto, y no ser subsanable la omisi\u00f3n, la denuncia ser\u00e1 eliminada al carecer de sustento suficiente como para poderse investigar.<\/p>\n<p>Ante la posibilidad de que la comunicaci\u00f3n sea remitida por canales ajenos a los anteriormente establecidos, se garantiza la confidencialidad, debiendo para ello, informar al personal no responsable de su tratamiento, que su quebranto supone una infracci\u00f3n muy grave y que est\u00e1n obligados, como receptores de la comunicaci\u00f3n, a remitirla inmediatamente al Responsable del Sistema de Informaci\u00f3n.<\/p>\n<p>En este Canal de Denuncias, podr\u00e1n presentarse otras comunicaciones que no entren dentro del \u00e1mbito material de aplicaci\u00f3n de la citada Ley, pero se realiza la previsi\u00f3n, en su art\u00edculo 7.4, de que \u00e9stas y sus remitentes quedan fuera de su \u00e1mbito de protecci\u00f3n.<\/p>\n<p>&nbsp;<\/p>\n<h3>TRAMITACI\u00d3N<\/h3>\n<p>Recibida la comunicaci\u00f3n, v\u00e1lidamente realizada, se dar\u00e1 acuse de recibo en plazo de siete d\u00edas naturales siguientes a su recepci\u00f3n, salvo que con ello se ponga en riesgo la confidencialidad de la comunicaci\u00f3n.<\/p>\n<p>En \u00e9ste, se informar\u00e1 sobre los canales externos de informaci\u00f3n ante las autoridades competentes y ante las instituciones, \u00f3rganos u organismos de la Uni\u00f3n Europea, as\u00ed como informaci\u00f3n relativa a la protecci\u00f3n de datos.<\/p>\n<p>Se reserva la posibilidad de mantener la comunicaci\u00f3n con el informante y la posibilidad de pedirle informaci\u00f3n adicional.<\/p>\n<p>Tras ello, se proceder\u00e1 al estudio de su admisi\u00f3n a tr\u00e1mite. Tanto en el supuesto de su admisi\u00f3n a tr\u00e1mite, como en el de su inadmisi\u00f3n motivada, se notificar\u00e1 tal circunstancia al informante.<\/p>\n<p>Si de este estudio preliminar se aprecia que los hechos pudieran ser constitutivos de delito, se remitir\u00e1 la informaci\u00f3n al Ministerio Fiscal. Y, si afectasen a los intereses financieros de la Uni\u00f3n Europea, se remitir\u00e1 a la Fiscal\u00eda Europea.<\/p>\n<p>En caso de que, de las pruebas practicadas, se constate que puede existir un comportamiento relevante, se informar\u00e1 y se dar\u00e1 audiencia a la persona afectada, as\u00ed como a su derecho a ser o\u00edda en cualquier momento.<\/p>\n<p>En ning\u00fan caso se comunicar\u00e1 a los sujetos afectados la identidad del informante ni se dar\u00e1 acceso a la comunicaci\u00f3n; durante esta instrucci\u00f3n de los hechos se dar\u00e1 noticia de la comunicaci\u00f3n con una sucinta relaci\u00f3n de hechos.<\/p>\n<p>Adem\u00e1s, se respetar\u00e1 y se exigir\u00e1 el respeto, a la presunci\u00f3n de inocencia y al honor de las personas afectadas.<\/p>\n<p>&nbsp;<\/p>\n<h3>TERMINACI\u00d3N<\/h3>\n<p>Concluidas las actuaciones, se emitir\u00e1 un informe y se adoptar\u00e1 una de las siguientes decisiones:<br \/>\na) Archivo del expediente, con notificaci\u00f3n de la decisi\u00f3n al informante y al afectado.<br \/>\nb) Remisi\u00f3n al Ministerio Fiscal si los hechos pudieran revestir el car\u00e1cter de delito, pese a no apreciarse inicialmente los indicios.<br \/>\nc) Acuerdo de iniciaci\u00f3n del r\u00e9gimen disciplinario y\/o adopci\u00f3n de medidas.<\/p>\n<p>&nbsp;<\/p>\n<h3>C\u00d3MPUTO DE PLAZOS<\/h3>\n<p>Los expedientes deben resolverse en el plazo m\u00e1ximo de tres meses desde que se recibi\u00f3 la correspondiente comunicaci\u00f3n informando de las circunstancias.<\/p>\n<p>En caso de no remitirse acuse de recibo, el plazo m\u00e1ximo de resolver ser\u00e1 de tres meses a partir del vencimiento del plazo de siete d\u00edas despu\u00e9s de efectuarse la comunicaci\u00f3n.<\/p>\n<p>En casos de especial complejidad, este plazo m\u00e1ximo de tres meses podr\u00e1 extenderse hasta un m\u00e1ximo de otros tres meses adicionales.<\/p>\n<p>&nbsp;<\/p>\n<h3>PROTECCI\u00d3N DE DATOS<\/h3>\n<p>Respecto a las previsiones relativas a la Protecci\u00f3n de Datos, se estar\u00e1 a lo dispuesto en el Reglamento (UE) 2016\/679 (RGPD), en la Ley Org\u00e1nica 3\/2018, de 5 de diciembre, de Protecci\u00f3n de Datos Personales y garant\u00eda de los derechos digitales, en la Ley Org\u00e1nica 7\/2021, de 26 de mayo, de protecci\u00f3n de datos personales tratados para fines de prevenci\u00f3n, detecci\u00f3n, investigaci\u00f3n y enjuiciamiento de infracciones penales y de ejecuci\u00f3n de sanciones penales, y en la Ley 02\/2023, de 20 de febrero, en su integridad y, especialmente en sus art\u00edculos 29 a 33.<\/p>\n<p>&nbsp;<\/p>\n<h3>CONSIDERACIONES GENERALES DE PROTECCI\u00d3N AL INFORMANTE Y PRESUNCI\u00d3N DE INOCENCIA DEL PRESUNTO INFRACTOR<\/h3>\n<p>Este Canal de Denuncias, garantiza la confidencialidad de la identidad del informante y de cualquier tercero mencionado en la comunicaci\u00f3n, y de las actuaciones que se desarrollen en la gesti\u00f3n y tramitaci\u00f3n de la misma, as\u00ed como el cumplimiento de las normas de protecci\u00f3n de datos de car\u00e1cter personal, impidiendo el acceso de personal no autorizado.<\/p>\n<p>A su vez, se garantiza la protecci\u00f3n del informante frente a represalias de cualquier clase.<\/p>\n<p>Se permite la presentaci\u00f3n, y posterior tramitaci\u00f3n, de comunicaciones an\u00f3nimas.<\/p>\n<p>Se garantiza que las comunicaciones presentadas ser\u00e1n tratadas de manera efectiva dentro de la entidad correspondiente, dirigi\u00e9ndose \u00e9stas al Responsable de Cumplimiento Normativo del Grupo ICG, para luego proceder como corresponda para cada empresa del Grupo.<\/p>\n<p>No incurrir\u00e1n en responsabilidad en relaci\u00f3n a las comunicaciones aquellas personas que tuvieran motivos razonables para pensar que la comunicaci\u00f3n o revelaci\u00f3n p\u00fablica de dicha informaci\u00f3n era necesaria para revelar una acci\u00f3n u omisi\u00f3n. Esto no afectar\u00e1 a las responsabilidades penales.<\/p>\n<p>Se respetar\u00e1 y se exigir\u00e1 el respeto a la presunci\u00f3n de inocencia y al honor de la persona presuntamente infractora, reconociendo, a su vez, sus derechos a la defensa y al conocimiento de los hechos que se le imputan, de forma anonimizada.<\/p>\n<p>A tenor de todo ello, se pone a disposici\u00f3n la identificaci\u00f3n de los responsables del tratamiento y las siguientes v\u00edas de contacto:<\/p>\n<p><strong>Responsable del Sistema Interno de Informaci\u00f3n del Grupo ICG:<\/strong><br \/>\nComit\u00e9 de Cumplimiento Normativo.<\/p>\n<p><strong>Datos de contacto<\/strong><br \/>\nINICIATIVES DE COMUNICACIONS GEMINIS, SL<br \/>\nC. Mestral, s\/n, Pol\u00edgono Industrial de Torrefarrera, 25123<br \/>\nTelf.: 973 751 533<br \/>\nFax: 973 751 757<br \/>\nCorreo: canaletico@icg.es[\/vc_column_text][\/vc_column][vc_column width=&#8221;1\/4&#8243;][\/vc_column][\/vc_row]<\/p>\n<\/section>","protected":false},"excerpt":{"rendered":"<p>[vc_row css=&#8221;.vc_custom_1513184803347{margin-top: 2.5vw !important;margin-bottom: 2.5vw !important;}&#8221;][vc_column width=&#8221;1\/4&#8243;][\/vc_column][vc_column width=&#8221;1\/2&#8243;][vc_empty_space height=&#8221;52px&#8221;][vc_column_text css=&#8221;.vc_custom_1693821551242{margin-top: 10px !important;}&#8221;]El Grupo ICG con el objetivo y compromiso de garantizar una buena responsabilidad social corporativa, as\u00ed como unas pr\u00e1cticas de buen gobierno, en concordancia con lo previsto en nuestras pol\u00edticas de prevenci\u00f3n de riesgos&#8230;<\/p>\n","protected":false},"author":1,"featured_media":0,"parent":0,"menu_order":0,"comment_status":"closed","ping_status":"closed","template":"","meta":{"footnotes":""},"categories":[],"tags":[],"class_list":["post-16800","page","type-page","status-publish","hentry"],"yoast_head":"<!-- This site is optimized with the Yoast SEO plugin v25.1 - https:\/\/yoast.com\/wordpress\/plugins\/seo\/ -->\n<title>ICG Software - Hosteler\u00eda | Hoteles | Retail | Gesti\u00f3n empresarial - Complaints channel<\/title>\n<meta name=\"description\" content=\"Fabricamos soluciones para la hosteler\u00eda, hotel y retail, desde el software Punto de Venta hasta la gesti\u00f3n centralizada de cadenas y franquicias\" \/>\n<meta name=\"robots\" content=\"index, follow, max-snippet:-1, max-image-preview:large, max-video-preview:-1\" \/>\n<link rel=\"canonical\" href=\"https:\/\/www.icg.es\/en\/complaints-channel\/\" \/>\n<meta property=\"og:locale\" content=\"en_US\" \/>\n<meta property=\"og:type\" content=\"article\" \/>\n<meta property=\"og:title\" content=\"ICG Software - Hosteler\u00eda | Hoteles | Retail | Gesti\u00f3n empresarial - Complaints channel\" \/>\n<meta property=\"og:description\" content=\"Fabricamos soluciones para la hosteler\u00eda, hotel y retail, desde el software Punto de Venta hasta la gesti\u00f3n centralizada de cadenas y franquicias\" \/>\n<meta property=\"og:url\" content=\"https:\/\/www.icg.es\/en\/complaints-channel\/\" \/>\n<meta property=\"og:site_name\" content=\"ICG Software\" \/>\n<meta property=\"article:publisher\" content=\"https:\/\/www.facebook.com\/GrupoICGSoftware\" \/>\n<meta property=\"article:modified_time\" content=\"2023-09-04T10:02:40+00:00\" \/>\n<meta name=\"twitter:card\" content=\"summary_large_image\" \/>\n<meta name=\"twitter:site\" content=\"@icgsoftwaregrup\" \/>\n<meta name=\"twitter:label1\" content=\"Est. reading time\" \/>\n\t<meta name=\"twitter:data1\" content=\"7 minutes\" \/>\n<script type=\"application\/ld+json\" class=\"yoast-schema-graph\">{\"@context\":\"https:\/\/schema.org\",\"@graph\":[{\"@type\":\"WebPage\",\"@id\":\"https:\/\/www.icg.es\/en\/complaints-channel\/\",\"url\":\"https:\/\/www.icg.es\/en\/complaints-channel\/\",\"name\":\"ICG Software - Hosteler\u00eda | Hoteles | Retail | Gesti\u00f3n empresarial - Complaints channel\",\"isPartOf\":{\"@id\":\"https:\/\/www.icg.es\/en\/#website\"},\"datePublished\":\"2023-09-04T10:00:22+00:00\",\"dateModified\":\"2023-09-04T10:02:40+00:00\",\"description\":\"Fabricamos soluciones para la hosteler\u00eda, hotel y retail, desde el software Punto de Venta hasta la gesti\u00f3n centralizada de cadenas y franquicias\",\"breadcrumb\":{\"@id\":\"https:\/\/www.icg.es\/en\/complaints-channel\/#breadcrumb\"},\"inLanguage\":\"en-US\",\"potentialAction\":[{\"@type\":\"ReadAction\",\"target\":[\"https:\/\/www.icg.es\/en\/complaints-channel\/\"]}]},{\"@type\":\"BreadcrumbList\",\"@id\":\"https:\/\/www.icg.es\/en\/complaints-channel\/#breadcrumb\",\"itemListElement\":[{\"@type\":\"ListItem\",\"position\":1,\"name\":\"Home\",\"item\":\"https:\/\/www.icg.es\/en\/\"},{\"@type\":\"ListItem\",\"position\":2,\"name\":\"Complaints channel\"}]},{\"@type\":\"WebSite\",\"@id\":\"https:\/\/www.icg.es\/en\/#website\",\"url\":\"https:\/\/www.icg.es\/en\/\",\"name\":\"ICG Software\",\"description\":\"Hosteler\u00eda | Hoteles | Retail | Gesti\u00f3n empresarial\",\"publisher\":{\"@id\":\"https:\/\/www.icg.es\/en\/#organization\"},\"potentialAction\":[{\"@type\":\"SearchAction\",\"target\":{\"@type\":\"EntryPoint\",\"urlTemplate\":\"https:\/\/www.icg.es\/en\/?s={search_term_string}\"},\"query-input\":{\"@type\":\"PropertyValueSpecification\",\"valueRequired\":true,\"valueName\":\"search_term_string\"}}],\"inLanguage\":\"en-US\"},{\"@type\":\"Organization\",\"@id\":\"https:\/\/www.icg.es\/en\/#organization\",\"name\":\"ICG Software\",\"url\":\"https:\/\/www.icg.es\/en\/\",\"logo\":{\"@type\":\"ImageObject\",\"inLanguage\":\"en-US\",\"@id\":\"https:\/\/www.icg.es\/en\/#\/schema\/logo\/image\/\",\"url\":\"https:\/\/www.icg.es\/wp-content\/uploads\/2020\/01\/Logo-ICG-Software-200x200.png\",\"contentUrl\":\"https:\/\/www.icg.es\/wp-content\/uploads\/2020\/01\/Logo-ICG-Software-200x200.png\",\"width\":200,\"height\":200,\"caption\":\"ICG Software\"},\"image\":{\"@id\":\"https:\/\/www.icg.es\/en\/#\/schema\/logo\/image\/\"},\"sameAs\":[\"https:\/\/www.facebook.com\/GrupoICGSoftware\",\"https:\/\/x.com\/icgsoftwaregrup\",\"https:\/\/es.linkedin.com\/company\/icggroup\",\"https:\/\/es.wikipedia.org\/wiki\/ICG_Software\"]}]}<\/script>\n<!-- \/ Yoast SEO plugin. -->","yoast_head_json":{"title":"ICG Software - Hosteler\u00eda | Hoteles | Retail | Gesti\u00f3n empresarial - Complaints channel","description":"Fabricamos soluciones para la hosteler\u00eda, hotel y retail, desde el software Punto de Venta hasta la gesti\u00f3n centralizada de cadenas y franquicias","robots":{"index":"index","follow":"follow","max-snippet":"max-snippet:-1","max-image-preview":"max-image-preview:large","max-video-preview":"max-video-preview:-1"},"canonical":"https:\/\/www.icg.es\/en\/complaints-channel\/","og_locale":"en_US","og_type":"article","og_title":"ICG Software - Hosteler\u00eda | Hoteles | Retail | Gesti\u00f3n empresarial - Complaints channel","og_description":"Fabricamos soluciones para la hosteler\u00eda, hotel y retail, desde el software Punto de Venta hasta la gesti\u00f3n centralizada de cadenas y franquicias","og_url":"https:\/\/www.icg.es\/en\/complaints-channel\/","og_site_name":"ICG Software","article_publisher":"https:\/\/www.facebook.com\/GrupoICGSoftware","article_modified_time":"2023-09-04T10:02:40+00:00","twitter_card":"summary_large_image","twitter_site":"@icgsoftwaregrup","twitter_misc":{"Est. reading time":"7 minutes"},"schema":{"@context":"https:\/\/schema.org","@graph":[{"@type":"WebPage","@id":"https:\/\/www.icg.es\/en\/complaints-channel\/","url":"https:\/\/www.icg.es\/en\/complaints-channel\/","name":"ICG Software - Hosteler\u00eda | Hoteles | Retail | Gesti\u00f3n empresarial - Complaints channel","isPartOf":{"@id":"https:\/\/www.icg.es\/en\/#website"},"datePublished":"2023-09-04T10:00:22+00:00","dateModified":"2023-09-04T10:02:40+00:00","description":"Fabricamos soluciones para la hosteler\u00eda, hotel y retail, desde el software Punto de Venta hasta la gesti\u00f3n centralizada de cadenas y franquicias","breadcrumb":{"@id":"https:\/\/www.icg.es\/en\/complaints-channel\/#breadcrumb"},"inLanguage":"en-US","potentialAction":[{"@type":"ReadAction","target":["https:\/\/www.icg.es\/en\/complaints-channel\/"]}]},{"@type":"BreadcrumbList","@id":"https:\/\/www.icg.es\/en\/complaints-channel\/#breadcrumb","itemListElement":[{"@type":"ListItem","position":1,"name":"Home","item":"https:\/\/www.icg.es\/en\/"},{"@type":"ListItem","position":2,"name":"Complaints channel"}]},{"@type":"WebSite","@id":"https:\/\/www.icg.es\/en\/#website","url":"https:\/\/www.icg.es\/en\/","name":"ICG Software","description":"Hosteler\u00eda | Hoteles | Retail | Gesti\u00f3n empresarial","publisher":{"@id":"https:\/\/www.icg.es\/en\/#organization"},"potentialAction":[{"@type":"SearchAction","target":{"@type":"EntryPoint","urlTemplate":"https:\/\/www.icg.es\/en\/?s={search_term_string}"},"query-input":{"@type":"PropertyValueSpecification","valueRequired":true,"valueName":"search_term_string"}}],"inLanguage":"en-US"},{"@type":"Organization","@id":"https:\/\/www.icg.es\/en\/#organization","name":"ICG Software","url":"https:\/\/www.icg.es\/en\/","logo":{"@type":"ImageObject","inLanguage":"en-US","@id":"https:\/\/www.icg.es\/en\/#\/schema\/logo\/image\/","url":"https:\/\/www.icg.es\/wp-content\/uploads\/2020\/01\/Logo-ICG-Software-200x200.png","contentUrl":"https:\/\/www.icg.es\/wp-content\/uploads\/2020\/01\/Logo-ICG-Software-200x200.png","width":200,"height":200,"caption":"ICG Software"},"image":{"@id":"https:\/\/www.icg.es\/en\/#\/schema\/logo\/image\/"},"sameAs":["https:\/\/www.facebook.com\/GrupoICGSoftware","https:\/\/x.com\/icgsoftwaregrup","https:\/\/es.linkedin.com\/company\/icggroup","https:\/\/es.wikipedia.org\/wiki\/ICG_Software"]}]}},"_links":{"self":[{"href":"https:\/\/www.icg.es\/en\/wp-json\/wp\/v2\/pages\/16800","targetHints":{"allow":["GET"]}}],"collection":[{"href":"https:\/\/www.icg.es\/en\/wp-json\/wp\/v2\/pages"}],"about":[{"href":"https:\/\/www.icg.es\/en\/wp-json\/wp\/v2\/types\/page"}],"author":[{"embeddable":true,"href":"https:\/\/www.icg.es\/en\/wp-json\/wp\/v2\/users\/1"}],"replies":[{"embeddable":true,"href":"https:\/\/www.icg.es\/en\/wp-json\/wp\/v2\/comments?post=16800"}],"version-history":[{"count":1,"href":"https:\/\/www.icg.es\/en\/wp-json\/wp\/v2\/pages\/16800\/revisions"}],"predecessor-version":[{"id":16808,"href":"https:\/\/www.icg.es\/en\/wp-json\/wp\/v2\/pages\/16800\/revisions\/16808"}],"wp:attachment":[{"href":"https:\/\/www.icg.es\/en\/wp-json\/wp\/v2\/media?parent=16800"}],"wp:term":[{"taxonomy":"category","embeddable":true,"href":"https:\/\/www.icg.es\/en\/wp-json\/wp\/v2\/categories?post=16800"},{"taxonomy":"post_tag","embeddable":true,"href":"https:\/\/www.icg.es\/en\/wp-json\/wp\/v2\/tags?post=16800"}],"curies":[{"name":"wp","href":"https:\/\/api.w.org\/{rel}","templated":true}]}}