{"id":16975,"date":"2023-09-19T15:01:17","date_gmt":"2023-09-19T15:01:17","guid":{"rendered":"https:\/\/www.icg.es\/?page_id=16975"},"modified":"2023-09-19T15:01:17","modified_gmt":"2023-09-19T15:01:17","slug":"technical-support","status":"publish","type":"page","link":"https:\/\/www.icg.es\/en\/technical-support\/","title":{"rendered":"Technical support"},"content":{"rendered":"<section class=\"wpb-content-wrapper\"><p>[vc_row css=&#8221;.vc_custom_1510825692231{margin-bottom: 5vw !important;padding-top: 4vw !important;}&#8221;][vc_column css=&#8221;.vc_custom_1513068481573{margin-bottom: 2.5vw !important;}&#8221;]\r\n        <div class=icg_blockTitle>\r\n         \r\n           <div class='black0' align='center'>Technical support<\/div>\r\n         \r\n        <\/div>[\/vc_column][vc_column width=&#8221;1\/4&#8243; el_class=&#8221;icg_row_custom_form icg_row_custom_form_empty&#8221;][\/vc_column][vc_column width=&#8221;1\/2&#8243; el_class=&#8221;icg_row_custom_form icg-contactPage icg_row_custom_form_content&#8221;]\n<div class=\"wpcf7 no-js\" id=\"wpcf7-f1559-o1\" lang=\"es-ES\" dir=\"ltr\" data-wpcf7-id=\"1559\">\n<div class=\"screen-reader-response\"><p role=\"status\" aria-live=\"polite\" aria-atomic=\"true\"><\/p> <ul><\/ul><\/div>\n<form action=\"\/en\/wp-json\/wp\/v2\/pages\/16975#wpcf7-f1559-o1\" method=\"post\" class=\"wpcf7-form init\" aria-label=\"Formulario de contacto\" enctype=\"multipart\/form-data\" novalidate=\"novalidate\" data-status=\"init\">\n<div style=\"display: none;\">\n<input type=\"hidden\" name=\"_wpcf7\" value=\"1559\" \/>\n<input type=\"hidden\" name=\"_wpcf7_version\" value=\"6.0.6\" \/>\n<input type=\"hidden\" name=\"_wpcf7_locale\" value=\"es_ES\" \/>\n<input type=\"hidden\" name=\"_wpcf7_unit_tag\" value=\"wpcf7-f1559-o1\" \/>\n<input type=\"hidden\" name=\"_wpcf7_container_post\" value=\"0\" \/>\n<input type=\"hidden\" name=\"_wpcf7_posted_data_hash\" value=\"\" \/>\n<input type=\"hidden\" name=\"_wpcf7_recaptcha_response\" value=\"\" \/>\n<\/div>\n<div class=\"icg_two_columns\">\n\t<p><span class=\"wpcf7-form-control-wrap\" data-name=\"your-name\"><input size=\"40\" maxlength=\"400\" class=\"wpcf7-form-control wpcf7-text wpcf7-validates-as-required\" aria-required=\"true\" aria-invalid=\"false\" placeholder=\"Full name*\" value=\"\" type=\"text\" name=\"your-name\" \/><\/span><span class=\"wpcf7-form-control-wrap\" data-name=\"your-enterprise\"><input size=\"40\" maxlength=\"400\" class=\"wpcf7-form-control wpcf7-text wpcf7-validates-as-required\" aria-required=\"true\" aria-invalid=\"false\" placeholder=\"Enterprise*\" value=\"\" type=\"text\" name=\"your-enterprise\" \/><\/span>\n\t<\/p>\n<\/div>\n<div class=\"icg_two_columns\">\n\t<p><span class=\"wpcf7-form-control-wrap\" data-name=\"your-email\"><input size=\"40\" maxlength=\"400\" class=\"wpcf7-form-control wpcf7-email wpcf7-validates-as-required wpcf7-text wpcf7-validates-as-email\" aria-required=\"true\" aria-invalid=\"false\" placeholder=\"Mail*\" value=\"\" type=\"email\" name=\"your-email\" \/><\/span><span class=\"wpcf7-form-control-wrap\" data-name=\"phone\"><input size=\"40\" maxlength=\"400\" class=\"wpcf7-form-control wpcf7-tel wpcf7-validates-as-required wpcf7-text wpcf7-validates-as-tel\" aria-required=\"true\" aria-invalid=\"false\" placeholder=\"Phone*\" value=\"\" type=\"tel\" name=\"phone\" \/><\/span>\n\t<\/p>\n<\/div>\n<div class=\"icg_two_columns\">\n\t<p><span class=\"wpcf7-form-control-wrap\" data-name=\"city\"><input size=\"40\" maxlength=\"400\" class=\"wpcf7-form-control wpcf7-text wpcf7-validates-as-required\" aria-required=\"true\" aria-invalid=\"false\" placeholder=\"City*\" value=\"\" type=\"text\" name=\"city\" \/><\/span><span class=\"wpcf7-form-control-wrap\" data-name=\"country\"><input size=\"40\" maxlength=\"400\" class=\"wpcf7-form-control wpcf7-text wpcf7-validates-as-required\" aria-required=\"true\" aria-invalid=\"false\" placeholder=\"Country*\" value=\"\" type=\"text\" name=\"country\" \/><\/span>\n\t<\/p>\n<\/div>\n<p><label><br \/>\n<span class=\"wpcf7-form-control-wrap\" data-name=\"your-message\"><textarea cols=\"40\" rows=\"10\" maxlength=\"2000\" class=\"wpcf7-form-control wpcf7-textarea wpcf7-validates-as-required\" aria-required=\"true\" aria-invalid=\"false\" placeholder=\"Subject*\" name=\"your-message\"><\/textarea><\/span> <\/label>\n<\/p>\n<div class=\"icg_form_global_info icg_form_btn_attach\">\n\t<p><span class=\"wpcf7-form-control-wrap\" data-name=\"documento_adjunto\"><input size=\"40\" class=\"wpcf7-form-control wpcf7-file\" accept=\"audio\/*,video\/*,image\/*\" aria-invalid=\"false\" type=\"file\" name=\"documento_adjunto\" \/><\/span>\n\t<\/p>\n<\/div>\n<div class=\"icg_form_global_info \">\n\t<p><span class=\"wpcf7-form-control-wrap\" data-name=\"accepted_terms\"><span class=\"wpcf7-form-control wpcf7-acceptance\"><span class=\"wpcf7-list-item\"><input type=\"checkbox\" name=\"accepted_terms\" value=\"1\" aria-invalid=\"false\" \/><\/span><\/span><\/span> I have read and accept the <a id=\"contact_politic_form\" href=\"https:\/\/www.icg.es\/en\/privacy-policy\/\"target=\"_blank\" >privacy policy.<\/a> We inform you that the data provided in the contact questionary will be saved in our database, in order to inform you about our products and services.\n\t<\/p>\n\t<p>(*) The data fields marked with an asterisk must be filled in\n\t<\/p>\n<\/div>\n\n<div class=\"icg_form_global_info icg_form_btn_submit\">\n\t<p><input class=\"wpcf7-form-control wpcf7-submit has-spinner\" type=\"submit\" value=\"Send\" \/>\n\t<\/p>\n<\/div><p style=\"display: none !important;\" class=\"akismet-fields-container\" data-prefix=\"_wpcf7_ak_\"><label>&#916;<textarea name=\"_wpcf7_ak_hp_textarea\" cols=\"45\" rows=\"8\" maxlength=\"100\"><\/textarea><\/label><input type=\"hidden\" id=\"ak_js_1\" name=\"_wpcf7_ak_js\" value=\"145\"\/><script>document.getElementById( \"ak_js_1\" ).setAttribute( \"value\", ( new Date() ).getTime() );<\/script><\/p><div class=\"wpcf7-response-output\" aria-hidden=\"true\"><\/div>\n<\/form>\n<\/div>\n[vc_raw_js]JTNDc2NyaXB0JTNFJTBBdmFyJTIwc2hlZXQlMjAlM0QlMjB3aW5kb3cuZG9jdW1lbnQuc3R5bGVTaGVldHMlNUIwJTVEJTNCJTBBJTBBc2hlZXQuaW5zZXJ0UnVsZSUyOCUyNy53cGNmNyUyMGZvcm0lMjBpbnB1dCUyMCU3QiUyMGJvcmRlci1ib3R0b20lM0ElMjAycHglMjBzb2xpZCUyMCUyMzAwODAwMCUyMCUyMWltcG9ydGFudCUyMCUzQiU3RCUyMCUyNyUyQyUyMHNoZWV0LmNzc1J1bGVzLmxlbmd0aCUyOSUzQiUwQXNoZWV0Lmluc2VydFJ1bGUlMjglMjcud3BjZjclMjBmb3JtJTIwc2VsZWN0JTIwJTdCJTIwYm9yZGVyLWJvdHRvbSUzQSUyMDJweCUyMHNvbGlkJTIwJTIzMDA4MDAwJTIwJTIxaW1wb3J0YW50JTIwJTNCJTdEJTIwJTI3JTJDJTIwc2hlZXQuY3NzUnVsZXMubGVuZ3RoJTI5JTNCJTBBc2hlZXQuaW5zZXJ0UnVsZSUyOCUyNy53cGNmNyUyMGZvcm0lMjB0ZXh0YXJlYSU3QiUyMGJvcmRlci1ib3R0b20lM0ElMjAycHglMjBzb2xpZCUyMCUyMzAwODAwMCUyMCUyMWltcG9ydGFudCUyMCUzQiU3RCUyMCUyNyUyQyUyMHNoZWV0LmNzc1J1bGVzLmxlbmd0aCUyOSUzQiUwQXNoZWV0Lmluc2VydFJ1bGUlMjglMjcud3BjZjclMjBpbnB1dCU1QnR5cGUlM0QlMjJmaWxlJTIyJTVEJTdCJTIwYm9yZGVyLWJvdHRvbSUzQSUyMG5vbmUlMjAlMjFpbXBvcnRhbnQlMjAlM0IlN0QlMjAlMjclMkMlMjBzaGVldC5jc3NSdWxlcy5sZW5ndGglMjklM0IlMEElMEElMEFzaGVldC5pbnNlcnRSdWxlJTI4JTI3LndwY2Y3LXN1Ym1pdCUyMCU3QiUyMGJhY2tncm91bmQtY29sb3IlM0ElMjB3aGl0ZSUyMWltcG9ydGFudCUzQiUyMGJvcmRlciUzQSUyMDJweCUyMHNvbGlkJTIwJTIzMDA4MDAwJTIwJTIxaW1wb3J0YW50JTIwJTNCY29sb3IlM0ElMjAlMjMwMDgwMDAlMjAlMjFpbXBvcnRhbnQlM0IlMjAlN0QlMjAlMjclMkMlMjBzaGVldC5jc3NSdWxlcy5sZW5ndGglMjklM0IlMEElMEFzaGVldC5pbnNlcnRSdWxlJTI4JTI3LndwY2Y3LXN1Ym1pdCUzQWhvdmVyJTIwJTdCJTIwYmFja2dyb3VuZC1jb2xvciUzQSUyMCUyMzAwODAwMCUyMCUyMWltcG9ydGFudCUzQmNvbG9yJTNBJTIwd2hpdGUlMjAlMjFpbXBvcnRhbnQlM0IlMjAlN0QlMjclMkMlMjBzaGVldC5jc3NSdWxlcy5sZW5ndGglMjklM0IlMEElMEFzaGVldC5pbnNlcnRSdWxlJTI4JTI3JTIzY29udGFjdF9wb2xpdGljX2Zvcm0lMjAlN0IlMjBjb2xvciUzQSUyMCUyMzAwODAwMCUyMCUyMWltcG9ydGFudCUzQiUyMCU3RCUyNyUyQyUyMHNoZWV0LmNzc1J1bGVzLmxlbmd0aCUyOSUzQiUwQSUwQSUwQSUzQyUyRnNjcmlwdCUzRSUwQQ==[\/vc_raw_js][\/vc_column][vc_column width=&#8221;1\/4&#8243; el_class=&#8221;icg_row_custom_form_empty&#8221;][\/vc_column][\/vc_row]<\/p>\n<\/section>","protected":false},"excerpt":{"rendered":"<p>[vc_row css=&#8221;.vc_custom_1510825692231{margin-bottom: 5vw !important;padding-top: 4vw !important;}&#8221;][vc_column css=&#8221;.vc_custom_1513068481573{margin-bottom: 2.5vw !important;}&#8221;][\/vc_column][vc_column width=&#8221;1\/4&#8243; el_class=&#8221;icg_row_custom_form icg_row_custom_form_empty&#8221;][\/vc_column][vc_column width=&#8221;1\/2&#8243; el_class=&#8221;icg_row_custom_form icg-contactPage icg_row_custom_form_content&#8221;][vc_raw_js]JTNDc2NyaXB0JTNFJTBBdmFyJTIwc2hlZXQlMjAlM0QlMjB3aW5kb3cuZG9jdW1lbnQuc3R5bGVTaGVldHMlNUIwJTVEJTNCJTBBJTBBc2hlZXQuaW5zZXJ0UnVsZSUyOCUyNy53cGNmNyUyMGZvcm0lMjBpbnB1dCUyMCU3QiUyMGJvcmRlci1ib3R0b20lM0ElMjAycHglMjBzb2xpZCUyMCUyMzAwODAwMCUyMCUyMWltcG9ydGFudCUyMCUzQiU3RCUyMCUyNyUyQyUyMHNoZWV0LmNzc1J1bGVzLmxlbmd0aCUyOSUzQiUwQXNoZWV0Lmluc2VydFJ1bGUlMjglMjcud3BjZjclMjBmb3JtJTIwc2VsZWN0JTIwJTdCJTIwYm9yZGVyLWJvdHRvbSUzQSUyMDJweCUyMHNvbGlkJTIwJTIzMDA4MDAwJTIwJTIxaW1wb3J0YW50JTIwJTNCJTdEJTIwJTI3JTJDJTIwc2hlZXQuY3NzUnVsZXMubGVuZ3RoJTI5JTNCJTBBc2hlZXQuaW5zZXJ0UnVsZSUyOCUyNy53cGNmNyUyMGZvcm0lMjB0ZXh0YXJlYSU3QiUyMGJvcmRlci1ib3R0b20lM0ElMjAycHglMjBzb2xpZCUyMCUyMzAwODAwMCUyMCUyMWltcG9ydGFudCUyMCUzQiU3RCUyMCUyNyUyQyUyMHNoZWV0LmNzc1J1bGVzLmxlbmd0aCUyOSUzQiUwQXNoZWV0Lmluc2VydFJ1bGUlMjglMjcud3BjZjclMjBpbnB1dCU1QnR5cGUlM0QlMjJmaWxlJTIyJTVEJTdCJTIwYm9yZGVyLWJvdHRvbSUzQSUyMG5vbmUlMjAlMjFpbXBvcnRhbnQlMjAlM0IlN0QlMjAlMjclMkMlMjBzaGVldC5jc3NSdWxlcy5sZW5ndGglMjklM0IlMEElMEElMEFzaGVldC5pbnNlcnRSdWxlJTI4JTI3LndwY2Y3LXN1Ym1pdCUyMCU3QiUyMGJhY2tncm91bmQtY29sb3IlM0ElMjB3aGl0ZSUyMWltcG9ydGFudCUzQiUyMGJvcmRlciUzQSUyMDJweCUyMHNvbGlkJTIwJTIzMDA4MDAwJTIwJTIxaW1wb3J0YW50JTIwJTNCY29sb3IlM0ElMjAlMjMwMDgwMDAlMjAlMjFpbXBvcnRhbnQlM0IlMjAlN0QlMjAlMjclMkMlMjBzaGVldC5jc3NSdWxlcy5sZW5ndGglMjklM0IlMEElMEFzaGVldC5pbnNlcnRSdWxlJTI4JTI3LndwY2Y3LXN1Ym1pdCUzQWhvdmVyJTIwJTdCJTIwYmFja2dyb3VuZC1jb2xvciUzQSUyMCUyMzAwODAwMCUyMCUyMWltcG9ydGFudCUzQmNvbG9yJTNBJTIwd2hpdGUlMjAlMjFpbXBvcnRhbnQlM0IlMjAlN0QlMjclMkMlMjBzaGVldC5jc3NSdWxlcy5sZW5ndGglMjklM0IlMEElMEFzaGVldC5pbnNlcnRSdWxlJTI4JTI3JTIzY29udGFjdF9wb2xpdGljX2Zvcm0lMjAlN0IlMjBjb2xvciUzQSUyMCUyMzAwODAwMCUyMCUyMWltcG9ydGFudCUzQiUyMCU3RCUyNyUyQyUyMHNoZWV0LmNzc1J1bGVzLmxlbmd0aCUyOSUzQiUwQSUwQSUwQSUzQyUyRnNjcmlwdCUzRSUwQQ==[\/vc_raw_js][\/vc_column][vc_column width=&#8221;1\/4&#8243; el_class=&#8221;icg_row_custom_form_empty&#8221;][\/vc_column][\/vc_row]<\/p>\n","protected":false},"author":1,"featured_media":0,"parent":0,"menu_order":0,"comment_status":"closed","ping_status":"closed","template":"","meta":{"footnotes":""},"class_list":["post-16975","page","type-page","status-publish","hentry"],"yoast_head":"<!-- This site is optimized with the Yoast SEO plugin v25.1 - https:\/\/yoast.com\/wordpress\/plugins\/seo\/ -->\n<title>ICG Software - Hosteler\u00eda | Hoteles | Retail | Gesti\u00f3n empresarial - Technical support<\/title>\n<meta name=\"description\" content=\"Fabricamos soluciones para la hosteler\u00eda, hotel y retail, desde el software Punto de Venta hasta la gesti\u00f3n centralizada de cadenas y franquicias\" \/>\n<meta name=\"robots\" content=\"index, follow, max-snippet:-1, max-image-preview:large, max-video-preview:-1\" \/>\n<link rel=\"canonical\" href=\"https:\/\/www.icg.es\/en\/technical-support\/\" \/>\n<meta property=\"og:locale\" content=\"en_US\" \/>\n<meta property=\"og:type\" content=\"article\" \/>\n<meta property=\"og:title\" content=\"ICG Software - Hosteler\u00eda | Hoteles | Retail | Gesti\u00f3n empresarial - Technical support\" \/>\n<meta property=\"og:description\" content=\"Fabricamos soluciones para la hosteler\u00eda, hotel y retail, desde el software Punto de Venta hasta la gesti\u00f3n centralizada de cadenas y franquicias\" \/>\n<meta property=\"og:url\" content=\"https:\/\/www.icg.es\/en\/technical-support\/\" \/>\n<meta property=\"og:site_name\" content=\"ICG Software\" \/>\n<meta property=\"article:publisher\" content=\"https:\/\/www.facebook.com\/GrupoICGSoftware\" \/>\n<meta name=\"twitter:card\" content=\"summary_large_image\" \/>\n<meta name=\"twitter:site\" content=\"@icgsoftwaregrup\" \/>\n<meta name=\"twitter:label1\" content=\"Est. reading time\" \/>\n\t<meta name=\"twitter:data1\" content=\"1 minute\" \/>\n<script type=\"application\/ld+json\" class=\"yoast-schema-graph\">{\"@context\":\"https:\/\/schema.org\",\"@graph\":[{\"@type\":\"WebPage\",\"@id\":\"https:\/\/www.icg.es\/en\/technical-support\/\",\"url\":\"https:\/\/www.icg.es\/en\/technical-support\/\",\"name\":\"ICG Software - Hosteler\u00eda | Hoteles | Retail | Gesti\u00f3n empresarial - Technical support\",\"isPartOf\":{\"@id\":\"https:\/\/www.icg.es\/en\/#website\"},\"datePublished\":\"2023-09-19T15:01:17+00:00\",\"description\":\"Fabricamos soluciones para la hosteler\u00eda, hotel y retail, desde el software Punto de Venta hasta la gesti\u00f3n centralizada de cadenas y franquicias\",\"breadcrumb\":{\"@id\":\"https:\/\/www.icg.es\/en\/technical-support\/#breadcrumb\"},\"inLanguage\":\"en-US\",\"potentialAction\":[{\"@type\":\"ReadAction\",\"target\":[\"https:\/\/www.icg.es\/en\/technical-support\/\"]}]},{\"@type\":\"BreadcrumbList\",\"@id\":\"https:\/\/www.icg.es\/en\/technical-support\/#breadcrumb\",\"itemListElement\":[{\"@type\":\"ListItem\",\"position\":1,\"name\":\"Home\",\"item\":\"https:\/\/www.icg.es\/en\/\"},{\"@type\":\"ListItem\",\"position\":2,\"name\":\"Technical support\"}]},{\"@type\":\"WebSite\",\"@id\":\"https:\/\/www.icg.es\/en\/#website\",\"url\":\"https:\/\/www.icg.es\/en\/\",\"name\":\"ICG Software\",\"description\":\"Hosteler\u00eda | Hoteles | Retail | Gesti\u00f3n empresarial\",\"publisher\":{\"@id\":\"https:\/\/www.icg.es\/en\/#organization\"},\"potentialAction\":[{\"@type\":\"SearchAction\",\"target\":{\"@type\":\"EntryPoint\",\"urlTemplate\":\"https:\/\/www.icg.es\/en\/?s={search_term_string}\"},\"query-input\":{\"@type\":\"PropertyValueSpecification\",\"valueRequired\":true,\"valueName\":\"search_term_string\"}}],\"inLanguage\":\"en-US\"},{\"@type\":\"Organization\",\"@id\":\"https:\/\/www.icg.es\/en\/#organization\",\"name\":\"ICG Software\",\"url\":\"https:\/\/www.icg.es\/en\/\",\"logo\":{\"@type\":\"ImageObject\",\"inLanguage\":\"en-US\",\"@id\":\"https:\/\/www.icg.es\/en\/#\/schema\/logo\/image\/\",\"url\":\"https:\/\/www.icg.es\/wp-content\/uploads\/2020\/01\/Logo-ICG-Software-200x200.png\",\"contentUrl\":\"https:\/\/www.icg.es\/wp-content\/uploads\/2020\/01\/Logo-ICG-Software-200x200.png\",\"width\":200,\"height\":200,\"caption\":\"ICG Software\"},\"image\":{\"@id\":\"https:\/\/www.icg.es\/en\/#\/schema\/logo\/image\/\"},\"sameAs\":[\"https:\/\/www.facebook.com\/GrupoICGSoftware\",\"https:\/\/x.com\/icgsoftwaregrup\",\"https:\/\/es.linkedin.com\/company\/icggroup\",\"https:\/\/es.wikipedia.org\/wiki\/ICG_Software\"]}]}<\/script>\n<!-- \/ Yoast SEO plugin. -->","yoast_head_json":{"title":"ICG Software - Hosteler\u00eda | Hoteles | Retail | Gesti\u00f3n empresarial - Technical support","description":"Fabricamos soluciones para la hosteler\u00eda, hotel y retail, desde el software Punto de Venta hasta la gesti\u00f3n centralizada de cadenas y franquicias","robots":{"index":"index","follow":"follow","max-snippet":"max-snippet:-1","max-image-preview":"max-image-preview:large","max-video-preview":"max-video-preview:-1"},"canonical":"https:\/\/www.icg.es\/en\/technical-support\/","og_locale":"en_US","og_type":"article","og_title":"ICG Software - Hosteler\u00eda | Hoteles | Retail | Gesti\u00f3n empresarial - Technical support","og_description":"Fabricamos soluciones para la hosteler\u00eda, hotel y retail, desde el software Punto de Venta hasta la gesti\u00f3n centralizada de cadenas y franquicias","og_url":"https:\/\/www.icg.es\/en\/technical-support\/","og_site_name":"ICG Software","article_publisher":"https:\/\/www.facebook.com\/GrupoICGSoftware","twitter_card":"summary_large_image","twitter_site":"@icgsoftwaregrup","twitter_misc":{"Est. reading time":"1 minute"},"schema":{"@context":"https:\/\/schema.org","@graph":[{"@type":"WebPage","@id":"https:\/\/www.icg.es\/en\/technical-support\/","url":"https:\/\/www.icg.es\/en\/technical-support\/","name":"ICG Software - Hosteler\u00eda | Hoteles | Retail | Gesti\u00f3n empresarial - Technical support","isPartOf":{"@id":"https:\/\/www.icg.es\/en\/#website"},"datePublished":"2023-09-19T15:01:17+00:00","description":"Fabricamos soluciones para la hosteler\u00eda, hotel y retail, desde el software Punto de Venta hasta la gesti\u00f3n centralizada de cadenas y franquicias","breadcrumb":{"@id":"https:\/\/www.icg.es\/en\/technical-support\/#breadcrumb"},"inLanguage":"en-US","potentialAction":[{"@type":"ReadAction","target":["https:\/\/www.icg.es\/en\/technical-support\/"]}]},{"@type":"BreadcrumbList","@id":"https:\/\/www.icg.es\/en\/technical-support\/#breadcrumb","itemListElement":[{"@type":"ListItem","position":1,"name":"Home","item":"https:\/\/www.icg.es\/en\/"},{"@type":"ListItem","position":2,"name":"Technical support"}]},{"@type":"WebSite","@id":"https:\/\/www.icg.es\/en\/#website","url":"https:\/\/www.icg.es\/en\/","name":"ICG Software","description":"Hosteler\u00eda | Hoteles | Retail | Gesti\u00f3n empresarial","publisher":{"@id":"https:\/\/www.icg.es\/en\/#organization"},"potentialAction":[{"@type":"SearchAction","target":{"@type":"EntryPoint","urlTemplate":"https:\/\/www.icg.es\/en\/?s={search_term_string}"},"query-input":{"@type":"PropertyValueSpecification","valueRequired":true,"valueName":"search_term_string"}}],"inLanguage":"en-US"},{"@type":"Organization","@id":"https:\/\/www.icg.es\/en\/#organization","name":"ICG Software","url":"https:\/\/www.icg.es\/en\/","logo":{"@type":"ImageObject","inLanguage":"en-US","@id":"https:\/\/www.icg.es\/en\/#\/schema\/logo\/image\/","url":"https:\/\/www.icg.es\/wp-content\/uploads\/2020\/01\/Logo-ICG-Software-200x200.png","contentUrl":"https:\/\/www.icg.es\/wp-content\/uploads\/2020\/01\/Logo-ICG-Software-200x200.png","width":200,"height":200,"caption":"ICG Software"},"image":{"@id":"https:\/\/www.icg.es\/en\/#\/schema\/logo\/image\/"},"sameAs":["https:\/\/www.facebook.com\/GrupoICGSoftware","https:\/\/x.com\/icgsoftwaregrup","https:\/\/es.linkedin.com\/company\/icggroup","https:\/\/es.wikipedia.org\/wiki\/ICG_Software"]}]}},"_links":{"self":[{"href":"https:\/\/www.icg.es\/en\/wp-json\/wp\/v2\/pages\/16975","targetHints":{"allow":["GET"]}}],"collection":[{"href":"https:\/\/www.icg.es\/en\/wp-json\/wp\/v2\/pages"}],"about":[{"href":"https:\/\/www.icg.es\/en\/wp-json\/wp\/v2\/types\/page"}],"author":[{"embeddable":true,"href":"https:\/\/www.icg.es\/en\/wp-json\/wp\/v2\/users\/1"}],"replies":[{"embeddable":true,"href":"https:\/\/www.icg.es\/en\/wp-json\/wp\/v2\/comments?post=16975"}],"version-history":[{"count":1,"href":"https:\/\/www.icg.es\/en\/wp-json\/wp\/v2\/pages\/16975\/revisions"}],"predecessor-version":[{"id":16976,"href":"https:\/\/www.icg.es\/en\/wp-json\/wp\/v2\/pages\/16975\/revisions\/16976"}],"wp:attachment":[{"href":"https:\/\/www.icg.es\/en\/wp-json\/wp\/v2\/media?parent=16975"}],"curies":[{"name":"wp","href":"https:\/\/api.w.org\/{rel}","templated":true}]}}