{"id":18754,"date":"2024-04-05T13:48:00","date_gmt":"2024-04-05T13:48:00","guid":{"rendered":"https:\/\/www.icg.es\/?page_id=18754"},"modified":"2024-04-11T13:13:36","modified_gmt":"2024-04-11T13:13:36","slug":"cookies-policy","status":"publish","type":"page","link":"https:\/\/www.icg.es\/en\/cookies-policy\/","title":{"rendered":"Cookies Policy"},"content":{"rendered":"<section class=\"wpb-content-wrapper\"><p>[vc_row css=&#8221;.vc_custom_1513184803347{margin-top: 2.5vw !important;margin-bottom: 2.5vw !important;}&#8221;][vc_column width=&#8221;1\/4&#8243;][\/vc_column][vc_column width=&#8221;1\/2&#8243;]\r\n        <div class=icg_blockTitle>\r\n         \r\n           <div class='black1' align='center'>Cookies Policy<\/div>\r\n         \r\n        <\/div>[vc_column_text]<button id=\"mostrarPopup\" style=\"background-color: green; text-decoration: none; border: none; padding: 10px 26px; color: white; margin-bottom: 30px; margin-top: 40px; cursor: pointer;\">Cookies preferences<\/button>[\/vc_column_text][vc_raw_js]JTNDc2NyaXB0JTNFJTBBZG9jdW1lbnQuZ2V0RWxlbWVudEJ5SWQlMjglMjdtb3N0cmFyUG9wdXAlMjclMjkuYWRkRXZlbnRMaXN0ZW5lciUyOCUyN2NsaWNrJTI3JTJDJTIwZnVuY3Rpb24lMjglMjklMjAlN0IlMEElMjAlMjAlMjAlMjB2YXIlMjBjb29raWVMYXdJbmZvQmFyJTIwJTNEJTIwZG9jdW1lbnQuZ2V0RWxlbWVudEJ5SWQlMjglMjdjb29raWUtbGF3LWluZm8tYmFyJTI3JTI5JTNCJTBBJTIwJTIwJTIwJTIwY29va2llTGF3SW5mb0Jhci5zdHlsZS5kaXNwbGF5JTIwJTNEJTIwJTI3YmxvY2slMjclM0IlMEElMjAlMjAlMjAlMjBjb29raWVMYXdJbmZvQmFyLmNsYXNzTGlzdC5hZGQlMjglMjdjbGktc2hvdyUyNyUyOSUzQiUwQSUwQSUyMCUyMCUyMCUyMHZhciUyMGJhY2tkcm9wRGl2cyUyMCUzRCUyMGRvY3VtZW50LnF1ZXJ5U2VsZWN0b3JBbGwlMjglMjcuY2xpLW1vZGFsLWJhY2tkcm9wJTI3JTI5JTNCJTBBJTIwJTIwJTIwJTIwaWYlMjAlMjhiYWNrZHJvcERpdnMubGVuZ3RoJTIwJTNFJTIwMSUyOSUyMCU3QiUwQSUyMCUyMCUyMCUyMCUyMCUyMCUyMCUyMGJhY2tkcm9wRGl2cyU1QjElNUQuY2xhc3NMaXN0LmFkZCUyOCUyN2NsaS1zaG93JTI3JTI5JTNCJTBBJTIwJTIwJTIwJTIwJTdEJTBBJTBBJTIwJTIwJTIwJTIwdmFyJTIwcHJlZmVyZW5jZXNCdXR0b24lMjAlM0QlMjBkb2N1bWVudC5xdWVyeVNlbGVjdG9yJTI4JTI3LmNsaV9zZXR0aW5nc19idXR0b24lMjclMjklM0IlMEElMjAlMjAlMjAlMjBpZiUyMCUyOHByZWZlcmVuY2VzQnV0dG9uJTI5JTIwJTdCJTBBJTIwJTIwJTIwJTIwJTIwJTIwJTIwJTIwcHJlZmVyZW5jZXNCdXR0b24uY2xpY2slMjglMjklM0IlMEElMjAlMjAlMjAlMjAlN0QlMEElN0QlMjklM0IlMEElMEFkb2N1bWVudC5hZGRFdmVudExpc3RlbmVyJTI4JTI3RE9NQ29udGVudExvYWRlZCUyNyUyQyUyMGZ1bmN0aW9uJTI4JTI5JTIwJTdCJTBBJTIwJTIwJTIwJTIwZG9jdW1lbnQuZ2V0RWxlbWVudEJ5SWQlMjglMjd3dC1jbGktcHJpdmFjeS1zYXZlLWJ0biUyNyUyOS5hZGRFdmVudExpc3RlbmVyJTI4JTI3Y2xpY2slMjclMkMlMjBmdW5jdGlvbiUyOCUyOSUyMCU3QiUwQSUyMCUyMCUyMCUyMCUyMCUyMCUyMCUyMCUyRiUyRiUyME9idGVuZXIlMjBlbCUyMGVzdGFkbyUyMGRlbCUyMHN3aXRjaCUwQSUyMCUyMCUyMCUyMCUyMCUyMCUyMCUyMHZhciUyMHN3aXRjaElucHV0JTIwJTNEJTIwZG9jdW1lbnQuZ2V0RWxlbWVudEJ5SWQlMjglMjd3dC1jbGktY2hlY2tib3gtbm9uLW5lY2Vzc2FyeSUyNyUyOSUzQiUwQSUyMCUyMCUyMCUyMCUyMCUyMCUyMCUyMHZhciUyMHN3aXRjaFN0YXRlJTIwJTNEJTIwc3dpdGNoSW5wdXQuY2hlY2tlZCUyMCUzRiUyMCUyN2FjdGl2YWRvJTI3JTIwJTNBJTIwJTI3ZGVzYWN0aXZhZG8lMjclM0IlMEElMEElMjAlMjAlMjAlMjAlMjAlMjAlMjAlMjAlMkYlMkYlMjBWZXJpZmljYXIlMjBzaSUyMGVsJTIwc3dpdGNoJTIwZXN0JUMzJUExJTIwZGVzYWN0aXZhZG8lMEElMjAlMjAlMjAlMjAlMjAlMjAlMjAlMjBpZiUyMCUyOCUyMXN3aXRjaElucHV0LmNoZWNrZWQlMjklMjAlN0IlMEElMjAlMjAlMjAlMjAlMjAlMjAlMjAlMjAlMjAlMjAlMjAlMjBib3JyYXJDb29raWVzQW5hbHl0aWNzJTI4JTI5JTNCJTBBJTIwJTIwJTIwJTIwJTIwJTIwJTIwJTIwJTdEJTBBJTIwJTIwJTIwJTIwJTdEJTI5JTNCJTBBJTdEJTI5JTNCJTBBJTBBJTJGJTJGJTIwRnVuY2klQzMlQjNuJTIwcGFyYSUyMGJvcnJhciUyMHRvZGFzJTIwbGFzJTIwY29va2llcyUyMGRlJTIwR29vZ2xlJTIwQW5hbHl0aWNzJTIwJTI4X2dhJTIweSUyMF9naWQlMjklMEFmdW5jdGlvbiUyMGJvcnJhckNvb2tpZXNBbmFseXRpY3MlMjglMjklMjAlN0IlMEElMjAlMjAlMjAlMjBkb2N1bWVudC5jb29raWUuc3BsaXQlMjglMjIlM0IlMjIlMjkuZm9yRWFjaCUyOGZ1bmN0aW9uJTIwJTI4YyUyOSUyMCU3QiUwQSUyMCUyMCUyMCUyMCUyMCUyMCUyMCUyMGRvY3VtZW50LmNvb2tpZSUyMCUzRCUyMGMucmVwbGFjZSUyOCUyRiU1RSUyMCUyQiUyRiUyQyUyMCUyMiUyMiUyOS5yZXBsYWNlJTI4JTJGJTNELiUyQSUyRiUyQyUyMCUyMiUzRCUzQmV4cGlyZXMlM0QlMjIlMjAlMkIlMjBuZXclMjBEYXRlJTI4JTI5LnRvVVRDU3RyaW5nJTI4JTI5JTIwJTJCJTIwJTIyJTNCZG9tYWluJTNELmljZy5lcyUzQnBhdGglM0QlMkYlM0JtYXgtYWdlJTNEMCUyMiUyOSUzQiUwQSUyMCUyMCUyMCUyMCU3RCUyOSUzQiUwQSU3RCUwQSUwQSUzQyUyRnNjcmlwdCUzRQ==[\/vc_raw_js][vc_column_text css=&#8221;.vc_custom_1712841196753{margin-top: 10px !important;}&#8221;]<b style=\"margin-top: 70px; letter-spacing: 0; font-size: 1em;\">Definition and function of cookies<\/b><\/p>\n<p>What are cookies? A cookie is a file that is downloaded to your computer when you access certain web pages. Cookies allow a website, among other things, to store and retrieve information about the browsing habits of a user or their equipment and, depending on the information they contain and the way you use your equipment, they can be used to recognize to the user, but at no time do they provide personal information.<\/p>\n<p>&nbsp;<\/p>\n<p><b style=\"letter-spacing: 0; font-size: 1em;\">What types of cookies does this website use?<\/b><\/p>\n<p><b style=\"letter-spacing: 0; margin-top: 25px; font-size: 1em; text-transform: none;\">Necessary cookies<\/b><\/p>\n<p>They are a type of cookies designed to collect and store data while the user accesses a web page. This information is only stored in your browser and is destroyed once your browser is closed.<\/p>\n<p>&nbsp;<\/p>\n<p><b style=\"letter-spacing: 0; font-size: 1em; text-transform: none;\">Google analytics cookies<\/b><\/p>\n<p>These cookies are used to collect information about how visitors use our site. We use the information to prepare reports and to help us improve website navigation. The cookies collect information anonymously, including the number of visitors, where visitors have come to the website from and the pages they visited.<\/p>\n<p>&nbsp;<\/p>\n<p>This analysis is carried out using the Google Analytics tool, from which you can obtain more information about their privacy policies here.<\/p>\n<p>&nbsp;<\/p>\n<p>The list of cookies described, used on this website is as follows:<\/p>\n<p>&nbsp;<\/p>\n<div style=\"background-color: #f8f8f8; padding: 22px; border-radius: 0.8rem;\">\n<table class=\"fs-15 my-0\" style=\"width: 100%;\">\n<thead>\n<tr>\n<th>Name<\/th>\n<th>Domain<\/th>\n<th>Expiration<\/th>\n<th>Cookie<\/th>\n<\/tr>\n<\/thead>\n<tbody>\n<tr>\n<td data-column=\"Name\">_icg_visitor_lang_js<\/td>\n<td data-column=\"Domain\">.www.icg.es<\/td>\n<td data-column=\"Expiration\">1 year<\/td>\n<td data-column=\"cookie\">Own<\/td>\n<\/tr>\n<tr>\n<td data-column=\"Name\">cookielawinfo-checkbox-necessary<\/td>\n<td data-column=\"Domain\">www.icg.es<\/td>\n<td data-column=\"Expiration\">1 year<\/td>\n<td data-column=\"cookie\">Own<\/td>\n<\/tr>\n<tr>\n<td data-column=\"Name\">cookielawinfo-checkbox-non-necessary<\/td>\n<td data-column=\"Domain\">www.icg.es<\/td>\n<td data-column=\"Expiration\">1 year<\/td>\n<td data-column=\"cookie\">Own<\/td>\n<\/tr>\n<tr>\n<td data-column=\"Name\">CookieLawInfoConsent<\/td>\n<td data-column=\"Domain\">www.icg.es<\/td>\n<td data-column=\"Expiration\">1 year<\/td>\n<td data-column=\"cookie\">Own<\/td>\n<\/tr>\n<tr>\n<td data-column=\"Name\">viewed_cookie_policy<\/td>\n<td data-column=\"Domain\">www.icg.es<\/td>\n<td data-column=\"Expiration\">1 year<\/td>\n<td data-column=\"cookie\">Own<\/td>\n<\/tr>\n<tr>\n<td data-column=\"Name\">wpml_browser_redirect_test<\/td>\n<td data-column=\"Domain\">www.icg.es<\/td>\n<td data-column=\"Expiration\">1 year<\/td>\n<td data-column=\"cookie\">Own<\/td>\n<\/tr>\n<tr>\n<td data-column=\"Name\">_ga<\/td>\n<td data-column=\"Domain\">.icg.es<\/td>\n<td data-column=\"Expiration\">13 month<\/td>\n<td data-column=\"cookie\">Third-party<\/td>\n<\/tr>\n<tr>\n<td data-column=\"Name\">_ga_<\/td>\n<td data-column=\"Domain\">.icg.es<\/td>\n<td data-column=\"Expiration\">13 month<\/td>\n<td data-column=\"cookie\">Third-party<\/td>\n<\/tr>\n<\/tbody>\n<\/table>\n<\/div>\n<p>&nbsp;<\/p>\n<p><b style=\"letter-spacing: 0; margin-top: 45px; font-size: 1em;\">Revocation and deletion of cookies<\/b><\/p>\n<p>You can allow, block or delete cookies by using the cookie settings button or by configuring the options of the browser installed on your computer.<\/p>\n<p>&nbsp;<\/p>\n<p>Below we offer links where you will find information on how you can activate your preferences in the main browsers:<\/p>\n<p>&nbsp;<\/p>\n<p><a href=\"https:\/\/support.google.com\/chrome\/answer\/95647?hl=es\">Google Chrome<\/a><\/p>\n<p><a href=\"https:\/\/support.mozilla.org\/es\/kb\/Borrar%20cookies\">Mozilla Firefox<\/a><\/p>\n<p><a href=\"https:\/\/support.microsoft.com\/es-es\/windows\/eliminar-y-administrar-cookies-168dab11-0753-043d-7c16-ede5947fc64d#:~:text=Para%20eliminar%20las%20cookies,web%20y%20luego%20selecciona%20Eliminar.\">Internet Explorer<\/a><\/p>\n<p><a href=\"https:\/\/support.microsoft.com\/es-es\/windows\/microsoft-edge-datos-de-exploraci%C3%B3n-y-privacidad-bb8174ba-9d73-dcf2-9b4a-c582b4e640dd#:~:text=Para%20borrar%20la%20informaci%C3%B3n%20de,lo%20que%20se%20debe%20borrar.\">Microsoft Edge<\/a><\/p>\n<p><a href=\"https:\/\/support.apple.com\/es-es\/HT201265\">Safari<\/a><\/p>\n<p style=\"margin-top: 30px;\">If you want more information about the use of cookies, you can request it from us at internet@icg.es<\/p>\n<p>[\/vc_column_text][\/vc_column][vc_column width=&#8221;1\/4&#8243;][\/vc_column][\/vc_row]<\/p>\n<\/section>","protected":false},"excerpt":{"rendered":"<p>[vc_row css=&#8221;.vc_custom_1513184803347{margin-top: 2.5vw !important;margin-bottom: 2.5vw !important;}&#8221;][vc_column width=&#8221;1\/4&#8243;][\/vc_column][vc_column width=&#8221;1\/2&#8243;][vc_column_text]Cookies preferences[\/vc_column_text][vc_raw_js]JTNDc2NyaXB0JTNFJTBBZG9jdW1lbnQuZ2V0RWxlbWVudEJ5SWQlMjglMjdtb3N0cmFyUG9wdXAlMjclMjkuYWRkRXZlbnRMaXN0ZW5lciUyOCUyN2NsaWNrJTI3JTJDJTIwZnVuY3Rpb24lMjglMjklMjAlN0IlMEElMjAlMjAlMjAlMjB2YXIlMjBjb29raWVMYXdJbmZvQmFyJTIwJTNEJTIwZG9jdW1lbnQuZ2V0RWxlbWVudEJ5SWQlMjglMjdjb29raWUtbGF3LWluZm8tYmFyJTI3JTI5JTNCJTBBJTIwJTIwJTIwJTIwY29va2llTGF3SW5mb0Jhci5zdHlsZS5kaXNwbGF5JTIwJTNEJTIwJTI3YmxvY2slMjclM0IlMEElMjAlMjAlMjAlMjBjb29raWVMYXdJbmZvQmFyLmNsYXNzTGlzdC5hZGQlMjglMjdjbGktc2hvdyUyNyUyOSUzQiUwQSUwQSUyMCUyMCUyMCUyMHZhciUyMGJhY2tkcm9wRGl2cyUyMCUzRCUyMGRvY3VtZW50LnF1ZXJ5U2VsZWN0b3JBbGwlMjglMjcuY2xpLW1vZGFsLWJhY2tkcm9wJTI3JTI5JTNCJTBBJTIwJTIwJTIwJTIwaWYlMjAlMjhiYWNrZHJvcERpdnMubGVuZ3RoJTIwJTNFJTIwMSUyOSUyMCU3QiUwQSUyMCUyMCUyMCUyMCUyMCUyMCUyMCUyMGJhY2tkcm9wRGl2cyU1QjElNUQuY2xhc3NMaXN0LmFkZCUyOCUyN2NsaS1zaG93JTI3JTI5JTNCJTBBJTIwJTIwJTIwJTIwJTdEJTBBJTBBJTIwJTIwJTIwJTIwdmFyJTIwcHJlZmVyZW5jZXNCdXR0b24lMjAlM0QlMjBkb2N1bWVudC5xdWVyeVNlbGVjdG9yJTI4JTI3LmNsaV9zZXR0aW5nc19idXR0b24lMjclMjklM0IlMEElMjAlMjAlMjAlMjBpZiUyMCUyOHByZWZlcmVuY2VzQnV0dG9uJTI5JTIwJTdCJTBBJTIwJTIwJTIwJTIwJTIwJTIwJTIwJTIwcHJlZmVyZW5jZXNCdXR0b24uY2xpY2slMjglMjklM0IlMEElMjAlMjAlMjAlMjAlN0QlMEElN0QlMjklM0IlMEElMEFkb2N1bWVudC5hZGRFdmVudExpc3RlbmVyJTI4JTI3RE9NQ29udGVudExvYWRlZCUyNyUyQyUyMGZ1bmN0aW9uJTI4JTI5JTIwJTdCJTBBJTIwJTIwJTIwJTIwZG9jdW1lbnQuZ2V0RWxlbWVudEJ5SWQlMjglMjd3dC1jbGktcHJpdmFjeS1zYXZlLWJ0biUyNyUyOS5hZGRFdmVudExpc3RlbmVyJTI4JTI3Y2xpY2slMjclMkMlMjBmdW5jdGlvbiUyOCUyOSUyMCU3QiUwQSUyMCUyMCUyMCUyMCUyMCUyMCUyMCUyMCUyRiUyRiUyME9idGVuZXIlMjBlbCUyMGVzdGFkbyUyMGRlbCUyMHN3aXRjaCUwQSUyMCUyMCUyMCUyMCUyMCUyMCUyMCUyMHZhciUyMHN3aXRjaElucHV0JTIwJTNEJTIwZG9jdW1lbnQuZ2V0RWxlbWVudEJ5SWQlMjglMjd3dC1jbGktY2hlY2tib3gtbm9uLW5lY2Vzc2FyeSUyNyUyOSUzQiUwQSUyMCUyMCUyMCUyMCUyMCUyMCUyMCUyMHZhciUyMHN3aXRjaFN0YXRlJTIwJTNEJTIwc3dpdGNoSW5wdXQuY2hlY2tlZCUyMCUzRiUyMCUyN2FjdGl2YWRvJTI3JTIwJTNBJTIwJTI3ZGVzYWN0aXZhZG8lMjclM0IlMEElMEElMjAlMjAlMjAlMjAlMjAlMjAlMjAlMjAlMkYlMkYlMjBWZXJpZmljYXIlMjBzaSUyMGVsJTIwc3dpdGNoJTIwZXN0JUMzJUExJTIwZGVzYWN0aXZhZG8lMEElMjAlMjAlMjAlMjAlMjAlMjAlMjAlMjBpZiUyMCUyOCUyMXN3aXRjaElucHV0LmNoZWNrZWQlMjklMjAlN0IlMEElMjAlMjAlMjAlMjAlMjAlMjAlMjAlMjAlMjAlMjAlMjAlMjBib3JyYXJDb29raWVzQW5hbHl0aWNzJTI4JTI5JTNCJTBBJTIwJTIwJTIwJTIwJTIwJTIwJTIwJTIwJTdEJTBBJTIwJTIwJTIwJTIwJTdEJTI5JTNCJTBBJTdEJTI5JTNCJTBBJTBBJTJGJTJGJTIwRnVuY2klQzMlQjNuJTIwcGFyYSUyMGJvcnJhciUyMHRvZGFzJTIwbGFzJTIwY29va2llcyUyMGRlJTIwR29vZ2xlJTIwQW5hbHl0aWNzJTIwJTI4X2dhJTIweSUyMF9naWQlMjklMEFmdW5jdGlvbiUyMGJvcnJhckNvb2tpZXNBbmFseXRpY3MlMjglMjklMjAlN0IlMEElMjAlMjAlMjAlMjBkb2N1bWVudC5jb29raWUuc3BsaXQlMjglMjIlM0IlMjIlMjkuZm9yRWFjaCUyOGZ1bmN0aW9uJTIwJTI4YyUyOSUyMCU3QiUwQSUyMCUyMCUyMCUyMCUyMCUyMCUyMCUyMGRvY3VtZW50LmNvb2tpZSUyMCUzRCUyMGMucmVwbGFjZSUyOCUyRiU1RSUyMCUyQiUyRiUyQyUyMCUyMiUyMiUyOS5yZXBsYWNlJTI4JTJGJTNELiUyQSUyRiUyQyUyMCUyMiUzRCUzQmV4cGlyZXMlM0QlMjIlMjAlMkIlMjBuZXclMjBEYXRlJTI4JTI5LnRvVVRDU3RyaW5nJTI4JTI5JTIwJTJCJTIwJTIyJTNCZG9tYWluJTNELmljZy5lcyUzQnBhdGglM0QlMkYlM0JtYXgtYWdlJTNEMCUyMiUyOSUzQiUwQSUyMCUyMCUyMCUyMCU3RCUyOSUzQiUwQSU3RCUwQSUwQSUzQyUyRnNjcmlwdCUzRQ==[\/vc_raw_js][vc_column_text css=&#8221;.vc_custom_1712841196753{margin-top: 10px !important;}&#8221;]Definition and function of cookies What are cookies? A cookie is a file that is downloaded to your computer when you access certain web pages. Cookies allow a website, among other things, to store&#8230;<\/p>\n","protected":false},"author":1,"featured_media":0,"parent":0,"menu_order":0,"comment_status":"closed","ping_status":"closed","template":"","meta":{"footnotes":""},"categories":[],"tags":[],"class_list":["post-18754","page","type-page","status-publish","hentry"],"yoast_head":"<!-- This site is optimized with the Yoast SEO plugin v25.1 - https:\/\/yoast.com\/wordpress\/plugins\/seo\/ -->\n<title>ICG Software - Hosteler\u00eda | Hoteles | Retail | Gesti\u00f3n empresarial - Cookies Policy<\/title>\n<meta name=\"description\" content=\"Fabricamos soluciones para la hosteler\u00eda, hotel y retail, desde el software Punto de Venta hasta la gesti\u00f3n centralizada de cadenas y franquicias\" \/>\n<meta name=\"robots\" content=\"index, follow, max-snippet:-1, max-image-preview:large, max-video-preview:-1\" \/>\n<link rel=\"canonical\" href=\"https:\/\/www.icg.es\/en\/cookies-policy\/\" \/>\n<meta property=\"og:locale\" content=\"en_US\" \/>\n<meta property=\"og:type\" content=\"article\" \/>\n<meta property=\"og:title\" content=\"ICG Software - Hosteler\u00eda | Hoteles | Retail | Gesti\u00f3n empresarial - Cookies Policy\" \/>\n<meta property=\"og:description\" content=\"Fabricamos soluciones para la hosteler\u00eda, hotel y retail, desde el software Punto de Venta hasta la gesti\u00f3n centralizada de cadenas y franquicias\" \/>\n<meta property=\"og:url\" content=\"https:\/\/www.icg.es\/en\/cookies-policy\/\" \/>\n<meta property=\"og:site_name\" content=\"ICG Software\" \/>\n<meta property=\"article:publisher\" content=\"https:\/\/www.facebook.com\/GrupoICGSoftware\" \/>\n<meta property=\"article:modified_time\" content=\"2024-04-11T13:13:36+00:00\" \/>\n<meta name=\"twitter:card\" content=\"summary_large_image\" \/>\n<meta name=\"twitter:site\" content=\"@icgsoftwaregrup\" \/>\n<meta name=\"twitter:label1\" content=\"Est. reading time\" \/>\n\t<meta name=\"twitter:data1\" content=\"2 minutes\" \/>\n<script type=\"application\/ld+json\" class=\"yoast-schema-graph\">{\"@context\":\"https:\/\/schema.org\",\"@graph\":[{\"@type\":\"WebPage\",\"@id\":\"https:\/\/www.icg.es\/en\/cookies-policy\/\",\"url\":\"https:\/\/www.icg.es\/en\/cookies-policy\/\",\"name\":\"ICG Software - Hosteler\u00eda | Hoteles | Retail | Gesti\u00f3n empresarial - Cookies Policy\",\"isPartOf\":{\"@id\":\"https:\/\/www.icg.es\/en\/#website\"},\"datePublished\":\"2024-04-05T13:48:00+00:00\",\"dateModified\":\"2024-04-11T13:13:36+00:00\",\"description\":\"Fabricamos soluciones para la hosteler\u00eda, hotel y retail, desde el software Punto de Venta hasta la gesti\u00f3n centralizada de cadenas y franquicias\",\"breadcrumb\":{\"@id\":\"https:\/\/www.icg.es\/en\/cookies-policy\/#breadcrumb\"},\"inLanguage\":\"en-US\",\"potentialAction\":[{\"@type\":\"ReadAction\",\"target\":[\"https:\/\/www.icg.es\/en\/cookies-policy\/\"]}]},{\"@type\":\"BreadcrumbList\",\"@id\":\"https:\/\/www.icg.es\/en\/cookies-policy\/#breadcrumb\",\"itemListElement\":[{\"@type\":\"ListItem\",\"position\":1,\"name\":\"Home\",\"item\":\"https:\/\/www.icg.es\/en\/\"},{\"@type\":\"ListItem\",\"position\":2,\"name\":\"Cookies Policy\"}]},{\"@type\":\"WebSite\",\"@id\":\"https:\/\/www.icg.es\/en\/#website\",\"url\":\"https:\/\/www.icg.es\/en\/\",\"name\":\"ICG Software\",\"description\":\"Hosteler\u00eda | Hoteles | Retail | Gesti\u00f3n empresarial\",\"publisher\":{\"@id\":\"https:\/\/www.icg.es\/en\/#organization\"},\"potentialAction\":[{\"@type\":\"SearchAction\",\"target\":{\"@type\":\"EntryPoint\",\"urlTemplate\":\"https:\/\/www.icg.es\/en\/?s={search_term_string}\"},\"query-input\":{\"@type\":\"PropertyValueSpecification\",\"valueRequired\":true,\"valueName\":\"search_term_string\"}}],\"inLanguage\":\"en-US\"},{\"@type\":\"Organization\",\"@id\":\"https:\/\/www.icg.es\/en\/#organization\",\"name\":\"ICG Software\",\"url\":\"https:\/\/www.icg.es\/en\/\",\"logo\":{\"@type\":\"ImageObject\",\"inLanguage\":\"en-US\",\"@id\":\"https:\/\/www.icg.es\/en\/#\/schema\/logo\/image\/\",\"url\":\"https:\/\/www.icg.es\/wp-content\/uploads\/2020\/01\/Logo-ICG-Software-200x200.png\",\"contentUrl\":\"https:\/\/www.icg.es\/wp-content\/uploads\/2020\/01\/Logo-ICG-Software-200x200.png\",\"width\":200,\"height\":200,\"caption\":\"ICG Software\"},\"image\":{\"@id\":\"https:\/\/www.icg.es\/en\/#\/schema\/logo\/image\/\"},\"sameAs\":[\"https:\/\/www.facebook.com\/GrupoICGSoftware\",\"https:\/\/x.com\/icgsoftwaregrup\",\"https:\/\/es.linkedin.com\/company\/icggroup\",\"https:\/\/es.wikipedia.org\/wiki\/ICG_Software\"]}]}<\/script>\n<!-- \/ Yoast SEO plugin. -->","yoast_head_json":{"title":"ICG Software - Hosteler\u00eda | Hoteles | Retail | Gesti\u00f3n empresarial - Cookies Policy","description":"Fabricamos soluciones para la hosteler\u00eda, hotel y retail, desde el software Punto de Venta hasta la gesti\u00f3n centralizada de cadenas y franquicias","robots":{"index":"index","follow":"follow","max-snippet":"max-snippet:-1","max-image-preview":"max-image-preview:large","max-video-preview":"max-video-preview:-1"},"canonical":"https:\/\/www.icg.es\/en\/cookies-policy\/","og_locale":"en_US","og_type":"article","og_title":"ICG Software - Hosteler\u00eda | Hoteles | Retail | Gesti\u00f3n empresarial - Cookies Policy","og_description":"Fabricamos soluciones para la hosteler\u00eda, hotel y retail, desde el software Punto de Venta hasta la gesti\u00f3n centralizada de cadenas y franquicias","og_url":"https:\/\/www.icg.es\/en\/cookies-policy\/","og_site_name":"ICG Software","article_publisher":"https:\/\/www.facebook.com\/GrupoICGSoftware","article_modified_time":"2024-04-11T13:13:36+00:00","twitter_card":"summary_large_image","twitter_site":"@icgsoftwaregrup","twitter_misc":{"Est. reading time":"2 minutes"},"schema":{"@context":"https:\/\/schema.org","@graph":[{"@type":"WebPage","@id":"https:\/\/www.icg.es\/en\/cookies-policy\/","url":"https:\/\/www.icg.es\/en\/cookies-policy\/","name":"ICG Software - Hosteler\u00eda | Hoteles | Retail | Gesti\u00f3n empresarial - Cookies Policy","isPartOf":{"@id":"https:\/\/www.icg.es\/en\/#website"},"datePublished":"2024-04-05T13:48:00+00:00","dateModified":"2024-04-11T13:13:36+00:00","description":"Fabricamos soluciones para la hosteler\u00eda, hotel y retail, desde el software Punto de Venta hasta la gesti\u00f3n centralizada de cadenas y franquicias","breadcrumb":{"@id":"https:\/\/www.icg.es\/en\/cookies-policy\/#breadcrumb"},"inLanguage":"en-US","potentialAction":[{"@type":"ReadAction","target":["https:\/\/www.icg.es\/en\/cookies-policy\/"]}]},{"@type":"BreadcrumbList","@id":"https:\/\/www.icg.es\/en\/cookies-policy\/#breadcrumb","itemListElement":[{"@type":"ListItem","position":1,"name":"Home","item":"https:\/\/www.icg.es\/en\/"},{"@type":"ListItem","position":2,"name":"Cookies Policy"}]},{"@type":"WebSite","@id":"https:\/\/www.icg.es\/en\/#website","url":"https:\/\/www.icg.es\/en\/","name":"ICG Software","description":"Hosteler\u00eda | Hoteles | Retail | Gesti\u00f3n empresarial","publisher":{"@id":"https:\/\/www.icg.es\/en\/#organization"},"potentialAction":[{"@type":"SearchAction","target":{"@type":"EntryPoint","urlTemplate":"https:\/\/www.icg.es\/en\/?s={search_term_string}"},"query-input":{"@type":"PropertyValueSpecification","valueRequired":true,"valueName":"search_term_string"}}],"inLanguage":"en-US"},{"@type":"Organization","@id":"https:\/\/www.icg.es\/en\/#organization","name":"ICG Software","url":"https:\/\/www.icg.es\/en\/","logo":{"@type":"ImageObject","inLanguage":"en-US","@id":"https:\/\/www.icg.es\/en\/#\/schema\/logo\/image\/","url":"https:\/\/www.icg.es\/wp-content\/uploads\/2020\/01\/Logo-ICG-Software-200x200.png","contentUrl":"https:\/\/www.icg.es\/wp-content\/uploads\/2020\/01\/Logo-ICG-Software-200x200.png","width":200,"height":200,"caption":"ICG Software"},"image":{"@id":"https:\/\/www.icg.es\/en\/#\/schema\/logo\/image\/"},"sameAs":["https:\/\/www.facebook.com\/GrupoICGSoftware","https:\/\/x.com\/icgsoftwaregrup","https:\/\/es.linkedin.com\/company\/icggroup","https:\/\/es.wikipedia.org\/wiki\/ICG_Software"]}]}},"_links":{"self":[{"href":"https:\/\/www.icg.es\/en\/wp-json\/wp\/v2\/pages\/18754","targetHints":{"allow":["GET"]}}],"collection":[{"href":"https:\/\/www.icg.es\/en\/wp-json\/wp\/v2\/pages"}],"about":[{"href":"https:\/\/www.icg.es\/en\/wp-json\/wp\/v2\/types\/page"}],"author":[{"embeddable":true,"href":"https:\/\/www.icg.es\/en\/wp-json\/wp\/v2\/users\/1"}],"replies":[{"embeddable":true,"href":"https:\/\/www.icg.es\/en\/wp-json\/wp\/v2\/comments?post=18754"}],"version-history":[{"count":9,"href":"https:\/\/www.icg.es\/en\/wp-json\/wp\/v2\/pages\/18754\/revisions"}],"predecessor-version":[{"id":18824,"href":"https:\/\/www.icg.es\/en\/wp-json\/wp\/v2\/pages\/18754\/revisions\/18824"}],"wp:attachment":[{"href":"https:\/\/www.icg.es\/en\/wp-json\/wp\/v2\/media?parent=18754"}],"wp:term":[{"taxonomy":"category","embeddable":true,"href":"https:\/\/www.icg.es\/en\/wp-json\/wp\/v2\/categories?post=18754"},{"taxonomy":"post_tag","embeddable":true,"href":"https:\/\/www.icg.es\/en\/wp-json\/wp\/v2\/tags?post=18754"}],"curies":[{"name":"wp","href":"https:\/\/api.w.org\/{rel}","templated":true}]}}