{"id":2752,"date":"2018-05-08T11:06:57","date_gmt":"2018-05-08T11:06:57","guid":{"rendered":"http:\/\/www.icg.es\/?page_id=2752"},"modified":"2019-04-23T14:39:08","modified_gmt":"2019-04-23T14:39:08","slug":"products","status":"publish","type":"page","link":"https:\/\/www.icg.es\/en\/graphic-material\/products\/","title":{"rendered":"Products"},"content":{"rendered":"<section class=\"wpb-content-wrapper\"><p>[vc_row][vc_column][vc_empty_space height=&#8221;50px&#8221;][vc_column_text]<\/p>\n<h3 style=\"text-align: center\">Corporate Information\u00a0 |\u00a0 Products<\/h3>\n<p>[\/vc_column_text][\/vc_column][\/vc_row][vc_row el_class=&#8221;.icg_row_1100&#8243; css=&#8221;.vc_custom_1513093252878{margin-top: 2.5vw !important;margin-bottom: 2.5vw !important;}&#8221;][vc_column width=&#8221;1\/4&#8243;][vc_single_image image=&#8221;2760&#8243; img_size=&#8221;&#8221; alignment=&#8221;center&#8221; onclick=&#8221;custom_link&#8221; img_link_target=&#8221;_blank&#8221; css_animation=&#8221;none&#8221; link=&#8221;https:\/\/www.icg.es\/downloads\/informacion-corporativa\/productos\/BeatlePos-II-Hosteleria.zip&#8221;][vc_column_text css=&#8221;.vc_custom_1525777282044{margin-top: 10px !important;}&#8221;]<\/p>\n<p style=\"text-align: center\">BeatlePOS II | Hospitality<\/p>\n<p>[\/vc_column_text][\/vc_column][vc_column width=&#8221;1\/4&#8243;][vc_single_image image=&#8221;2761&#8243; img_size=&#8221;&#8221; alignment=&#8221;center&#8221; onclick=&#8221;custom_link&#8221; img_link_target=&#8221;_blank&#8221; css_animation=&#8221;none&#8221; link=&#8221;https:\/\/www.icg.es\/downloads\/informacion-corporativa\/productos\/BeatlePos-II-Retail.zip&#8221;][vc_column_text css=&#8221;.vc_custom_1525771427077{margin-top: 10px !important;}&#8221;]<\/p>\n<p style=\"text-align: center\">BeatlePOS II | Retail<\/p>\n<p>[\/vc_column_text][\/vc_column][vc_column width=&#8221;1\/4&#8243;][vc_single_image image=&#8221;2762&#8243; img_size=&#8221;&#8221; alignment=&#8221;center&#8221; onclick=&#8221;custom_link&#8221; img_link_target=&#8221;_blank&#8221; css_animation=&#8221;none&#8221; link=&#8221;https:\/\/www.icg.es\/downloads\/informacion-corporativa\/productos\/BeatlePos-II-2a-Pantalla.zip&#8221;][vc_column_text css=&#8221;.vc_custom_1525777294017{margin-top: 10px !important;}&#8221;]<\/p>\n<p style=\"text-align: center\">BeatlePOS II | Second screen<\/p>\n<p>[\/vc_column_text][\/vc_column][vc_column width=&#8221;1\/4&#8243;][vc_single_image image=&#8221;2763&#8243; img_size=&#8221;&#8221; alignment=&#8221;center&#8221; onclick=&#8221;custom_link&#8221; img_link_target=&#8221;_blank&#8221; css_animation=&#8221;none&#8221; link=&#8221;https:\/\/www.icg.es\/downloads\/informacion-corporativa\/productos\/BeatlePos-II-Frontal.zip&#8221;][vc_column_text css=&#8221;.vc_custom_1525777302038{margin-top: 10px !important;}&#8221;]<\/p>\n<p style=\"text-align: center\">BeatlePOS II | Front<\/p>\n<p>[\/vc_column_text][\/vc_column][\/vc_row][vc_row el_class=&#8221;.icg_row_1100&#8243; css=&#8221;.vc_custom_1513093252878{margin-top: 2.5vw !important;margin-bottom: 2.5vw !important;}&#8221;][vc_column width=&#8221;1\/4&#8243;][vc_single_image image=&#8221;2765&#8243; img_size=&#8221;&#8221; alignment=&#8221;center&#8221; onclick=&#8221;custom_link&#8221; img_link_target=&#8221;_blank&#8221; css_animation=&#8221;none&#8221; link=&#8221;https:\/\/www.icg.es\/downloads\/informacion-corporativa\/productos\/FrontHotel-Planning.zip&#8221;][vc_column_text css=&#8221;.vc_custom_1525773602511{margin-top: 10px !important;}&#8221;]<\/p>\n<p style=\"text-align: center\">FrontHotel Planning<\/p>\n<p>[\/vc_column_text][\/vc_column][vc_column width=&#8221;1\/4&#8243;][vc_single_image image=&#8221;2766&#8243; img_size=&#8221;&#8221; alignment=&#8221;center&#8221; onclick=&#8221;custom_link&#8221; img_link_target=&#8221;_blank&#8221; css_animation=&#8221;none&#8221; link=&#8221;https:\/\/www.icg.es\/downloads\/informacion-corporativa\/productos\/FrontRetail-Mobile.zip&#8221;][vc_column_text css=&#8221;.vc_custom_1525773647184{margin-top: 10px !important;}&#8221;]<\/p>\n<p style=\"text-align: center\">FrontRetail Mobile<\/p>\n<p>[\/vc_column_text][\/vc_column][vc_column width=&#8221;1\/4&#8243;][vc_single_image image=&#8221;2779&#8243; img_size=&#8221;&#8221; alignment=&#8221;center&#8221; onclick=&#8221;custom_link&#8221; img_link_target=&#8221;_blank&#8221; css_animation=&#8221;none&#8221; link=&#8221;https:\/\/www.icg.es\/downloads\/informacion-corporativa\/productos\/TeleComanda-Tablet.zip&#8221;][vc_column_text css=&#8221;.vc_custom_1525774221480{margin-top: 10px !important;}&#8221;]<\/p>\n<p style=\"text-align: center\">TeleComanda<\/p>\n<p>[\/vc_column_text][\/vc_column][vc_column width=&#8221;1\/4&#8243;][vc_single_image image=&#8221;2767&#8243; img_size=&#8221;&#8221; alignment=&#8221;center&#8221; onclick=&#8221;custom_link&#8221; img_link_target=&#8221;_blank&#8221; css_animation=&#8221;none&#8221; link=&#8221;https:\/\/www.icg.es\/downloads\/informacion-corporativa\/productos\/HioScreen.zip&#8221;][vc_column_text css=&#8221;.vc_custom_1525773929228{margin-top: 10px !important;}&#8221;]<\/p>\n<p style=\"text-align: center\">HioScreen<\/p>\n<p>[\/vc_column_text][\/vc_column][\/vc_row][vc_row el_class=&#8221;.icg_row_1100&#8243; css=&#8221;.vc_custom_1513093252878{margin-top: 2.5vw !important;margin-bottom: 2.5vw !important;}&#8221;][vc_column width=&#8221;1\/4&#8243;][vc_single_image image=&#8221;2768&#8243; img_size=&#8221;&#8221; alignment=&#8221;center&#8221; onclick=&#8221;custom_link&#8221; img_link_target=&#8221;_blank&#8221; css_animation=&#8221;none&#8221; link=&#8221;https:\/\/www.icg.es\/downloads\/informacion-corporativa\/productos\/ICGManager-Pantalla.zip&#8221;][vc_column_text css=&#8221;.vc_custom_1525777324190{margin-top: 10px !important;}&#8221;]<\/p>\n<p style=\"text-align: center\">ICGManager Screen<\/p>\n<p>[\/vc_column_text][\/vc_column][vc_column width=&#8221;1\/4&#8243;][vc_single_image image=&#8221;2772&#8243; img_size=&#8221;&#8221; alignment=&#8221;center&#8221; onclick=&#8221;custom_link&#8221; img_link_target=&#8221;_blank&#8221; css_animation=&#8221;none&#8221; link=&#8221;https:\/\/www.icg.es\/downloads\/informacion-corporativa\/productos\/ISPOS-Hosteleria.zip&#8221;][vc_column_text css=&#8221;.vc_custom_1525774006985{margin-top: 10px !important;}&#8221;]<\/p>\n<p style=\"text-align: center\">ISPOS | Hosteler\u00eda<\/p>\n<p>[\/vc_column_text][\/vc_column][vc_column width=&#8221;1\/4&#8243;][vc_single_image image=&#8221;2773&#8243; img_size=&#8221;&#8221; alignment=&#8221;center&#8221; onclick=&#8221;custom_link&#8221; img_link_target=&#8221;_blank&#8221; css_animation=&#8221;none&#8221; link=&#8221;https:\/\/www.icg.es\/downloads\/informacion-corporativa\/productos\/ISPOS-Retail.zip&#8221;][vc_column_text css=&#8221;.vc_custom_1525774025573{margin-top: 10px !important;}&#8221;]<\/p>\n<p style=\"text-align: center\">ISPOS | Retail<\/p>\n<p>[\/vc_column_text][\/vc_column][vc_column width=&#8221;1\/4&#8243;][vc_single_image image=&#8221;2776&#8243; img_size=&#8221;&#8221; alignment=&#8221;center&#8221; onclick=&#8221;custom_link&#8221; img_link_target=&#8221;_blank&#8221; css_animation=&#8221;none&#8221; link=&#8221;https:\/\/www.icg.es\/downloads\/informacion-corporativa\/productos\/ISPOS-Trasera.zip&#8221;][vc_column_text css=&#8221;.vc_custom_1525774171685{margin-top: 10px !important;}&#8221;]<\/p>\n<p style=\"text-align: center\">ISPOS | Trasera<\/p>\n<p>[\/vc_column_text][\/vc_column][\/vc_row][vc_row el_class=&#8221;.icg_row_1100&#8243; css=&#8221;.vc_custom_1513093252878{margin-top: 2.5vw !important;margin-bottom: 2.5vw !important;}&#8221;][vc_column width=&#8221;1\/4&#8243;][vc_single_image image=&#8221;2777&#8243; img_size=&#8221;&#8221; alignment=&#8221;center&#8221; onclick=&#8221;custom_link&#8221; img_link_target=&#8221;_blank&#8221; css_animation=&#8221;none&#8221; link=&#8221;https:\/\/www.icg.es\/downloads\/informacion-corporativa\/productos\/ISPOS-WP-Hosteleria.zip&#8221;][vc_column_text css=&#8221;.vc_custom_1525774196064{margin-top: 10px !important;}&#8221;]<\/p>\n<p style=\"text-align: center\">ISPOSWP | Hosteler\u00eda<\/p>\n<p>[\/vc_column_text][\/vc_column][vc_column width=&#8221;1\/4&#8243;][vc_single_image image=&#8221;2778&#8243; img_size=&#8221;&#8221; alignment=&#8221;center&#8221; onclick=&#8221;custom_link&#8221; img_link_target=&#8221;_blank&#8221; css_animation=&#8221;none&#8221; link=&#8221;https:\/\/www.icg.es\/downloads\/informacion-corporativa\/productos\/ISPOS-WP-Retail.zip&#8221;][vc_column_text css=&#8221;.vc_custom_1525774210152{margin-top: 10px !important;}&#8221;]<\/p>\n<p style=\"text-align: center\">ISPOSWP | Retail<\/p>\n<p>[\/vc_column_text][\/vc_column][vc_column width=&#8221;1\/4&#8243;][vc_single_image image=&#8221;2770&#8243; img_size=&#8221;&#8221; alignment=&#8221;center&#8221; onclick=&#8221;custom_link&#8221; img_link_target=&#8221;_blank&#8221; css_animation=&#8221;none&#8221; link=&#8221;https:\/\/www.icg.es\/downloads\/informacion-corporativa\/productos\/Impresora-Frontal.zip&#8221;][vc_column_text css=&#8221;.vc_custom_1525777344921{margin-top: 10px !important;}&#8221;]<\/p>\n<p style=\"text-align: center\">ICG Frontal Printer<\/p>\n<p>[\/vc_column_text][\/vc_column][vc_column width=&#8221;1\/4&#8243;][vc_single_image image=&#8221;2771&#8243; img_size=&#8221;&#8221; alignment=&#8221;center&#8221; onclick=&#8221;custom_link&#8221; img_link_target=&#8221;_blank&#8221; css_animation=&#8221;none&#8221; link=&#8221;https:\/\/www.icg.es\/downloads\/informacion-corporativa\/productos\/ImpresoraICG.zip&#8221;][vc_column_text css=&#8221;.vc_custom_1556030242206{margin-top: 10px !important;}&#8221;]<\/p>\n<p style=\"text-align: center\">TM ICG Printer<\/p>\n<p>[\/vc_column_text][\/vc_column][\/vc_row][vc_row el_class=&#8221;.icg_row_1100&#8243; css=&#8221;.vc_custom_1513093252878{margin-top: 2.5vw !important;margin-bottom: 2.5vw !important;}&#8221;][vc_column width=&#8221;1\/4&#8243;][vc_single_image image=&#8221;3806&#8243; img_size=&#8221;&#8221; alignment=&#8221;center&#8221; onclick=&#8221;custom_link&#8221; img_link_target=&#8221;_blank&#8221; css_animation=&#8221;none&#8221; link=&#8221;https:\/\/www.icg.es\/downloads\/informacion-corporativa\/productos\/ICGPrinter.zip&#8221;][vc_column_text css=&#8221;.vc_custom_1556030269908{margin-top: 10px !important;}&#8221;]<\/p>\n<p style=\"text-align: center\">ICG Printer<\/p>\n<p>[\/vc_column_text][\/vc_column][vc_column width=&#8221;1\/4&#8243;][vc_single_image image=&#8221;3807&#8243; img_size=&#8221;&#8221; alignment=&#8221;center&#8221; onclick=&#8221;custom_link&#8221; img_link_target=&#8221;_blank&#8221; css_animation=&#8221;none&#8221; link=&#8221;https:\/\/www.icg.es\/downloads\/informacion-corporativa\/productos\/ICGPrinter_2.zip&#8221;][vc_column_text css=&#8221;.vc_custom_1556030277980{margin-top: 10px !important;}&#8221;]<\/p>\n<p style=\"text-align: center\">ICG Printer<\/p>\n<p>[\/vc_column_text][\/vc_column][vc_column width=&#8221;1\/4&#8243;][vc_single_image image=&#8221;3808&#8243; img_size=&#8221;&#8221; alignment=&#8221;center&#8221; onclick=&#8221;custom_link&#8221; img_link_target=&#8221;_blank&#8221; css_animation=&#8221;none&#8221; link=&#8221;https:\/\/www.icg.es\/downloads\/informacion-corporativa\/productos\/ICGPrinter_T.zip&#8221;][vc_column_text css=&#8221;.vc_custom_1556030285660{margin-top: 10px !important;}&#8221;]<\/p>\n<p style=\"text-align: center\">ICG Printer<\/p>\n<p>[\/vc_column_text][\/vc_column][vc_column width=&#8221;1\/4&#8243;][vc_single_image image=&#8221;2781&#8243; img_size=&#8221;&#8221; alignment=&#8221;center&#8221; onclick=&#8221;custom_link&#8221; img_link_target=&#8221;_blank&#8221; css_animation=&#8221;none&#8221; link=&#8221;https:\/\/www.icg.es\/downloads\/informacion-corporativa\/productos\/Cajon-portamonedas.zip&#8221;][vc_column_text css=&#8221;.vc_custom_1525777614222{margin-top: 10px !important;}&#8221;]<\/p>\n<p style=\"text-align: center\">Cash Drawer<\/p>\n<p>[\/vc_column_text][\/vc_column][\/vc_row][vc_row el_class=&#8221;.icg_row_1100&#8243; css=&#8221;.vc_custom_1513093252878{margin-top: 2.5vw !important;margin-bottom: 2.5vw !important;}&#8221;][vc_column width=&#8221;1\/4&#8243;][vc_single_image image=&#8221;2784&#8243; img_size=&#8221;&#8221; alignment=&#8221;center&#8221; onclick=&#8221;custom_link&#8221; img_link_target=&#8221;_blank&#8221; css_animation=&#8221;none&#8221; link=&#8221;https:\/\/www.icg.es\/downloads\/informacion-corporativa\/productos\/FlatPOS-II.zip&#8221;][vc_column_text css=&#8221;.vc_custom_1525777368320{margin-top: 10px !important;}&#8221;]<\/p>\n<p style=\"text-align: center\">FlatPOS II | Hospitality<\/p>\n<p>[\/vc_column_text][\/vc_column][vc_column width=&#8221;1\/4&#8243;][vc_single_image image=&#8221;2783&#8243; img_size=&#8221;&#8221; alignment=&#8221;center&#8221; onclick=&#8221;custom_link&#8221; img_link_target=&#8221;_blank&#8221; css_animation=&#8221;none&#8221; link=&#8221;https:\/\/www.icg.es\/downloads\/informacion-corporativa\/productos\/FlatPOS-II-Visor.zip&#8221;][vc_column_text css=&#8221;.vc_custom_1525777418581{margin-top: 10px !important;}&#8221;]<\/p>\n<p style=\"text-align: center\">FlatPOS II | Customer Display<\/p>\n<p>[\/vc_column_text][\/vc_column][vc_column width=&#8221;1\/4&#8243;][vc_single_image image=&#8221;2782&#8243; img_size=&#8221;&#8221; alignment=&#8221;center&#8221; onclick=&#8221;custom_link&#8221; img_link_target=&#8221;_blank&#8221; css_animation=&#8221;none&#8221; link=&#8221;https:\/\/www.icg.es\/downloads\/informacion-corporativa\/productos\/FlatPOS-II-2a-Pantalla.zip&#8221;][vc_column_text css=&#8221;.vc_custom_1525777431491{margin-top: 10px !important;}&#8221;]<\/p>\n<p style=\"text-align: center\">FlatPOS II | Second Screen<\/p>\n<p>[\/vc_column_text][\/vc_column][vc_column width=&#8221;1\/4&#8243;][\/vc_column][\/vc_row]<\/p>\n<\/section>","protected":false},"excerpt":{"rendered":"<p>[vc_row][vc_column][vc_empty_space height=&#8221;50px&#8221;][vc_column_text] Corporate Information\u00a0 |\u00a0 Products [\/vc_column_text][\/vc_column][\/vc_row][vc_row el_class=&#8221;.icg_row_1100&#8243; css=&#8221;.vc_custom_1513093252878{margin-top: 2.5vw !important;margin-bottom: 2.5vw !important;}&#8221;][vc_column width=&#8221;1\/4&#8243;][vc_single_image image=&#8221;2760&#8243; img_size=&#8221;&#8221; alignment=&#8221;center&#8221; onclick=&#8221;custom_link&#8221; img_link_target=&#8221;_blank&#8221; css_animation=&#8221;none&#8221; link=&#8221;https:\/\/www.icg.es\/downloads\/informacion-corporativa\/productos\/BeatlePos-II-Hosteleria.zip&#8221;][vc_column_text css=&#8221;.vc_custom_1525777282044{margin-top: 10px !important;}&#8221;] BeatlePOS II | Hospitality [\/vc_column_text][\/vc_column][vc_column width=&#8221;1\/4&#8243;][vc_single_image image=&#8221;2761&#8243; img_size=&#8221;&#8221; alignment=&#8221;center&#8221; onclick=&#8221;custom_link&#8221; img_link_target=&#8221;_blank&#8221; css_animation=&#8221;none&#8221; link=&#8221;https:\/\/www.icg.es\/downloads\/informacion-corporativa\/productos\/BeatlePos-II-Retail.zip&#8221;][vc_column_text css=&#8221;.vc_custom_1525771427077{margin-top: 10px !important;}&#8221;] BeatlePOS II | Retail [\/vc_column_text][\/vc_column][vc_column&#8230;<\/p>\n","protected":false},"author":7,"featured_media":0,"parent":2627,"menu_order":10,"comment_status":"closed","ping_status":"closed","template":"","meta":{"footnotes":""},"categories":[],"tags":[],"class_list":["post-2752","page","type-page","status-publish","hentry"],"yoast_head":"<!-- This site is optimized with the Yoast SEO plugin v25.1 - https:\/\/yoast.com\/wordpress\/plugins\/seo\/ -->\n<title>ICG Software - Hosteler\u00eda | Hoteles | Retail | Gesti\u00f3n empresarial - Products<\/title>\n<meta name=\"description\" content=\"Fabricamos soluciones para la hosteler\u00eda, hotel y retail, desde el software Punto de Venta hasta la gesti\u00f3n centralizada de cadenas y franquicias\" \/>\n<meta name=\"robots\" content=\"index, follow, max-snippet:-1, max-image-preview:large, max-video-preview:-1\" \/>\n<link rel=\"canonical\" href=\"https:\/\/www.icg.es\/en\/graphic-material\/products\/\" \/>\n<meta property=\"og:locale\" content=\"en_US\" \/>\n<meta property=\"og:type\" content=\"article\" \/>\n<meta property=\"og:title\" content=\"ICG Software - Hosteler\u00eda | Hoteles | Retail | Gesti\u00f3n empresarial - Products\" \/>\n<meta property=\"og:description\" content=\"Fabricamos soluciones para la hosteler\u00eda, hotel y retail, desde el software Punto de Venta hasta la gesti\u00f3n centralizada de cadenas y franquicias\" \/>\n<meta property=\"og:url\" content=\"https:\/\/www.icg.es\/en\/graphic-material\/products\/\" \/>\n<meta property=\"og:site_name\" content=\"ICG Software\" \/>\n<meta property=\"article:publisher\" content=\"https:\/\/www.facebook.com\/GrupoICGSoftware\" \/>\n<meta property=\"article:modified_time\" content=\"2019-04-23T14:39:08+00:00\" \/>\n<meta name=\"twitter:card\" content=\"summary_large_image\" \/>\n<meta name=\"twitter:site\" content=\"@icgsoftwaregrup\" \/>\n<meta name=\"twitter:label1\" content=\"Est. reading time\" \/>\n\t<meta name=\"twitter:data1\" content=\"6 minutes\" \/>\n<script type=\"application\/ld+json\" class=\"yoast-schema-graph\">{\"@context\":\"https:\/\/schema.org\",\"@graph\":[{\"@type\":\"WebPage\",\"@id\":\"https:\/\/www.icg.es\/en\/graphic-material\/products\/\",\"url\":\"https:\/\/www.icg.es\/en\/graphic-material\/products\/\",\"name\":\"ICG Software - Hosteler\u00eda | Hoteles | Retail | Gesti\u00f3n empresarial - Products\",\"isPartOf\":{\"@id\":\"https:\/\/www.icg.es\/en\/#website\"},\"datePublished\":\"2018-05-08T11:06:57+00:00\",\"dateModified\":\"2019-04-23T14:39:08+00:00\",\"description\":\"Fabricamos soluciones para la hosteler\u00eda, hotel y retail, desde el software Punto de Venta hasta la gesti\u00f3n centralizada de cadenas y franquicias\",\"breadcrumb\":{\"@id\":\"https:\/\/www.icg.es\/en\/graphic-material\/products\/#breadcrumb\"},\"inLanguage\":\"en-US\",\"potentialAction\":[{\"@type\":\"ReadAction\",\"target\":[\"https:\/\/www.icg.es\/en\/graphic-material\/products\/\"]}]},{\"@type\":\"BreadcrumbList\",\"@id\":\"https:\/\/www.icg.es\/en\/graphic-material\/products\/#breadcrumb\",\"itemListElement\":[{\"@type\":\"ListItem\",\"position\":1,\"name\":\"Home\",\"item\":\"https:\/\/www.icg.es\/en\/\"},{\"@type\":\"ListItem\",\"position\":2,\"name\":\"Graphic Material\",\"item\":\"https:\/\/www.icg.es\/en\/graphic-material\/\"},{\"@type\":\"ListItem\",\"position\":3,\"name\":\"Products\"}]},{\"@type\":\"WebSite\",\"@id\":\"https:\/\/www.icg.es\/en\/#website\",\"url\":\"https:\/\/www.icg.es\/en\/\",\"name\":\"ICG Software\",\"description\":\"Hosteler\u00eda | Hoteles | Retail | Gesti\u00f3n empresarial\",\"publisher\":{\"@id\":\"https:\/\/www.icg.es\/en\/#organization\"},\"potentialAction\":[{\"@type\":\"SearchAction\",\"target\":{\"@type\":\"EntryPoint\",\"urlTemplate\":\"https:\/\/www.icg.es\/en\/?s={search_term_string}\"},\"query-input\":{\"@type\":\"PropertyValueSpecification\",\"valueRequired\":true,\"valueName\":\"search_term_string\"}}],\"inLanguage\":\"en-US\"},{\"@type\":\"Organization\",\"@id\":\"https:\/\/www.icg.es\/en\/#organization\",\"name\":\"ICG Software\",\"url\":\"https:\/\/www.icg.es\/en\/\",\"logo\":{\"@type\":\"ImageObject\",\"inLanguage\":\"en-US\",\"@id\":\"https:\/\/www.icg.es\/en\/#\/schema\/logo\/image\/\",\"url\":\"https:\/\/www.icg.es\/wp-content\/uploads\/2020\/01\/Logo-ICG-Software-200x200.png\",\"contentUrl\":\"https:\/\/www.icg.es\/wp-content\/uploads\/2020\/01\/Logo-ICG-Software-200x200.png\",\"width\":200,\"height\":200,\"caption\":\"ICG Software\"},\"image\":{\"@id\":\"https:\/\/www.icg.es\/en\/#\/schema\/logo\/image\/\"},\"sameAs\":[\"https:\/\/www.facebook.com\/GrupoICGSoftware\",\"https:\/\/x.com\/icgsoftwaregrup\",\"https:\/\/es.linkedin.com\/company\/icggroup\",\"https:\/\/es.wikipedia.org\/wiki\/ICG_Software\"]}]}<\/script>\n<!-- \/ Yoast SEO plugin. -->","yoast_head_json":{"title":"ICG Software - Hosteler\u00eda | Hoteles | Retail | Gesti\u00f3n empresarial - Products","description":"Fabricamos soluciones para la hosteler\u00eda, hotel y retail, desde el software Punto de Venta hasta la gesti\u00f3n centralizada de cadenas y franquicias","robots":{"index":"index","follow":"follow","max-snippet":"max-snippet:-1","max-image-preview":"max-image-preview:large","max-video-preview":"max-video-preview:-1"},"canonical":"https:\/\/www.icg.es\/en\/graphic-material\/products\/","og_locale":"en_US","og_type":"article","og_title":"ICG Software - Hosteler\u00eda | Hoteles | Retail | Gesti\u00f3n empresarial - Products","og_description":"Fabricamos soluciones para la hosteler\u00eda, hotel y retail, desde el software Punto de Venta hasta la gesti\u00f3n centralizada de cadenas y franquicias","og_url":"https:\/\/www.icg.es\/en\/graphic-material\/products\/","og_site_name":"ICG Software","article_publisher":"https:\/\/www.facebook.com\/GrupoICGSoftware","article_modified_time":"2019-04-23T14:39:08+00:00","twitter_card":"summary_large_image","twitter_site":"@icgsoftwaregrup","twitter_misc":{"Est. reading time":"6 minutes"},"schema":{"@context":"https:\/\/schema.org","@graph":[{"@type":"WebPage","@id":"https:\/\/www.icg.es\/en\/graphic-material\/products\/","url":"https:\/\/www.icg.es\/en\/graphic-material\/products\/","name":"ICG Software - Hosteler\u00eda | Hoteles | Retail | Gesti\u00f3n empresarial - Products","isPartOf":{"@id":"https:\/\/www.icg.es\/en\/#website"},"datePublished":"2018-05-08T11:06:57+00:00","dateModified":"2019-04-23T14:39:08+00:00","description":"Fabricamos soluciones para la hosteler\u00eda, hotel y retail, desde el software Punto de Venta hasta la gesti\u00f3n centralizada de cadenas y franquicias","breadcrumb":{"@id":"https:\/\/www.icg.es\/en\/graphic-material\/products\/#breadcrumb"},"inLanguage":"en-US","potentialAction":[{"@type":"ReadAction","target":["https:\/\/www.icg.es\/en\/graphic-material\/products\/"]}]},{"@type":"BreadcrumbList","@id":"https:\/\/www.icg.es\/en\/graphic-material\/products\/#breadcrumb","itemListElement":[{"@type":"ListItem","position":1,"name":"Home","item":"https:\/\/www.icg.es\/en\/"},{"@type":"ListItem","position":2,"name":"Graphic Material","item":"https:\/\/www.icg.es\/en\/graphic-material\/"},{"@type":"ListItem","position":3,"name":"Products"}]},{"@type":"WebSite","@id":"https:\/\/www.icg.es\/en\/#website","url":"https:\/\/www.icg.es\/en\/","name":"ICG Software","description":"Hosteler\u00eda | Hoteles | Retail | Gesti\u00f3n empresarial","publisher":{"@id":"https:\/\/www.icg.es\/en\/#organization"},"potentialAction":[{"@type":"SearchAction","target":{"@type":"EntryPoint","urlTemplate":"https:\/\/www.icg.es\/en\/?s={search_term_string}"},"query-input":{"@type":"PropertyValueSpecification","valueRequired":true,"valueName":"search_term_string"}}],"inLanguage":"en-US"},{"@type":"Organization","@id":"https:\/\/www.icg.es\/en\/#organization","name":"ICG Software","url":"https:\/\/www.icg.es\/en\/","logo":{"@type":"ImageObject","inLanguage":"en-US","@id":"https:\/\/www.icg.es\/en\/#\/schema\/logo\/image\/","url":"https:\/\/www.icg.es\/wp-content\/uploads\/2020\/01\/Logo-ICG-Software-200x200.png","contentUrl":"https:\/\/www.icg.es\/wp-content\/uploads\/2020\/01\/Logo-ICG-Software-200x200.png","width":200,"height":200,"caption":"ICG Software"},"image":{"@id":"https:\/\/www.icg.es\/en\/#\/schema\/logo\/image\/"},"sameAs":["https:\/\/www.facebook.com\/GrupoICGSoftware","https:\/\/x.com\/icgsoftwaregrup","https:\/\/es.linkedin.com\/company\/icggroup","https:\/\/es.wikipedia.org\/wiki\/ICG_Software"]}]}},"_links":{"self":[{"href":"https:\/\/www.icg.es\/en\/wp-json\/wp\/v2\/pages\/2752","targetHints":{"allow":["GET"]}}],"collection":[{"href":"https:\/\/www.icg.es\/en\/wp-json\/wp\/v2\/pages"}],"about":[{"href":"https:\/\/www.icg.es\/en\/wp-json\/wp\/v2\/types\/page"}],"author":[{"embeddable":true,"href":"https:\/\/www.icg.es\/en\/wp-json\/wp\/v2\/users\/7"}],"replies":[{"embeddable":true,"href":"https:\/\/www.icg.es\/en\/wp-json\/wp\/v2\/comments?post=2752"}],"version-history":[{"count":0,"href":"https:\/\/www.icg.es\/en\/wp-json\/wp\/v2\/pages\/2752\/revisions"}],"up":[{"embeddable":true,"href":"https:\/\/www.icg.es\/en\/wp-json\/wp\/v2\/pages\/2627"}],"wp:attachment":[{"href":"https:\/\/www.icg.es\/en\/wp-json\/wp\/v2\/media?parent=2752"}],"wp:term":[{"taxonomy":"category","embeddable":true,"href":"https:\/\/www.icg.es\/en\/wp-json\/wp\/v2\/categories?post=2752"},{"taxonomy":"post_tag","embeddable":true,"href":"https:\/\/www.icg.es\/en\/wp-json\/wp\/v2\/tags?post=2752"}],"curies":[{"name":"wp","href":"https:\/\/api.w.org\/{rel}","templated":true}]}}